{"id":2375,"date":"2016-08-03T21:57:23","date_gmt":"2016-08-03T21:57:23","guid":{"rendered":"http:\/\/dustlessblasting.sk\/skoliace-videa\/"},"modified":"2019-10-11T17:07:03","modified_gmt":"2019-10-11T17:07:03","slug":"skolici-videa","status":"publish","type":"page","link":"https:\/\/dustlessblasting.sk\/cs\/videa\/skolici-videa\/","title":{"rendered":"\u0160kolic\u00ed videa"},"content":{"rendered":"<\/div><\/div><\/div><!-- close content main div --><\/div><\/div><div id='subpage-header' class='avia-section main_color avia-section-small avia-no-shadow avia-bg-style-scroll  av-minimum-height av-minimum-height-custom container_wrap fullsize' style = 'background-repeat: no-repeat; background-image: url(https:\/\/dustlessblasting.sk\/dstlssblstng17\/wp-content\/uploads\/subpage-background.jpg); background-attachment: scroll; background-position: top left; ' data-section-bg-repeat='no-repeat' ><div class='container' style='height:293px'><div class='template-page content  av-content-full alpha units'><div class='post-entry post-entry-type-page post-entry-2375'><div class='entry-content-wrapper clearfix'>\n<div style='padding-bottom:10px;color:#ffffff;' class='av-special-heading av-special-heading-h1 custom-color-heading blockquote modern-quote modern-centered '><h1 class='av-special-heading-tag'  itemprop=\"headline\"  >\u0160kolic\u00ed videa<\/h1><div class='special-heading-border'><div class='special-heading-inner-border' style='border-color:#ffffff'><\/div><\/div><\/div>\n<div class=\"flex_column av_one_third  flex_column_div av-zero-column-padding first  \" style='margin-top:0px; margin-bottom:32px; border-radius:0px; '><p><div class='avia-image-container  av-styling-   avia-align-center '  itemscope=\"itemscope\" itemtype=\"https:\/\/schema.org\/ImageObject\"  ><div class='avia-image-container-inner'><a href='https:\/\/www.youtube.com\/watch?v=Fc_wfu-0McU' class='avia_image'  ><img class='avia_image ' src='https:\/\/dustlessblasting.sk\/dstlssblstng17\/wp-content\/uploads\/Training-1-300x181.png' alt='' title='Training-1'  itemprop=\"contentURL\"  \/><\/a><\/div><\/div><br \/>\n<div style='padding-bottom:0px;' class='av-special-heading av-special-heading-h3  blockquote modern-quote '><h3 class='av-special-heading-tag'  itemprop=\"headline\"  >Nov\u00e9 za\u0159\u00edzen\u00ed DB500 Mobile<\/h3><div class='special-heading-border'><div class='special-heading-inner-border' ><\/div><\/div><\/div><br \/>\n<section class=\"av_textblock_section\"  itemscope=\"itemscope\" itemtype=\"https:\/\/schema.org\/CreativeWork\" ><div class='avia_textblock '   itemprop=\"text\" ><p>N\u00e1\u0161 nov\u00fd mobiln\u00ed stroj DB500 Mobile je vynikaj\u00edc\u00ed volbou pro ka\u017ed\u00e9ho, kdo by cht\u011bl m\u00edt mo\u017enost j\u00edt kamkoli a prov\u00e9st t\u00e9m\u011b\u0159 jakoukoliv pr\u00e1ci. Toto video uk\u00e1\u017ee n\u011bkolik slu\u017eeb jako i to, jak p\u0159esn\u011b t\u0159eba tento stroj pou\u017e\u00edvat.<\/p>\n<\/div><\/section><\/p><\/div><\/p>\n<div class=\"flex_column av_one_third  flex_column_div av-zero-column-padding   \" style='margin-top:0px; margin-bottom:32px; border-radius:0px; '><p><div class='avia-image-container  av-styling-   avia-align-center '  itemscope=\"itemscope\" itemtype=\"https:\/\/schema.org\/ImageObject\"  ><div class='avia-image-container-inner'><a href='https:\/\/www.youtube.com\/watch?v=-53GGpgtK0s' class='avia_image'  ><img class='avia_image ' src='https:\/\/dustlessblasting.sk\/dstlssblstng17\/wp-content\/uploads\/Training-2-300x181.png' alt='' title='Training-2'  itemprop=\"contentURL\"  \/><\/a><\/div><\/div><br \/>\n<div style='padding-bottom:0px;' class='av-special-heading av-special-heading-h3  blockquote modern-quote '><h3 class='av-special-heading-tag'  itemprop=\"headline\"  >Doporu\u010den\u00e9 tryskac\u00ed prost\u0159edky Dustless Blasting bezpra\u0161n\u00e9ho tryskac\u00edho stroje<\/h3><div class='special-heading-border'><div class='special-heading-inner-border' ><\/div><\/div><\/div><br \/>\n<section class=\"av_textblock_section\"  itemscope=\"itemscope\" itemtype=\"https:\/\/schema.org\/CreativeWork\" ><div class='avia_textblock '   itemprop=\"text\" ><p>K Dustless Blasting bezpra\u0161n\u00e9mu tryskac\u00edmu stroji si m\u016f\u017eete zvolit r\u016fzn\u00e9 tryskac\u00ed prost\u0159edky. M\u016f\u017eete si zvolit \u010d\u00e1stice z recyklovan\u00fdch sklen\u011bn\u00fdch lahv\u00ed, p\u00edsek, gran\u00e1tov\u00fd p\u00edsek, trosky, sklen\u011bn\u00e9 perly a t\u00e9m\u011b\u0159 jak\u00fdkoli jin\u00fd tryskac\u00ed prost\u0159edek, kter\u00fd je ve vod\u011b pono\u0159iteln\u00fd. Av\u0161ak z d\u016fvodu zaji\u0161t\u011bn\u00ed optim\u00e1ln\u00edho v\u00fdkonu je velmi d\u016fle\u017eit\u00e1 kvalita tryskac\u00edho prost\u0159edku. Toto video ukazuje, jak t\u0159eba zvolit dobr\u00fd tryskac\u00ed prost\u0159edek.<\/p>\n<\/div><\/section><\/p><\/div>\n<div class=\"flex_column av_one_third  flex_column_div av-zero-column-padding   \" style='margin-top:0px; margin-bottom:32px; border-radius:0px; '><p><div class='avia-image-container  av-styling-   avia-align-center '  itemscope=\"itemscope\" itemtype=\"https:\/\/schema.org\/ImageObject\"  ><div class='avia-image-container-inner'><a href='https:\/\/www.youtube.com\/watch?v=ysRvnvHp888' class='avia_image'  ><img class='avia_image ' src='https:\/\/dustlessblasting.sk\/dstlssblstng17\/wp-content\/uploads\/Training-3-300x181.png' alt='' title='Training-3'  itemprop=\"contentURL\"  \/><\/a><\/div><\/div><br \/>\n<div style='padding-bottom:0px;' class='av-special-heading av-special-heading-h3  blockquote modern-quote  '><h3 class='av-special-heading-tag'  itemprop=\"headline\"  >\u0160kolen\u00ed: Trysk\u00e1n\u00ed rozli\u010dn\u00fdch povrch\u016f<\/h3><div class='special-heading-border'><div class='special-heading-inner-border' ><\/div><\/div><\/div><br \/>\n<section class=\"av_textblock_section\"  itemscope=\"itemscope\" itemtype=\"https:\/\/schema.org\/CreativeWork\" ><div class='avia_textblock '   itemprop=\"text\" ><p>Rychl\u00fd \u00favod do problematiky vzd\u00e1lenosti a tlaku, kter\u00e9 mus\u00edte v p\u0159\u00edpad\u011b nej\u010dast\u011bj\u0161\u00edch tryskan\u00fdch materi\u00e1l\u016f aplikovat.<\/p>\n<\/div><\/section><\/p><\/div>\n<div class=\"flex_column av_one_third  flex_column_div av-zero-column-padding first  \" style='margin-top:0px; margin-bottom:32px; border-radius:0px; '><p><div class='avia-image-container  av-styling-   avia-align-center '  itemscope=\"itemscope\" itemtype=\"https:\/\/schema.org\/ImageObject\"  ><div class='avia-image-container-inner'><a href='https:\/\/www.youtube.com\/watch?v=ssw9ZGulj1Y' class='avia_image'  ><img class='avia_image ' src='https:\/\/dustlessblasting.sk\/dstlssblstng17\/wp-content\/uploads\/Training-4-300x181.png' alt='' title='Training-4'  itemprop=\"contentURL\"  \/><\/a><\/div><\/div><br \/>\n<div style='padding-bottom:0px;' class='av-special-heading av-special-heading-h3  blockquote modern-quote '><h3 class='av-special-heading-tag'  itemprop=\"headline\"  >\u0160kolen\u00ed na\u0161eho nov\u00e9ho stroje DB1500<\/h3><div class='special-heading-border'><div class='special-heading-inner-border' ><\/div><\/div><\/div><br \/>\n<section class=\"av_textblock_section\"  itemscope=\"itemscope\" itemtype=\"https:\/\/schema.org\/CreativeWork\" ><div class='avia_textblock '   itemprop=\"text\" ><p>N\u00e1\u0161 nov\u00fd stroj DB1500 v\u00e1m zajist\u00ed cca. 3 hodinov\u00e9 nep\u0159etr\u017eit\u00e9 trysk\u00e1n\u00ed. Je plniteln\u00fd syp\u00e1n\u00edm ze super pytl\u016f, a je to skute\u010dn\u00fd \u0161\u00e9f. Ide\u00e1ln\u00ed pro pr\u016fmyslov\u00e9 aplikace a lod\u011bnice. Toto video v\u00e1m uk\u00e1\u017ee, jak ho t\u0159eba pou\u017e\u00edvat a jak\u00fd v\u00fdkon m\u016f\u017eete od tohoto stroje o\u010dek\u00e1vat.<\/p>\n<\/div><\/section><\/p><\/div>\n<div class=\"flex_column av_one_third  flex_column_div av-zero-column-padding   \" style='margin-top:0px; margin-bottom:32px; border-radius:0px; '><p><div class='avia-image-container  av-styling-   avia-align-center '  itemscope=\"itemscope\" itemtype=\"https:\/\/schema.org\/ImageObject\"  ><div class='avia-image-container-inner'><a href='https:\/\/www.youtube.com\/watch?v=BNfAb_o73n4' class='avia_image'  ><img class='avia_image ' src='https:\/\/dustlessblasting.sk\/dstlssblstng17\/wp-content\/uploads\/Training-5-300x181.png' alt='' title='Training-5'  itemprop=\"contentURL\"  \/><\/a><\/div><\/div><br \/>\n<div style='padding-bottom:0px;' class='av-special-heading av-special-heading-h3  blockquote modern-quote '><h3 class='av-special-heading-tag'  itemprop=\"headline\"  >\u0160kolen\u00ed DB225<\/h3><div class='special-heading-border'><div class='special-heading-inner-border' ><\/div><\/div><\/div><br \/>\n<section class=\"av_textblock_section\"  itemscope=\"itemscope\" itemtype=\"https:\/\/schema.org\/CreativeWork\" ><div class='avia_textblock '   itemprop=\"text\" ><p>Dustless Blaster bezpra\u0161n\u00e9 trysk\u00e1n\u00ed pom\u016f\u017ee p\u0159ipravit povrchy tak, aby s n\u00edm profesion\u00e1lov\u00e9 mohli vyd\u011bl\u00e1vat rychleji ne\u017e kdykoliv p\u0159edt\u00edm. DB150 je n\u00e1\u0161 nejmen\u0161\u00ed stroj. Stal se velmi popul\u00e1rn\u00edm mezi restaur\u00e1to\u0159i a karos\u00e1\u0159i. N\u00e1\u0161 dal\u0161\u00ed stroj je DB500, ale cenov\u011b p\u0159edstavuje velk\u00fd skok oproti DB150. Rozhodli jsme, \u017ee zhotov\u00edme model DB225 pro lidi, kte\u0159\u00ed cht\u011bj\u00ed trochu del\u0161\u00ed dobu trysk\u00e1n\u00ed, ale nemaj\u00ed dostatek financ\u00ed na n\u00e1kup DB500. Toto video uk\u00e1\u017ee, jak snadn\u00e9 je pou\u017e\u00edvat tento stroj a co se od n\u011bj m\u016f\u017ee o\u010dek\u00e1vat.<\/p>\n<\/div><\/section><\/p><\/div>\n<div class=\"flex_column av_one_third  flex_column_div av-zero-column-padding   \" style='margin-top:0px; margin-bottom:32px; border-radius:0px; '><p><div class='avia-image-container  av-styling-   avia-align-center '  itemscope=\"itemscope\" itemtype=\"https:\/\/schema.org\/ImageObject\"  ><div class='avia-image-container-inner'><a href='https:\/\/www.youtube.com\/watch?v=Y22VrYhRq6Y' class='avia_image'  ><img class='avia_image ' src='https:\/\/dustlessblasting.sk\/dstlssblstng17\/wp-content\/uploads\/Training-6-300x181.png' alt='' title='Training-6'  itemprop=\"contentURL\"  \/><\/a><\/div><\/div><br \/>\n<div style='padding-bottom:0px;' class='av-special-heading av-special-heading-h3  blockquote modern-quote '><h3 class='av-special-heading-tag'  itemprop=\"headline\"  >\u0160kolen\u00ed nov\u00e9ho 2013-v\u00e9ho DB500 Mobile<\/h3><div class='special-heading-border'><div class='special-heading-inner-border' ><\/div><\/div><\/div><br \/>\n<section class=\"av_textblock_section\"  itemscope=\"itemscope\" itemtype=\"https:\/\/schema.org\/CreativeWork\" ><div class='avia_textblock '   itemprop=\"text\" ><p>Modifikovali jsme n\u00e1\u0161 stroj 185 CFM DB500 Mobile a doplnili jsme n\u011bkolik u\u017eite\u010dn\u00fdch slu\u017eeb. Pro\u0161li jsme na \u0161t\u00edhlej\u0161\u00ed, leh\u010d\u00ed Doosan kompresor, kter\u00fd je poh\u00e1n\u011bn dieselov\u00fdm motorem Kubota se silou 49 kon\u00ed. P\u0159idali jsme vodn\u00ed n\u00e1dr\u017e a super rychl\u00e9 vodn\u00ed \u010derpadlo, tak\u017ee nyn\u00ed m\u016f\u017eete p\u0159idat 102 HoldTight do vodn\u00ed n\u00e1dr\u017ee a nemus\u00edte vym\u011b\u0159ovat a dopl\u0148ovat do stroje poka\u017ed\u00e9, kdy\u017e ho znovu napl\u0148ujete. Toto video v\u00e1m uk\u00e1\u017ee, jak pou\u017e\u00edvat tento vylep\u0161en\u00fd stroj.<\/p>\n<\/div><\/section><\/p><\/div>\n<div class=\"flex_column av_one_third  flex_column_div av-zero-column-padding first  \" style='margin-top:0px; margin-bottom:32px; border-radius:0px; '><p><div class='avia-image-container  av-styling-   avia-align-center '  itemscope=\"itemscope\" itemtype=\"https:\/\/schema.org\/ImageObject\"  ><div class='avia-image-container-inner'><a href='https:\/\/www.youtube.com\/watch?v=T5mUIwYnC5o' class='avia_image'  ><img class='avia_image ' src='https:\/\/dustlessblasting.sk\/dstlssblstng17\/wp-content\/uploads\/Training-7-300x181.png' alt='' title='Training-7'  itemprop=\"contentURL\"  \/><\/a><\/div><\/div><br \/>\n<div style='padding-bottom:0px;' class='av-special-heading av-special-heading-h3  blockquote modern-quote '><h3 class='av-special-heading-tag'  itemprop=\"headline\"  >Nastaven\u00ed a provozov\u00e1n\u00ed DB500 Mobile<\/h3><div class='special-heading-border'><div class='special-heading-inner-border' ><\/div><\/div><\/div><br \/>\n<section class=\"av_textblock_section\"  itemscope=\"itemscope\" itemtype=\"https:\/\/schema.org\/CreativeWork\" ><div class='avia_textblock '   itemprop=\"text\" ><p>DB500 Mobile je skute\u010dn\u00fd stroj pro podnikatele. Nejprve se mus\u00edte nau\u010dit, jak ho pou\u017e\u00edvat. Toto video v\u00e1m uk\u00e1\u017ee, jak nastavit a provozovat nov\u00fd stroj DB500 Mobile, a poskytne tak\u00e9 u\u017eite\u010dn\u00e9 rady.<\/p>\n<\/div><\/section><\/p><\/div>\n<div class=\"flex_column av_one_third  flex_column_div av-zero-column-padding   \" style='margin-top:0px; margin-bottom:32px; border-radius:0px; '><p><div class='avia-image-container  av-styling-   avia-align-center '  itemscope=\"itemscope\" itemtype=\"https:\/\/schema.org\/ImageObject\"  ><div class='avia-image-container-inner'><a href='https:\/\/www.youtube.com\/watch?v=v5wKuj4nXg4' class='avia_image'  ><img class='avia_image ' src='https:\/\/dustlessblasting.sk\/dstlssblstng17\/wp-content\/uploads\/Training-8-300x181.png' alt='' title='Training-8'  itemprop=\"contentURL\"  \/><\/a><\/div><\/div><br \/>\n<div style='padding-bottom:0px;' class='av-special-heading av-special-heading-h3  blockquote modern-quote '><h3 class='av-special-heading-tag'  itemprop=\"headline\"  >Pou\u017eit\u00ed DB150<\/h3><div class='special-heading-border'><div class='special-heading-inner-border' ><\/div><\/div><\/div><br \/>\n<section class=\"av_textblock_section\"  itemscope=\"itemscope\" itemtype=\"https:\/\/schema.org\/CreativeWork\" ><div class='avia_textblock '   itemprop=\"text\" ><p>Toto video vysv\u011btluje spr\u00e1vn\u00e9 nastaven\u00ed a provozov\u00e1n\u00ed DB150 a poskytne v\u00e1m tak\u00e9 dal\u0161\u00ed d\u016fle\u017eit\u00e9 informace.<\/p>\n<\/div><\/section><\/p><\/div>\n<div class=\"flex_column av_one_third  flex_column_div av-zero-column-padding   \" style='margin-top:0px; margin-bottom:32px; border-radius:0px; '><p><div class='avia-image-container  av-styling-   avia-align-center '  itemscope=\"itemscope\" itemtype=\"https:\/\/schema.org\/ImageObject\"  ><div class='avia-image-container-inner'><a href='https:\/\/www.youtube.com\/watch?v=0H-RW1fiWy0' class='avia_image'  ><img class='avia_image ' src='https:\/\/dustlessblasting.sk\/dstlssblstng17\/wp-content\/uploads\/Training-9-300x181.png' alt='' title='Training-9'  itemprop=\"contentURL\"  \/><\/a><\/div><\/div><br \/>\n<div style='padding-bottom:0px;' class='av-special-heading av-special-heading-h3  blockquote modern-quote '><h3 class='av-special-heading-tag'  itemprop=\"headline\"  >Provozov\u00e1n\u00ed DB800<\/h3><div class='special-heading-border'><div class='special-heading-inner-border' ><\/div><\/div><\/div><br \/>\n<section class=\"av_textblock_section\"  itemscope=\"itemscope\" itemtype=\"https:\/\/schema.org\/CreativeWork\" ><div class='avia_textblock '   itemprop=\"text\" ><p>Toto mal\u00e9 \u0161kol\u00edc\u00ed video uk\u00e1\u017ee, jak nastavit a provozovat DB800 Dustless Blaster bezpra\u0161n\u00e9 tryskac\u00ed za\u0159\u00edzen\u00ed.<\/p>\n<\/div><\/section><\/p><\/div>\n<div class=\"flex_column av_one_third  flex_column_div av-zero-column-padding first  \" style='margin-top:0px; margin-bottom:32px; border-radius:0px; '><p><div class='avia-image-container  av-styling-   avia-align-center '  itemscope=\"itemscope\" itemtype=\"https:\/\/schema.org\/ImageObject\"  ><div class='avia-image-container-inner'><a href='https:\/\/www.youtube.com\/watch?v=gOeE4y1yYjE' class='avia_image'  ><img class='avia_image ' src='https:\/\/dustlessblasting.sk\/dstlssblstng17\/wp-content\/uploads\/Training-10-300x181.png' alt='' title='Training-10'  itemprop=\"contentURL\"  \/><\/a><\/div><\/div><br \/>\n<div style='padding-bottom:0px;' class='av-special-heading av-special-heading-h3  blockquote modern-quote '><h3 class='av-special-heading-tag'  itemprop=\"headline\"  >Tipy na odstran\u011bn\u00ed barvy z karoserie pomoc\u00ed Dustless Blaster bezpra\u0161n\u00e9ho tryskac\u00edho stroje<\/h3><div class='special-heading-border'><div class='special-heading-inner-border' ><\/div><\/div><\/div><br \/>\n<section class=\"av_textblock_section\"  itemscope=\"itemscope\" itemtype=\"https:\/\/schema.org\/CreativeWork\" ><div class='avia_textblock '   itemprop=\"text\" ><p>V tomto videu odstran\u00edme barvu z karoserie Fordu z roku 1932 a uk\u00e1\u017eeme, jak potom m\u016f\u017eeme nejjednodu\u0161eji uklidit. \u0158e\u010d bude o \u00fahlu a vzd\u00e1lenosti trysk\u00e1n\u00ed, uk\u00e1\u017eeme opl\u00e1chnut\u00ed chlorid\u016f s inhibitorem koroze HoldTight 102, jak i to, jako bychom cht\u011bli vykovat su\u0161en\u00ed. Jeden restaur\u00e1tor n\u00e1m zaplatil 900 dolar\u016f za proveden\u00ed t\u00e9to pr\u00e1ce. \u0158ekl, \u017ee obvykle tuto pr\u00e1ci vykon\u00e1v\u00e1 s\u00e1m, ale proto\u017ee na karoserii auta bylo tolik AllMetal kitu karos\u00e9rie (je to velmi tvrd\u00fd materi\u00e1l), rozhodl se, \u017ee rad\u011bji za tuto pr\u00e1ci zaplat\u00ed n\u011bkomu jin\u00e9mu. Byla to t\u011b\u017ek\u00e1 pr\u00e1ce, ale i p\u0159esto jsme ji zvl\u00e1dli za m\u00e9n\u011b ne\u017e 2 hodiny trysk\u00e1n\u00ed. Pomoc\u00ed trysk\u00e1n\u00ed jedlou sodou by se mo\u017en\u00e1 nikdy nepoda\u0159ilo odstranit povlak AllMetal. Pou\u017eili jsme stroj DB150 a \u010d\u00e1stice z recyklovan\u00fdch sklen\u011bn\u00fdch lahv\u00ed.<\/p>\n<\/div><\/section><\/p><\/div>\n<div class=\"flex_column av_one_third  flex_column_div av-zero-column-padding   \" style='margin-top:0px; margin-bottom:32px; border-radius:0px; '><p><div class='avia-image-container  av-styling-   avia-align-center '  itemscope=\"itemscope\" itemtype=\"https:\/\/schema.org\/ImageObject\"  ><div class='avia-image-container-inner'><a href='https:\/\/www.youtube.com\/watch?v=HSHL28YigFE' class='avia_image'  ><img class='avia_image ' src='https:\/\/dustlessblasting.sk\/dstlssblstng17\/wp-content\/uploads\/Training-11-300x181.png' alt='' title='Training-11'  itemprop=\"contentURL\"  \/><\/a><\/div><\/div><br \/>\n<div style='padding-bottom:0px;' class='av-special-heading av-special-heading-h3  blockquote modern-quote '><h3 class='av-special-heading-tag'  itemprop=\"headline\"  >\u0160kolen\u00ed bezpra\u0161n\u00e9ho tryskac\u00edho stroje DB800 Mobile<\/h3><div class='special-heading-border'><div class='special-heading-inner-border' ><\/div><\/div><\/div><br \/>\n<section class=\"av_textblock_section\"  itemscope=\"itemscope\" itemtype=\"https:\/\/schema.org\/CreativeWork\" ><div class='avia_textblock '   itemprop=\"text\" ><p>Toto video v\u00e1m uk\u00e1\u017ee, jak t\u0159eba pou\u017e\u00edvat za\u0159\u00edzen\u00ed DB800 Mobile. Na tomto stroji je vodn\u00ed n\u00e1dr\u017e na 200 galon\u016f, vodn\u00ed \u010derpadlo s rychlost\u00ed 30 galon\u016f \/ s a n\u00e1dr\u017e na tryskac\u00ed prost\u0159edky o objemu 8 kubick\u00fdch stop. Na p\u0159\u00edv\u011bsu je je\u0161t\u011b m\u00edsto pro p\u0159epravu tryskac\u00edch prost\u0159edk\u016f nebo jin\u00fdch p\u0159edm\u011bt\u016f. Toto je pak skute\u010dn\u00fd siln\u00fd stroj pro podnikatele. D\u00edky fran\u0161\u00edze m\u00e1te mo\u017enost z\u00edskat fran\u0161\u00edzovou marketingovou podporu, \u0161kolen\u00ed prost\u0159ednictv\u00edm na\u0161eho osv\u011bd\u010den\u00e9ho syst\u00e9mu a n\u00e1stroj\u016f, ani\u017e byste platili fran\u0161\u00edzov\u00e9 poplatky \u010di licen\u010dn\u00ed poplatky nebo abyste museli dodr\u017eovat pravidla a p\u0159edpisy.<\/p>\n<p>Jsme k dispozici i v oblasti podpory financov\u00e1n\u00ed.<\/p>\n<\/div><\/section><\/p><\/div>\n<div class=\"flex_column av_one_third  flex_column_div av-zero-column-padding   \" style='margin-top:0px; margin-bottom:32px; border-radius:0px; '><p><div class='avia-image-container  av-styling-   avia-align-center '  itemscope=\"itemscope\" itemtype=\"https:\/\/schema.org\/ImageObject\"  ><div class='avia-image-container-inner'><a href='https:\/\/www.youtube.com\/watch?v=L61ICEyIKa4' class='avia_image'  ><img class='avia_image ' src='https:\/\/dustlessblasting.sk\/dstlssblstng17\/wp-content\/uploads\/Training-12-300x181.png' alt='' title='Training-12'  itemprop=\"contentURL\"  \/><\/a><\/div><\/div><br \/>\n<section class=\"av_textblock_section\"  itemscope=\"itemscope\" itemtype=\"https:\/\/schema.org\/CreativeWork\" ><div class='avia_textblock '   itemprop=\"text\" ><p>HoldTight je vynikaj\u00edc\u00ed inhibitor koroze, ale vy mus\u00edte v\u011bd\u011bt, jak se d\u00e1 pou\u017e\u00edvat, a mus\u00edte si b\u00fdt v\u011bdom faktor\u016f, kter\u00e9 maj\u00ed vliv na jeho \u00fa\u010dinnost. Toto video v\u00e1m uk\u00e1\u017ee, jak je t\u0159eba pro zabr\u00e1n\u011bn\u00ed n\u00e1hl\u00e9ho rezav\u011bn\u00ed pou\u017e\u00edvat inhibitor koroze HoldTight. Tyto informace se vztahuj\u00ed tak\u00e9 na HoldBlast.<\/p>\n<\/div><\/section><\/p><\/div>\n","protected":false},"excerpt":{"rendered":"","protected":false},"author":1,"featured_media":0,"parent":2380,"menu_order":0,"comment_status":"closed","ping_status":"closed","template":"","meta":[],"_links":{"self":[{"href":"https:\/\/dustlessblasting.sk\/cs\/wp-json\/wp\/v2\/pages\/2375"}],"collection":[{"href":"https:\/\/dustlessblasting.sk\/cs\/wp-json\/wp\/v2\/pages"}],"about":[{"href":"https:\/\/dustlessblasting.sk\/cs\/wp-json\/wp\/v2\/types\/page"}],"author":[{"embeddable":true,"href":"https:\/\/dustlessblasting.sk\/cs\/wp-json\/wp\/v2\/users\/1"}],"replies":[{"embeddable":true,"href":"https:\/\/dustlessblasting.sk\/cs\/wp-json\/wp\/v2\/comments?post=2375"}],"version-history":[{"count":8,"href":"https:\/\/dustlessblasting.sk\/cs\/wp-json\/wp\/v2\/pages\/2375\/revisions"}],"predecessor-version":[{"id":3195,"href":"https:\/\/dustlessblasting.sk\/cs\/wp-json\/wp\/v2\/pages\/2375\/revisions\/3195"}],"up":[{"embeddable":true,"href":"https:\/\/dustlessblasting.sk\/cs\/wp-json\/wp\/v2\/pages\/2380"}],"wp:attachment":[{"href":"https:\/\/dustlessblasting.sk\/cs\/wp-json\/wp\/v2\/media?parent=2375"}],"curies":[{"name":"wp","href":"https:\/\/api.w.org\/{rel}","templated":true}]}}