{"id":2373,"date":"2016-08-04T12:40:13","date_gmt":"2016-08-04T12:40:13","guid":{"rendered":"http:\/\/dustlessblasting.sk\/priemyselne-moznosti\/"},"modified":"2019-10-11T16:02:55","modified_gmt":"2019-10-11T16:02:55","slug":"prumyslove-moznosti","status":"publish","type":"page","link":"https:\/\/dustlessblasting.sk\/cs\/prumyslove-moznosti\/","title":{"rendered":"Pr\u016fmyslov\u00e9 mo\u017enosti"},"content":{"rendered":"<\/div><\/div><\/div><!-- close content main div --><\/div><\/div><div id='subpage-header' class='avia-section main_color avia-section-small avia-no-shadow avia-bg-style-scroll  av-minimum-height av-minimum-height-custom container_wrap fullsize' style = 'background-repeat: no-repeat; background-image: url(https:\/\/dustlessblasting.sk\/dstlssblstng17\/wp-content\/uploads\/iparagak-banner.jpg); background-attachment: scroll; background-position: top left; ' data-section-bg-repeat='no-repeat' ><div class='container' style='height:293px'><div class='template-page content  av-content-full alpha units'><div class='post-entry post-entry-type-page post-entry-2373'><div class='entry-content-wrapper clearfix'>\n<div style='padding-bottom:10px;color:#ffffff;' class='av-special-heading av-special-heading-h1 custom-color-heading blockquote modern-quote modern-centered '><h1 class='av-special-heading-tag'  itemprop=\"headline\"  >Pr\u016fmyslov\u00e9 mo\u017enosti<\/h1><div class='special-heading-border'><div class='special-heading-inner-border' style='border-color:#ffffff'><\/div><\/div><\/div>\n\n<section class=\"av_textblock_section\"  itemscope=\"itemscope\" itemtype=\"https:\/\/schema.org\/CreativeWork\" ><div class='avia_textblock '   itemprop=\"text\" ><p style=\"text-align: center;\">Pomoc\u00ed <strong>bezpra\u0161n\u00e9ho trysk\u00e1n\u00ed<\/strong> m\u016f\u017eete s maxim\u00e1ln\u00ed \u00fa\u010dinnost\u00ed a s minim\u00e1ln\u00edm mno\u017estv\u00edm vznikl\u00e9ho prachu odstranit z jak\u00e9hokoliv materi\u00e1lu jak\u00fdkoliv povlak.<\/p>\n<p style=\"text-align: center;\">Bezpra\u0161n\u00e9 trysk\u00e1n\u00ed m\u00e1 nespo\u010det zp\u016fsob\u016f pou\u017eit\u00ed, ale hlavn\u00ed pr\u016fmyslov\u00e1 odv\u011btv\u00ed uv\u00e1d\u00edme n\u00ed\u017ee: Pokud se o n\u011bkter\u00e9 z nich chcete dozv\u011bd\u011bt v\u00edce, klikn\u011bte na n\u011bj.<\/p>\n<\/div><\/section>\n<div class=\"flex_column av_one_fourth  no_margin flex_column_div av-zero-column-padding first  \" style='border-radius:0px; '><p><div class='avia-image-container  av-styling-   avia-align-center '  itemscope=\"itemscope\" itemtype=\"https:\/\/schema.org\/ImageObject\"  ><div class='avia-image-container-inner'><a href='https:\/\/dustlessblasting.sk\/priemyselne-moznosti\/lodiarenstvo\/' class='avia_image'  ><img class='avia_image ' src='https:\/\/dustlessblasting.sk\/dstlssblstng17\/wp-content\/uploads\/Marine_Thumb.png' alt='' title='Marine_Thumb'  itemprop=\"contentURL\"  \/><\/a><\/div><\/div><br \/>\n<div style='padding-bottom:10px;font-size:20px;' class='av-special-heading av-special-heading-h3  blockquote modern-quote modern-centered  av-inherit-size'><h3 class='av-special-heading-tag'  itemprop=\"headline\"  >Lod\u011b<\/h3><div class='special-heading-border'><div class='special-heading-inner-border' ><\/div><\/div><\/div><\/p><\/div>\n<div class=\"flex_column av_one_fourth  no_margin flex_column_div av-zero-column-padding   \" style='border-radius:0px; '><p><div class='avia-image-container  av-styling-   avia-align-center '  itemscope=\"itemscope\" itemtype=\"https:\/\/schema.org\/ImageObject\"  ><div class='avia-image-container-inner'><a href='https:\/\/dustlessblasting.sk\/priemyselne-moznosti\/rafinerie\/' class='avia_image'  ><img class='avia_image ' src='https:\/\/dustlessblasting.sk\/dstlssblstng17\/wp-content\/uploads\/Refinery_Thumb.png' alt='' title='Refinery_Thumb'  itemprop=\"contentURL\"  \/><\/a><\/div><\/div><br \/>\n<div style='padding-bottom:10px;font-size:20px;' class='av-special-heading av-special-heading-h3  blockquote modern-quote modern-centered  av-inherit-size'><h3 class='av-special-heading-tag'  itemprop=\"headline\"  >Rafinerie<\/h3><div class='special-heading-border'><div class='special-heading-inner-border' ><\/div><\/div><\/div><\/p><\/div>\n<div class=\"flex_column av_one_fourth  no_margin flex_column_div av-zero-column-padding   \" style='border-radius:0px; '><p><div class='avia-image-container  av-styling-   avia-align-center '  itemscope=\"itemscope\" itemtype=\"https:\/\/schema.org\/ImageObject\"  ><div class='avia-image-container-inner'><a href='https:\/\/dustlessblasting.sk\/priemyselne-moznosti\/automobilovy-priemysel\/' class='avia_image'  ><img class='avia_image ' src='https:\/\/dustlessblasting.sk\/dstlssblstng17\/wp-content\/uploads\/Auto_Thumb.png' alt='' title='Auto_Thumb'  itemprop=\"contentURL\"  \/><\/a><\/div><\/div><br \/>\n<div style='padding-bottom:10px;font-size:20px;' class='av-special-heading av-special-heading-h3  blockquote modern-quote modern-centered  av-inherit-size'><h3 class='av-special-heading-tag'  itemprop=\"headline\"  >Automobilov\u00fd pr\u016fmysl<\/h3><div class='special-heading-border'><div class='special-heading-inner-border' ><\/div><\/div><\/div><\/p><\/div>\n<div class=\"flex_column av_one_fourth  no_margin flex_column_div av-zero-column-padding   \" style='border-radius:0px; '><p><div class='avia-image-container  av-styling-   avia-align-center '  itemscope=\"itemscope\" itemtype=\"https:\/\/schema.org\/ImageObject\"  ><div class='avia-image-container-inner'><a href='https:\/\/dustlessblasting.sk\/priemyselne-moznosti\/grafiti\/' class='avia_image'  ><img class='avia_image ' src='https:\/\/dustlessblasting.sk\/dstlssblstng17\/wp-content\/uploads\/Graffiti_Thumb.png' alt='' title='Graffiti_Thumb'  itemprop=\"contentURL\"  \/><\/a><\/div><\/div><br \/>\n<div style='padding-bottom:10px;font-size:20px;' class='av-special-heading av-special-heading-h3  blockquote modern-quote modern-centered  av-inherit-size'><h3 class='av-special-heading-tag'  itemprop=\"headline\"  >Graffiti<\/h3><div class='special-heading-border'><div class='special-heading-inner-border' ><\/div><\/div><\/div><\/p><\/div>\n<div class=\"flex_column av_one_fourth  no_margin flex_column_div av-zero-column-padding first  \" style='border-radius:0px; '><p><div class='avia-image-container  av-styling-   avia-align-center '  itemscope=\"itemscope\" itemtype=\"https:\/\/schema.org\/ImageObject\"  ><div class='avia-image-container-inner'><a href='https:\/\/dustlessblasting.sk\/priemyselne-moznosti\/na-sirom-mori\/' class='avia_image'  ><img class='avia_image ' src='https:\/\/dustlessblasting.sk\/dstlssblstng17\/wp-content\/uploads\/Offshore_Thumb.png' alt='' title='Offshore_Thumb'  itemprop=\"contentURL\"  \/><\/a><\/div><\/div><br \/>\n<div style='padding-bottom:10px;font-size:20px;' class='av-special-heading av-special-heading-h3  blockquote modern-quote modern-centered  av-inherit-size'><h3 class='av-special-heading-tag'  itemprop=\"headline\"  >\u0160ir\u00e9 mo\u0159e<\/h3><div class='special-heading-border'><div class='special-heading-inner-border' ><\/div><\/div><\/div><\/p><\/div>\n<div class=\"flex_column av_one_fourth  no_margin flex_column_div av-zero-column-padding   \" style='border-radius:0px; '><p><div class='avia-image-container  av-styling-   avia-align-center '  itemscope=\"itemscope\" itemtype=\"https:\/\/schema.org\/ImageObject\"  ><div class='avia-image-container-inner'><a href='https:\/\/dustlessblasting.sk\/priemyselne-moznosti\/automobilovy-priemysel\/vozovy-park\/' class='avia_image'  ><img class='avia_image ' src='https:\/\/dustlessblasting.sk\/dstlssblstng17\/wp-content\/uploads\/Fleet_Thumb.png' alt='' title='Fleet_Thumb'  itemprop=\"contentURL\"  \/><\/a><\/div><\/div><br \/>\n<div style='padding-bottom:10px;font-size:20px;' class='av-special-heading av-special-heading-h3  blockquote modern-quote modern-centered  av-inherit-size'><h3 class='av-special-heading-tag'  itemprop=\"headline\"  >Vozov\u00fd park<\/h3><div class='special-heading-border'><div class='special-heading-inner-border' ><\/div><\/div><\/div><\/p><\/div>\n<div class=\"flex_column av_one_fourth  no_margin flex_column_div av-zero-column-padding   \" style='border-radius:0px; '><p><div class='avia-image-container  av-styling-   avia-align-center '  itemscope=\"itemscope\" itemtype=\"https:\/\/schema.org\/ImageObject\"  ><div class='avia-image-container-inner'><a href='https:\/\/dustlessblasting.sk\/priemyselne-moznosti\/restaurovanie-dreva\/' class='avia_image'  ><img class='avia_image ' src='https:\/\/dustlessblasting.sk\/dstlssblstng17\/wp-content\/uploads\/Wood_Thumb.png' alt='' title='Wood_Thumb'  itemprop=\"contentURL\"  \/><\/a><\/div><\/div><br \/>\n<div style='padding-bottom:10px;font-size:20px;' class='av-special-heading av-special-heading-h3  blockquote modern-quote modern-centered  av-inherit-size'><h3 class='av-special-heading-tag'  itemprop=\"headline\"  >Restaurov\u00e1n\u00ed d\u0159eva<\/h3><div class='special-heading-border'><div class='special-heading-inner-border' ><\/div><\/div><\/div><\/p><\/div>\n<div class=\"flex_column av_one_fourth  no_margin flex_column_div av-zero-column-padding   \" style='border-radius:0px; '><p><div class='avia-image-container  av-styling-   avia-align-center '  itemscope=\"itemscope\" itemtype=\"https:\/\/schema.org\/ImageObject\"  ><div class='avia-image-container-inner'><a href='https:\/\/dustlessblasting.sk\/priemyselne-moznosti\/odstranenie-dopravneho-znacenia\/' class='avia_image'  ><img class='avia_image ' src='https:\/\/dustlessblasting.sk\/dstlssblstng17\/wp-content\/uploads\/Stripe_Thumb.png' alt='' title='Stripe_Thumb'  itemprop=\"contentURL\"  \/><\/a><\/div><\/div><br \/>\n<div style='padding-bottom:10px;font-size:20px;' class='av-special-heading av-special-heading-h3  blockquote modern-quote modern-centered  av-inherit-size'><h3 class='av-special-heading-tag'  itemprop=\"headline\"  >Odstran\u011bn\u00ed dopravn\u00edho zna\u010den\u00ed<\/h3><div class='special-heading-border'><div class='special-heading-inner-border' ><\/div><\/div><\/div><\/p><\/div>\n<div class=\"flex_column av_one_fourth  no_margin flex_column_div av-zero-column-padding first  \" style='border-radius:0px; '><p><div class='avia-image-container  av-styling-   avia-align-center '  itemscope=\"itemscope\" itemtype=\"https:\/\/schema.org\/ImageObject\"  ><div class='avia-image-container-inner'><a href='https:\/\/dustlessblasting.sk\/priemyselne-moznosti\/odstranenie-azbestu\/' class='avia_image'  ><img class='avia_image ' src='https:\/\/dustlessblasting.sk\/dstlssblstng17\/wp-content\/uploads\/Asbestos_Thumb.png' alt='' title='Asbestos_Thumb'  itemprop=\"contentURL\"  \/><\/a><\/div><\/div><br \/>\n<div style='padding-bottom:10px;font-size:20px;' class='av-special-heading av-special-heading-h3  blockquote modern-quote modern-centered  av-inherit-size'><h3 class='av-special-heading-tag'  itemprop=\"headline\"  >Odstran\u011bn\u00ed azbestu<\/h3><div class='special-heading-border'><div class='special-heading-inner-border' ><\/div><\/div><\/div><\/p><\/div>\n<div class=\"flex_column av_one_fourth  no_margin flex_column_div av-zero-column-padding   \" style='border-radius:0px; '><p><div class='avia-image-container  av-styling-   avia-align-center '  itemscope=\"itemscope\" itemtype=\"https:\/\/schema.org\/ImageObject\"  ><div class='avia-image-container-inner'><a href='https:\/\/dustlessblasting.sk\/priemyselne-moznosti\/tazke-stroje\/' class='avia_image'  ><img class='avia_image ' src='https:\/\/dustlessblasting.sk\/dstlssblstng17\/wp-content\/uploads\/Heavy_Thumb.png' alt='' title='Heavy_Thumb'  itemprop=\"contentURL\"  \/><\/a><\/div><\/div><br \/>\n<div style='padding-bottom:10px;font-size:20px;' class='av-special-heading av-special-heading-h3  blockquote modern-quote modern-centered  av-inherit-size'><h3 class='av-special-heading-tag'  itemprop=\"headline\"  >T\u011b\u017ek\u00e9 stroje<\/h3><div class='special-heading-border'><div class='special-heading-inner-border' ><\/div><\/div><\/div><\/p><\/div>\n<div class=\"flex_column av_one_fourth  no_margin flex_column_div av-zero-column-padding   \" style='border-radius:0px; '><p><div class='avia-image-container  av-styling-   avia-align-center '  itemscope=\"itemscope\" itemtype=\"https:\/\/schema.org\/ImageObject\"  ><div class='avia-image-container-inner'><a href='https:\/\/dustlessblasting.sk\/priemyselne-moznosti\/restaurovanie\/' class='avia_image'  ><img class='avia_image ' src='https:\/\/dustlessblasting.sk\/dstlssblstng17\/wp-content\/uploads\/Furnitures_Thumb.png' alt='' title='Furnitures_Thumb'  itemprop=\"contentURL\"  \/><\/a><\/div><\/div><br \/>\n<div style='padding-bottom:10px;font-size:20px;' class='av-special-heading av-special-heading-h3  blockquote modern-quote modern-centered  av-inherit-size'><h3 class='av-special-heading-tag'  itemprop=\"headline\"  >Restaurov\u00e1n\u00ed<\/h3><div class='special-heading-border'><div class='special-heading-inner-border' ><\/div><\/div><\/div><\/p><\/div>\n<div class=\"flex_column av_one_fourth  no_margin flex_column_div av-zero-column-padding   \" style='border-radius:0px; '><p><div class='avia-image-container  av-styling-   avia-align-center '  itemscope=\"itemscope\" itemtype=\"https:\/\/schema.org\/ImageObject\"  ><div class='avia-image-container-inner'><a href='https:\/\/dustlessblasting.sk\/priemyselne-moznosti\/cistenie-povrchov\/' class='avia_image'  ><img class='avia_image ' src='https:\/\/dustlessblasting.sk\/dstlssblstng17\/wp-content\/uploads\/Stone_Thumb.png' alt='' title='Stone_Thumb'  itemprop=\"contentURL\"  \/><\/a><\/div><\/div><br \/>\n<div style='padding-bottom:10px;font-size:20px;' class='av-special-heading av-special-heading-h3  blockquote modern-quote modern-centered  av-inherit-size'><h3 class='av-special-heading-tag'  itemprop=\"headline\"  > Povrchov\u00e9 \u010di\u0161t\u011bn\u00ed<\/h3><div class='special-heading-border'><div class='special-heading-inner-border' ><\/div><\/div><\/div><\/p><\/div>\n","protected":false},"excerpt":{"rendered":"","protected":false},"author":1,"featured_media":0,"parent":0,"menu_order":0,"comment_status":"closed","ping_status":"closed","template":"","meta":[],"_links":{"self":[{"href":"https:\/\/dustlessblasting.sk\/cs\/wp-json\/wp\/v2\/pages\/2373"}],"collection":[{"href":"https:\/\/dustlessblasting.sk\/cs\/wp-json\/wp\/v2\/pages"}],"about":[{"href":"https:\/\/dustlessblasting.sk\/cs\/wp-json\/wp\/v2\/types\/page"}],"author":[{"embeddable":true,"href":"https:\/\/dustlessblasting.sk\/cs\/wp-json\/wp\/v2\/users\/1"}],"replies":[{"embeddable":true,"href":"https:\/\/dustlessblasting.sk\/cs\/wp-json\/wp\/v2\/comments?post=2373"}],"version-history":[{"count":9,"href":"https:\/\/dustlessblasting.sk\/cs\/wp-json\/wp\/v2\/pages\/2373\/revisions"}],"predecessor-version":[{"id":3148,"href":"https:\/\/dustlessblasting.sk\/cs\/wp-json\/wp\/v2\/pages\/2373\/revisions\/3148"}],"wp:attachment":[{"href":"https:\/\/dustlessblasting.sk\/cs\/wp-json\/wp\/v2\/media?parent=2373"}],"curies":[{"name":"wp","href":"https:\/\/api.w.org\/{rel}","templated":true}]}}