{"id":2370,"date":"2016-08-04T13:12:55","date_gmt":"2016-08-04T13:12:55","guid":{"rendered":"http:\/\/dustlessblasting.sk\/na-sirom-mori\/"},"modified":"2019-10-11T16:15:58","modified_gmt":"2019-10-11T16:15:58","slug":"na-sirem-mori","status":"publish","type":"page","link":"https:\/\/dustlessblasting.sk\/cs\/prumyslove-moznosti\/na-sirem-mori\/","title":{"rendered":"Na \u0161ir\u00e9m mo\u0159i"},"content":{"rendered":"<\/div><\/div><\/div><!-- close content main div --><\/div><\/div><div id='subpage-header' class='avia-section main_color avia-section-small avia-no-shadow avia-bg-style-scroll  av-minimum-height av-minimum-height-custom container_wrap fullsize' style = 'background-repeat: no-repeat; background-image: url(https:\/\/dustlessblasting.sk\/dstlssblstng17\/wp-content\/uploads\/banner-eloviz-mellett.jpg); background-attachment: scroll; background-position: top left; ' data-section-bg-repeat='no-repeat' ><div class='container' style='height:293px'><div class='template-page content  av-content-full alpha units'><div class='post-entry post-entry-type-page post-entry-2370'><div class='entry-content-wrapper clearfix'>\n<div style='padding-bottom:10px;color:#ffffff;' class='av-special-heading av-special-heading-h1 custom-color-heading blockquote modern-quote modern-centered '><h1 class='av-special-heading-tag'  itemprop=\"headline\"  >Na \u0161ir\u00e9m mo\u0159i<\/h1><div class ='av-subheading av-subheading_below av_custom_color' style='font-size:15px;'><p>The toughest jobs made easy.<\/p>\n<\/div><div class='special-heading-border'><div class='special-heading-inner-border' style='border-color:#ffffff'><\/div><\/div><\/div>\n<div class=\"flex_column av_one_full  flex_column_div av-zero-column-padding first  \" style='border-radius:0px; '><section class=\"av_textblock_section\"  itemscope=\"itemscope\" itemtype=\"https:\/\/schema.org\/CreativeWork\" ><div class='avia_textblock '   itemprop=\"text\" ><p><strong>Bezpra\u0161n\u00e9 trysk\u00e1n\u00ed se uk\u00e1zalo jako ide\u00e1ln\u00ed postup k odstran\u011bn\u00ed barvy a epoxidov\u00fdch prysky\u0159ic z ropn\u00fdch plo\u0161in na \u0161ir\u00e9m mo\u0159i. Tento proces zaji\u0161\u0165uje vy\u0161\u0161\u00ed produktivitu, ni\u017e\u0161\u00ed spot\u0159ebu tryskac\u00edch prost\u0159edk\u016f a produkci velmi mal\u00e9ho mno\u017estv\u00ed prachu. B\u011bhem trysk\u00e1n\u00ed mohou v bl\u00edzkosti p\u0159\u00edtomni sv\u00e1\u0159e\u010di, mal\u00ed\u0159i a dal\u0161\u00ed pracovn\u00edci bez jak\u00fdchkoliv probl\u00e9m\u016f pokra\u010dovat ve sv\u00e9 pr\u00e1ci.<\/strong><\/p>\n<\/div><\/section><\/div><\/p>\n<div class=\"flex_column av_one_half  flex_column_div first  \" style='padding:15px 0px 0px 40px ; border-radius:0px; '><section class=\"av_textblock_section\"  itemscope=\"itemscope\" itemtype=\"https:\/\/schema.org\/CreativeWork\" ><div class='avia_textblock '   itemprop=\"text\" ><ul>\n<li><strong>Ni\u017e\u0161\u00ed spot\u0159eba tryskac\u00edch prost\u0159edk\u016f<\/strong><\/li>\n<li><strong>Ni\u017e\u0161\u00ed bezpe\u010dnostn\u00ed riziko<\/strong><\/li>\n<li><strong>Vy\u0161\u0161\u00ed produktivita<\/strong><\/li>\n<li><strong>Neutr\u00e1ln\u00ed vliv na \u017eivotn\u00ed prost\u0159ed\u00ed<\/strong><\/li>\n<li><strong>\u017d\u00e1dn\u00e9 jisk\u0159en\u00ed<\/strong><\/li>\n<li><strong>Nen\u00ed t\u0159eba p\u0159eru\u0161it v bl\u00edzkosti vykon\u00e1van\u00e9 pr\u00e1ce<\/strong><\/li>\n<li><strong>Odstra\u0148uje chloridy, aby vytvo\u0159il povrch p\u0159ipraven na barven\u00ed<\/strong><\/li>\n<\/ul>\n<\/div><\/section><\/div>\n<div class=\"flex_column av_one_half  flex_column_div av-zero-column-padding   \" style='border-radius:0px; '><div  class='avia-video avia-video-16-9  '  itemprop=\"video\" itemtype=\"https:\/\/schema.org\/VideoObject\" ><div class='avia-iframe-wrap'><iframe width=\"1500\" height=\"844\" src=\"https:\/\/www.youtube.com\/embed\/wfQO3uwAsG0?feature=oembed\" frameborder=\"0\" allowfullscreen><\/iframe><\/div><\/div><\/div>\n<div style='padding-bottom:40px;' class='av-special-heading av-special-heading-h2  blockquote modern-quote modern-centered  '><h2 class='av-special-heading-tag'  itemprop=\"headline\"  >P\u0159\u00edpadov\u00e1 studie &#8211; ropn\u00e1 plo\u0161ina na \u0161ir\u00e9m mo\u0159i<\/h2><div class='special-heading-border'><div class='special-heading-inner-border' ><\/div><\/div><\/div>\n\n<div style='height:50px' class='hr hr-invisible '><span class='hr-inner ' ><span class='hr-inner-style'><\/span><\/span><\/div>\n<div class=\"flex_column av_one_half  flex_column_div av-zero-column-padding first  \" style='border-radius:0px; '><section class=\"av_textblock_section\"  itemscope=\"itemscope\" itemtype=\"https:\/\/schema.org\/CreativeWork\" ><div class='avia_textblock '   itemprop=\"text\" ><table border=\"0\" width=\"100%\">\n<tbody>\n<tr>\n<td width=\"50%\">\n<h3><strong>Popis pr\u00e1ce:<\/strong><\/h3>\n<\/td>\n<td>Odstran\u011bn\u00ed v\u0161\u00ed barvy p\u0159ed nov\u00fdm barven\u00edm.<\/td>\n<\/tr>\n<tr>\n<td>\n<h3><strong>Nosn\u00e1 vrstva:<\/strong><\/h3>\n<\/td>\n<td>Ocel<\/td>\n<\/tr>\n<tr>\n<td>\n<h3><strong>Tryskac\u00ed prost\u0159edek:<\/strong><\/h3>\n<\/td>\n<td>\u017dula<\/td>\n<\/tr>\n<tr>\n<td>\n<h3><strong>Standard p\u0159\u00edpravy povrchu:\u00a0<\/strong><\/h3>\n<\/td>\n<td>SP-10, opracov\u00e1n\u00ed skoro b\u00edl\u00fdch kovov\u00fdch povrch\u016f<\/td>\n<\/tr>\n<tr>\n<td>\n<h3><strong>Dosa\u017een\u00fd profil:\u00a0<\/strong><\/h3>\n<\/td>\n<td>3 mil (0,0762 mm)<\/td>\n<\/tr>\n<tr>\n<td>\n<h3><strong>Tlou\u0161\u0165ka barvy:\u00a0<\/strong><\/h3>\n<\/td>\n<td>22 mil (0,5588 mm)<\/td>\n<\/tr>\n<tr>\n<td>\n<h3><strong>Typ barvy:<\/strong><\/h3>\n<\/td>\n<td>Epoxi<\/td>\n<\/tr>\n<tr>\n<td>\n<h3><strong>Rychlost trysk\u00e1n\u00ed:<\/strong><\/h3>\n<\/td>\n<td>Cca. 0,5 m2 \/ minutu<\/td>\n<\/tr>\n<tr>\n<td>\n<h3><strong>Spot\u0159eba tryskac\u00edch prost\u0159edk\u016f:\u00a0<\/strong><\/h3>\n<\/td>\n<td>136 kg\/hodinu<\/td>\n<\/tr>\n<tr>\n<td>\n<h3><strong>Velikost trysky:\u00a0<\/strong><\/h3>\n<\/td>\n<td>#7<\/td>\n<\/tr>\n<tr>\n<td>\n<h3><strong>Tlak vzduchu:<\/strong><\/h3>\n<\/td>\n<td>150 psi (10,34 bar)<\/td>\n<\/tr>\n<tr>\n<td>\n<h3><strong>Kompresor:<\/strong><\/h3>\n<\/td>\n<td>375 CFM (10619 l \/ minutu), vysokotlak\u00fd<\/td>\n<\/tr>\n<tr>\n<td>\n<h3><strong>Pou\u017eit\u00e9 za\u0159\u00edzen\u00ed:<\/strong><\/h3>\n<\/td>\n<td>DB1500<\/td>\n<\/tr>\n<\/tbody>\n<\/table>\n<\/div><\/section><\/div>\n<div class=\"flex_column av_one_half  flex_column_div av-zero-column-padding   \" style='border-radius:0px; '><div class='avia-image-container  av-styling-   avia-align-center '  itemscope=\"itemscope\" itemtype=\"https:\/\/schema.org\/ImageObject\"  ><div class='avia-image-container-inner'><img class='avia_image ' src='https:\/\/dustlessblasting.sk\/dstlssblstng17\/wp-content\/uploads\/rig5l.jpg' alt='' title='rig5l'   itemprop=\"contentURL\"  \/><\/div><\/div><\/div>\n","protected":false},"excerpt":{"rendered":"","protected":false},"author":1,"featured_media":0,"parent":2373,"menu_order":0,"comment_status":"closed","ping_status":"closed","template":"","meta":[],"_links":{"self":[{"href":"https:\/\/dustlessblasting.sk\/cs\/wp-json\/wp\/v2\/pages\/2370"}],"collection":[{"href":"https:\/\/dustlessblasting.sk\/cs\/wp-json\/wp\/v2\/pages"}],"about":[{"href":"https:\/\/dustlessblasting.sk\/cs\/wp-json\/wp\/v2\/types\/page"}],"author":[{"embeddable":true,"href":"https:\/\/dustlessblasting.sk\/cs\/wp-json\/wp\/v2\/users\/1"}],"replies":[{"embeddable":true,"href":"https:\/\/dustlessblasting.sk\/cs\/wp-json\/wp\/v2\/comments?post=2370"}],"version-history":[{"count":6,"href":"https:\/\/dustlessblasting.sk\/cs\/wp-json\/wp\/v2\/pages\/2370\/revisions"}],"predecessor-version":[{"id":3157,"href":"https:\/\/dustlessblasting.sk\/cs\/wp-json\/wp\/v2\/pages\/2370\/revisions\/3157"}],"up":[{"embeddable":true,"href":"https:\/\/dustlessblasting.sk\/cs\/wp-json\/wp\/v2\/pages\/2373"}],"wp:attachment":[{"href":"https:\/\/dustlessblasting.sk\/cs\/wp-json\/wp\/v2\/media?parent=2370"}],"curies":[{"name":"wp","href":"https:\/\/api.w.org\/{rel}","templated":true}]}}