{"id":2368,"date":"2016-08-04T13:16:04","date_gmt":"2016-08-04T13:16:04","guid":{"rendered":"http:\/\/dustlessblasting.sk\/restaurovanie\/"},"modified":"2019-10-11T16:38:35","modified_gmt":"2019-10-11T16:38:35","slug":"restaurovani","status":"publish","type":"page","link":"https:\/\/dustlessblasting.sk\/cs\/prumyslove-moznosti\/restaurovani\/","title":{"rendered":"Restaurov\u00e1n\u00ed"},"content":{"rendered":"<\/div><\/div><\/div><!-- close content main div --><\/div><\/div><div id='subpage-header' class='avia-section main_color avia-section-small avia-no-shadow avia-bg-style-scroll  av-minimum-height av-minimum-height-custom container_wrap fullsize' style = 'background-repeat: no-repeat; background-image: url(https:\/\/dustlessblasting.sk\/dstlssblstng17\/wp-content\/uploads\/subpage-background.jpg); background-attachment: scroll; background-position: top left; ' data-section-bg-repeat='no-repeat' ><div class='container' style='height:293px'><div class='template-page content  av-content-full alpha units'><div class='post-entry post-entry-type-page post-entry-2368'><div class='entry-content-wrapper clearfix'>\n<div style='padding-bottom:10px;color:#ffffff;' class='av-special-heading av-special-heading-h1 custom-color-heading blockquote modern-quote modern-centered '><h1 class='av-special-heading-tag'  itemprop=\"headline\"  >Restaurov\u00e1n\u00ed<\/h1><div class='special-heading-border'><div class='special-heading-inner-border' style='border-color:#ffffff'><\/div><\/div><\/div>\n<div class=\"flex_column av_one_half  flex_column_div av-zero-column-padding first  \" style='border-radius:0px; '><p><div style='padding-bottom:10px;' class='av-special-heading av-special-heading-h2  blockquote modern-quote '><h2 class='av-special-heading-tag'  itemprop=\"headline\"  >Restaurov\u00e1n\u00ed<\/h2><div class='special-heading-border'><div class='special-heading-inner-border' ><\/div><\/div><\/div><br \/>\n<section class=\"av_textblock_section\"  itemscope=\"itemscope\" itemtype=\"https:\/\/schema.org\/CreativeWork\" ><div class='avia_textblock '   itemprop=\"text\" ><p>Dustless Blasting bezpra\u0161n\u00e9 trysk\u00e1n\u00ed je natolik univerz\u00e1ln\u00ed, \u017ee je t\u00e9m\u011b\u0159 nemo\u017en\u00e9 vyjmenovat, na co v\u0161echno je pou\u017eiteln\u00e9. T\u00edm, \u017ee se d\u00e1 regulovat tlak, je k dispozici \u0161irok\u00e1 \u0161k\u00e1la tryskac\u00edch prost\u0159edk\u016f, je mo\u017en\u00e9 prov\u00e1d\u011bt mokr\u00e9 nebo such\u00e9 trysk\u00e1n\u00ed, aplika\u010dn\u00ed mo\u017enosti jsou prakticky nekone\u010dn\u00e9. Na t\u00e9to str\u00e1nce uk\u00e1\u017eeme n\u011bkter\u00e9 p\u0159\u00edklady, kter\u00e9 se nedali za\u0159adit mezi p\u0159\u00edklady pou\u017eit\u00ed z oblasti automobil\u016f, lod\u00ed, graffiti a pr\u016fmyslov\u00fdch mo\u017enost\u00ed. Ve skute\u010dnosti, pokud je t\u0159eba z \u010dehokoliv odstranit rez, znovu malovat, \u010distit nebo restaurovat, pro majitele Dustless Blasting bezpra\u0161n\u00e9ho tryskac\u00edho za\u0159\u00edzen\u00ed to p\u0159edstavuje zdroj p\u0159\u00edjm\u016f.<\/p>\n<p>Dustless Blasting bezpra\u0161n\u00e9 tryskac\u00ed za\u0159\u00edzen\u00ed dok\u00e1\u017ee obnovit staro\u017eitnosti \u010di zahradn\u00ed n\u00e1bytek, zajistit to, aby sochy vypadaly v\u00edce skulptur\u00e1ln\u00ed, pam\u00e1tky monument\u00e1ln\u011bj\u0161\u00ed, star\u00e9 v\u011bci nov\u011bj\u0161\u00ed. Nepou\u017eiteln\u00e9 je mo\u017en\u00e9 zachr\u00e1nit a v\u011bci, o kter\u00fdch jste si mysleli, \u017ee je zbyte\u010dn\u00e9 se jimi zab\u00fdvat, mohou dostat nov\u00fd vzhled s mnohem men\u0161\u00edm \u00fasil\u00edm ne\u017e kdykoliv p\u0159edt\u00edm.<\/p>\n<\/div><\/section><\/p><\/div><\/p>\n<div class=\"flex_column av_one_half  flex_column_div av-zero-column-padding   \" style='border-radius:0px; '><div class='avia-image-container  av-styling-   avia-align-center '  itemscope=\"itemscope\" itemtype=\"https:\/\/schema.org\/ImageObject\"  ><div class='avia-image-container-inner'><a href='https:\/\/www.youtube.com\/watch?v=XTmjqW2kOCs' class='avia_image'  ><img class='avia_image ' src='https:\/\/dustlessblasting.sk\/dstlssblstng17\/wp-content\/uploads\/Restoration-1.png' alt='' title='Restoration-1'  itemprop=\"contentURL\"  \/><\/a><\/div><\/div><\/div>\n<section class=\"av_textblock_section\"  itemscope=\"itemscope\" itemtype=\"https:\/\/schema.org\/CreativeWork\" ><div class='avia_textblock '   itemprop=\"text\" ><p><em>Klikn\u011bte na obr\u00e1zky n\u00ed\u017ee, abyste si je mohli prohl\u00e9dnout v zv\u011bt\u0161en\u00e9 podob\u011b.<\/em><\/p>\n<\/div><\/section>\n\n","protected":false},"excerpt":{"rendered":"","protected":false},"author":1,"featured_media":0,"parent":2373,"menu_order":0,"comment_status":"closed","ping_status":"closed","template":"","meta":[],"_links":{"self":[{"href":"https:\/\/dustlessblasting.sk\/cs\/wp-json\/wp\/v2\/pages\/2368"}],"collection":[{"href":"https:\/\/dustlessblasting.sk\/cs\/wp-json\/wp\/v2\/pages"}],"about":[{"href":"https:\/\/dustlessblasting.sk\/cs\/wp-json\/wp\/v2\/types\/page"}],"author":[{"embeddable":true,"href":"https:\/\/dustlessblasting.sk\/cs\/wp-json\/wp\/v2\/users\/1"}],"replies":[{"embeddable":true,"href":"https:\/\/dustlessblasting.sk\/cs\/wp-json\/wp\/v2\/comments?post=2368"}],"version-history":[{"count":6,"href":"https:\/\/dustlessblasting.sk\/cs\/wp-json\/wp\/v2\/pages\/2368\/revisions"}],"predecessor-version":[{"id":3167,"href":"https:\/\/dustlessblasting.sk\/cs\/wp-json\/wp\/v2\/pages\/2368\/revisions\/3167"}],"up":[{"embeddable":true,"href":"https:\/\/dustlessblasting.sk\/cs\/wp-json\/wp\/v2\/pages\/2373"}],"wp:attachment":[{"href":"https:\/\/dustlessblasting.sk\/cs\/wp-json\/wp\/v2\/media?parent=2368"}],"curies":[{"name":"wp","href":"https:\/\/api.w.org\/{rel}","templated":true}]}}