{"id":2367,"date":"2016-08-04T13:36:09","date_gmt":"2016-08-04T13:36:09","guid":{"rendered":"http:\/\/dustlessblasting.sk\/tazke-stroje\/"},"modified":"2019-10-11T16:42:49","modified_gmt":"2019-10-11T16:42:49","slug":"tezke-stroje","status":"publish","type":"page","link":"https:\/\/dustlessblasting.sk\/cs\/prumyslove-moznosti\/tezke-stroje\/","title":{"rendered":"T\u011b\u017ek\u00e9 stroje"},"content":{"rendered":"<\/div><\/div><\/div><!-- close content main div --><\/div><\/div><div id='subpage-header' class='avia-section main_color avia-section-small avia-no-shadow avia-bg-style-scroll  av-minimum-height av-minimum-height-custom container_wrap fullsize' style = 'background-repeat: no-repeat; background-image: url(https:\/\/dustlessblasting.sk\/dstlssblstng17\/wp-content\/uploads\/banner-nehezgepek.jpg); background-attachment: scroll; background-position: top left; ' data-section-bg-repeat='no-repeat' ><div class='container' style='height:293px'><div class='template-page content  av-content-full alpha units'><div class='post-entry post-entry-type-page post-entry-2367'><div class='entry-content-wrapper clearfix'>\n<div style='padding-bottom:10px;color:#ffffff;' class='av-special-heading av-special-heading-h1 custom-color-heading blockquote modern-quote modern-centered '><h1 class='av-special-heading-tag'  itemprop=\"headline\"  >T\u011b\u017ek\u00e9 stroje<\/h1><div class ='av-subheading av-subheading_below av_custom_color' style='font-size:15px;'><p>For industrial strength coatings, you\u2019ll need the world\u2019s most powerful tool for restoration.<\/p>\n<\/div><div class='special-heading-border'><div class='special-heading-inner-border' style='border-color:#ffffff'><\/div><\/div><\/div>\n<div class=\"flex_column av_one_half  flex_column_div av-zero-column-padding first  \" style='border-radius:0px; '><p><div style='padding-bottom:10px;' class='av-special-heading av-special-heading-h3  blockquote modern-quote '><h3 class='av-special-heading-tag'  itemprop=\"headline\"  >T\u011b\u017ek\u00e9 stroje<\/h3><div class='special-heading-border'><div class='special-heading-inner-border' ><\/div><\/div><\/div><br \/>\n<section class=\"av_textblock_section\"  itemscope=\"itemscope\" itemtype=\"https:\/\/schema.org\/CreativeWork\" ><div class='avia_textblock '   itemprop=\"text\" ><p>Na t\u011b\u017ek\u00fdch stroj\u00edch jsou \u010dasto pr\u016fmyslov\u011b tvrd\u00e9 povlaky, kter\u00e9 by bylo komplikovan\u00e9 odstranit b\u011b\u017en\u00fdmi zp\u016fsoby. Pokud pot\u0159ebujete odstranit podobn\u00e9 pr\u016fmyslov\u00e9 povlaky, nenajdete lep\u0161\u00ed \u0159e\u0161en\u00ed ne\u017e Dustless Blasting bezpra\u0161n\u00e9 trysk\u00e1n\u00ed. Voda pou\u017eit\u00e1 p\u0159i Dustless Blasting bezpra\u0161n\u00e9m trysk\u00e1n\u00ed ve velk\u00e9 m\u00ed\u0159e zvy\u0161uje hmotnost a energii vych\u00e1zej\u00edc\u00ed z trysky. To umo\u017e\u0148uje odstra\u0148ov\u00e1n\u00ed takov\u00fdch povlak\u016f, kter\u00e9 byly speci\u00e1ln\u011b navr\u017eeny tak, aby odolaly od\u011bru a opot\u0159eben\u00ed.<\/p>\n<p>Barva z buldozer\u016f, rypadel, vysokozdvi\u017en\u00fdch voz\u00edk\u016f lze n\u00e1kladov\u011b efektivn\u011b odstranit pomoc\u00ed Dustless Blasting bezpra\u0161n\u00e9ho trysk\u00e1n\u00ed. Vzhledem k tomu, \u017ee voda nen\u00ed stla\u010diteln\u00e1 tak jako vzduch, na\u0161e mokr\u00e9 trysk\u00e1n\u00ed m\u00e1 v\u011bt\u0161\u00ed s\u00edlu ne\u017e konven\u010dn\u00ed such\u00e9 trysk\u00e1n\u00ed. Voda krom\u011b toho tak\u00e9 sni\u017euje t\u0159en\u00ed, teplo a prach, co\u017e znamen\u00e1, \u017ee kov se nezdeformuje a cel\u00fd proces m\u00e1 men\u0161\u00ed dopad na \u017eivotn\u00ed prost\u0159ed\u00ed.<\/p>\n<\/div><\/section><\/p><\/div><\/p>\n<div class=\"flex_column av_one_half  flex_column_div av-zero-column-padding   \" style='border-radius:0px; '><div class='avia-image-container  av-styling-   avia-align-center '  itemscope=\"itemscope\" itemtype=\"https:\/\/schema.org\/ImageObject\"  ><div class='avia-image-container-inner'><a href='https:\/\/www.youtube.com\/watch?v=-WJhtfxdXZw' class='avia_image'  ><img class='avia_image ' src='https:\/\/dustlessblasting.sk\/dstlssblstng17\/wp-content\/uploads\/Heavy-Equipment-1.png' alt='' title='Heavy-Equipment-1'  itemprop=\"contentURL\"  \/><\/a><\/div><\/div><\/div>\n<section class=\"av_textblock_section\"  itemscope=\"itemscope\" itemtype=\"https:\/\/schema.org\/CreativeWork\" ><div class='avia_textblock '   itemprop=\"text\" ><p><em>Klikn\u011bte na obr\u00e1zky n\u00ed\u017ee, abyste si je mohli prohl\u00e9dnout v zv\u011bt\u0161en\u00e9 podob\u011b.<\/em><\/p>\n<\/div><\/section>\n\n","protected":false},"excerpt":{"rendered":"","protected":false},"author":1,"featured_media":0,"parent":2373,"menu_order":0,"comment_status":"closed","ping_status":"closed","template":"","meta":[],"_links":{"self":[{"href":"https:\/\/dustlessblasting.sk\/cs\/wp-json\/wp\/v2\/pages\/2367"}],"collection":[{"href":"https:\/\/dustlessblasting.sk\/cs\/wp-json\/wp\/v2\/pages"}],"about":[{"href":"https:\/\/dustlessblasting.sk\/cs\/wp-json\/wp\/v2\/types\/page"}],"author":[{"embeddable":true,"href":"https:\/\/dustlessblasting.sk\/cs\/wp-json\/wp\/v2\/users\/1"}],"replies":[{"embeddable":true,"href":"https:\/\/dustlessblasting.sk\/cs\/wp-json\/wp\/v2\/comments?post=2367"}],"version-history":[{"count":7,"href":"https:\/\/dustlessblasting.sk\/cs\/wp-json\/wp\/v2\/pages\/2367\/revisions"}],"predecessor-version":[{"id":3171,"href":"https:\/\/dustlessblasting.sk\/cs\/wp-json\/wp\/v2\/pages\/2367\/revisions\/3171"}],"up":[{"embeddable":true,"href":"https:\/\/dustlessblasting.sk\/cs\/wp-json\/wp\/v2\/pages\/2373"}],"wp:attachment":[{"href":"https:\/\/dustlessblasting.sk\/cs\/wp-json\/wp\/v2\/media?parent=2367"}],"curies":[{"name":"wp","href":"https:\/\/api.w.org\/{rel}","templated":true}]}}