{"id":2365,"date":"2016-08-04T13:38:35","date_gmt":"2016-08-04T13:38:35","guid":{"rendered":"http:\/\/dustlessblasting.sk\/odstranenie-dopravneho-znacenia\/"},"modified":"2019-10-11T16:26:24","modified_gmt":"2019-10-11T16:26:24","slug":"odstraneni-dopravniho-znaceni","status":"publish","type":"page","link":"https:\/\/dustlessblasting.sk\/cs\/prumyslove-moznosti\/odstraneni-dopravniho-znaceni\/","title":{"rendered":"Odstran\u011bn\u00ed dopravn\u00edho zna\u010den\u00ed"},"content":{"rendered":"<\/div><\/div><\/div><!-- close content main div --><\/div><\/div><div id='subpage-header' class='avia-section main_color avia-section-small avia-no-shadow avia-bg-style-scroll  av-minimum-height av-minimum-height-custom container_wrap fullsize' style = 'background-repeat: no-repeat; background-image: url(https:\/\/dustlessblasting.sk\/dstlssblstng17\/wp-content\/uploads\/banner-utjelzes-eltavolitas.jpg); background-attachment: scroll; background-position: top left; ' data-section-bg-repeat='no-repeat' ><div class='container' style='height:293px'><div class='template-page content  av-content-full alpha units'><div class='post-entry post-entry-type-page post-entry-2365'><div class='entry-content-wrapper clearfix'>\n<div style='padding-bottom:10px;color:#ffffff;' class='av-special-heading av-special-heading-h1 custom-color-heading blockquote modern-quote modern-centered '><h1 class='av-special-heading-tag'  itemprop=\"headline\"  >Odstran\u011bn\u00ed dopravn\u00edho zna\u010den\u00ed<\/h1><div class ='av-subheading av-subheading_below av_custom_color' style='font-size:15px;'><p>The perfect tool to remove road stripes, fire lanes, parking lot striping, and more.<\/p>\n<\/div><div class='special-heading-border'><div class='special-heading-inner-border' style='border-color:#ffffff'><\/div><\/div><\/div>\n<div class=\"flex_column av_one_half  flex_column_div av-zero-column-padding first  \" style='border-radius:0px; '><p><section class=\"av_textblock_section\"  itemscope=\"itemscope\" itemtype=\"https:\/\/schema.org\/CreativeWork\" ><div class='avia_textblock '   itemprop=\"text\" ><p>Bezpra\u0161n\u00e9 trysk\u00e1n\u00ed je vynikaj\u00edc\u00ed zp\u016fsob k odstran\u011bn\u00ed malovan\u00fdch, lepen\u00fdch silni\u010dn\u00edch dopravn\u00edch zna\u010den\u00ed. Kompletn\u011b odstran\u00ed barvu nebo termoplastick\u00fd materi\u00e1l, ani\u017e po sob\u011b zanechal jakoukoliv stopu. Na rozd\u00edl od konven\u010dn\u00edho p\u00edskov\u00e1n\u00ed \u010di brou\u0161en\u00ed tento proces nepo\u0161kozuje beton nebo asfalt.<\/p>\n<\/div><\/section><br \/>\n<div class='avia-image-container  av-styling-   avia-align-center '  itemscope=\"itemscope\" itemtype=\"https:\/\/schema.org\/ImageObject\"  ><div class='avia-image-container-inner'><img class='avia_image ' src='https:\/\/dustlessblasting.sk\/dstlssblstng17\/wp-content\/uploads\/hose-lines2.jpg' alt='' title='hose-lines2'   itemprop=\"contentURL\"  \/><\/div><\/div><br \/>\n<section class=\"av_textblock_section\"  itemscope=\"itemscope\" itemtype=\"https:\/\/schema.org\/CreativeWork\" ><div class='avia_textblock '   itemprop=\"text\" ><p>Dustless Blasting bezpra\u0161n\u00e9 trysk\u00e1n\u00ed je na odstra\u0148ov\u00e1n\u00ed dopravn\u00edho zna\u010den\u00ed rychlej\u0161\u00ed, jednodu\u0161\u0161\u00ed, levn\u011bj\u0161\u00ed proces s m\u00e9n\u011b nepo\u0159\u00e1dkem ne\u017e jak\u00fdkoli jin\u00fd zp\u016fsob. M\u016f\u017eete j\u00edm odstranit z betonu gumu a olejov\u00e9 skvrny, dehet jako\u017e i t\u00e9m\u011b\u0159 jak\u00fdkoli jin\u00fd materi\u00e1l.<\/p>\n<\/div><\/section><\/p><\/div><\/p>\n<div class=\"flex_column av_one_half  flex_column_div av-zero-column-padding   \" style='border-radius:0px; '><div class='avia-image-container  av-styling-   avia-align-center '  itemscope=\"itemscope\" itemtype=\"https:\/\/schema.org\/ImageObject\"  ><div class='avia-image-container-inner'><a href='https:\/\/www.youtube.com\/watch?v=wx6adfdf-iY' class='avia_image'  ><img class='avia_image ' src='https:\/\/dustlessblasting.sk\/dstlssblstng17\/wp-content\/uploads\/Pavement-2.png' alt='' title='Pavement-2'  itemprop=\"contentURL\"  \/><\/a><\/div><\/div><\/div>\n<div class=\"flex_column av_one_half  no_margin flex_column_div av-zero-column-padding first  \" style='border-radius:0px; '><div class='avia-image-container  av-styling-   avia-align-center '  itemscope=\"itemscope\" itemtype=\"https:\/\/schema.org\/ImageObject\"  ><div class='avia-image-container-inner'><a href='https:\/\/www.youtube.com\/watch?v=iEWk3G3aUi4' class='avia_image'  ><img class='avia_image ' src='https:\/\/dustlessblasting.sk\/dstlssblstng17\/wp-content\/uploads\/Pavement-1.png' alt='' title='Pavement-1'  itemprop=\"contentURL\"  \/><\/a><\/div><\/div><\/div>\n<div class=\"flex_column av_one_half  no_margin flex_column_div av-zero-column-padding   \" style='border-radius:0px; '><section class=\"av_textblock_section\"  itemscope=\"itemscope\" itemtype=\"https:\/\/schema.org\/CreativeWork\" ><div class='avia_textblock '   itemprop=\"text\" ><p style=\"text-align: center;\">Perfektn\u00ed a \u010dist\u00e9 odstran\u011bn\u00ed p\u00e1su protipo\u017e\u00e1rn\u00ed ochrany<\/p>\n<\/div><\/section><br \/>\n<div class='avia-image-container  av-styling-   avia-align-center '  itemscope=\"itemscope\" itemtype=\"https:\/\/schema.org\/ImageObject\"  ><div class='avia-image-container-inner'><img class='avia_image ' src='https:\/\/dustlessblasting.sk\/dstlssblstng17\/wp-content\/uploads\/fire-lane.jpg' alt='' title='fire-lane'   itemprop=\"contentURL\"  \/><\/div><\/div><\/p><\/div>\n<div style='height:1px; margin-top:0px'  class='hr hr-invisible '><span class='hr-inner ' ><span class='hr-inner-style'><\/span><\/span><\/div>\n<section class=\"av_textblock_section\"  itemscope=\"itemscope\" itemtype=\"https:\/\/schema.org\/CreativeWork\" ><div class='avia_textblock '   itemprop=\"text\" ><p>Dustless Blasting bezpra\u0161n\u00e9 trysk\u00e1n\u00ed je ide\u00e1ln\u00edm n\u00e1strojem pro odstra\u0148ov\u00e1n\u00ed izolace, graffiti, lept\u00e1n\u00ed betonu, na obnovu budov, odstra\u0148ov\u00e1n\u00ed silni\u010dn\u00edho dopravn\u00edho zna\u010den\u00ed, obnovu po\u0161kozen\u00ed zp\u016fsoben\u00fdch po\u017e\u00e1ry, p\u0159i pokl\u00e1d\u00e1n\u00ed nov\u00e9 dla\u017eby v baz\u00e9nech, na odstra\u0148ov\u00e1n\u00ed azbestu, odstra\u0148ov\u00e1n\u00ed p\u00e1s\u016f protipo\u017e\u00e1rn\u00ed ochrany a na mnoho dal\u0161\u00edch.<\/p>\n<\/div><\/section>\n<div style='height:10px' class='hr hr-invisible '><span class='hr-inner ' ><span class='hr-inner-style'><\/span><\/span><\/div>\n<div class=\"flex_column av_one_half  no_margin flex_column_div av-zero-column-padding first  \" style='border-radius:0px; '><div class='avia-image-container  av-styling-   avia-align-center '  itemscope=\"itemscope\" itemtype=\"https:\/\/schema.org\/ImageObject\"  ><div class='avia-image-container-inner'><img class='avia_image ' src='https:\/\/dustlessblasting.sk\/dstlssblstng17\/wp-content\/uploads\/accurate2.jpg' alt='' title='accurate2'   itemprop=\"contentURL\"  \/><\/div><\/div><\/div>\n<div class=\"flex_column av_one_half  no_margin flex_column_div av-zero-column-padding   \" style='border-radius:0px; '><div class='avia-image-container  av-styling-   avia-align-center '  itemscope=\"itemscope\" itemtype=\"https:\/\/schema.org\/ImageObject\"  ><div class='avia-image-container-inner'><img class='avia_image ' src='https:\/\/dustlessblasting.sk\/dstlssblstng17\/wp-content\/uploads\/accurate-quote.jpg' alt='' title='accurate-quote'   itemprop=\"contentURL\"  \/><\/div><\/div><\/div>\n<div style='height:10px' class='hr hr-invisible '><span class='hr-inner ' ><span class='hr-inner-style'><\/span><\/span><\/div>\n<section class=\"av_textblock_section\"  itemscope=\"itemscope\" itemtype=\"https:\/\/schema.org\/CreativeWork\" ><div class='avia_textblock '   itemprop=\"text\" ><p style=\"text-align: center;\">Pokud se chcete dozv\u011bd\u011bt v\u00edce o tom, jak v\u00e1m m\u016f\u017ee pomoci bezpra\u0161n\u00e9 trysk\u00e1n\u00ed, zavolejte n\u00e1m na \u010d\u00edslo +3630 350 7186 nebo vypl\u0148te n\u00e1\u0161 <a href=\"http:\/\/dustlessblasting.sk\/cs\/kontakt\/\">Kontaktn\u00ed formul\u00e1\u0159<\/a>.<\/p>\n<\/div><\/section>\n<div style='height:10px' class='hr hr-invisible '><span class='hr-inner ' ><span class='hr-inner-style'><\/span><\/span><\/div>\n<div class='avia-image-container  av-styling-   avia-align-center '  itemscope=\"itemscope\" itemtype=\"https:\/\/schema.org\/ImageObject\"  ><div class='avia-image-container-inner'><img class='avia_image ' src='https:\/\/dustlessblasting.sk\/dstlssblstng17\/wp-content\/uploads\/Roadstrip-1030x453.fw_-1030x453.png' alt='' title='Roadstrip-1030x453.fw'   itemprop=\"contentURL\"  \/><\/div><\/div>\n","protected":false},"excerpt":{"rendered":"","protected":false},"author":1,"featured_media":0,"parent":2373,"menu_order":0,"comment_status":"closed","ping_status":"closed","template":"","meta":[],"_links":{"self":[{"href":"https:\/\/dustlessblasting.sk\/cs\/wp-json\/wp\/v2\/pages\/2365"}],"collection":[{"href":"https:\/\/dustlessblasting.sk\/cs\/wp-json\/wp\/v2\/pages"}],"about":[{"href":"https:\/\/dustlessblasting.sk\/cs\/wp-json\/wp\/v2\/types\/page"}],"author":[{"embeddable":true,"href":"https:\/\/dustlessblasting.sk\/cs\/wp-json\/wp\/v2\/users\/1"}],"replies":[{"embeddable":true,"href":"https:\/\/dustlessblasting.sk\/cs\/wp-json\/wp\/v2\/comments?post=2365"}],"version-history":[{"count":7,"href":"https:\/\/dustlessblasting.sk\/cs\/wp-json\/wp\/v2\/pages\/2365\/revisions"}],"predecessor-version":[{"id":3162,"href":"https:\/\/dustlessblasting.sk\/cs\/wp-json\/wp\/v2\/pages\/2365\/revisions\/3162"}],"up":[{"embeddable":true,"href":"https:\/\/dustlessblasting.sk\/cs\/wp-json\/wp\/v2\/pages\/2373"}],"wp:attachment":[{"href":"https:\/\/dustlessblasting.sk\/cs\/wp-json\/wp\/v2\/media?parent=2365"}],"curies":[{"name":"wp","href":"https:\/\/api.w.org\/{rel}","templated":true}]}}