{"id":2359,"date":"2016-08-21T15:20:00","date_gmt":"2016-08-21T15:20:00","guid":{"rendered":"http:\/\/dustlessblasting.sk\/vozovy-park\/"},"modified":"2019-10-11T15:48:40","modified_gmt":"2019-10-11T15:48:40","slug":"vozovy-park","status":"publish","type":"page","link":"https:\/\/dustlessblasting.sk\/cs\/prumyslove-moznosti\/automobilovy-prumysl\/vozovy-park\/","title":{"rendered":"Vozov\u00fd park"},"content":{"rendered":"<\/div><\/div><\/div><!-- close content main div --><\/div><\/div><div id='subpage-header' class='avia-section main_color avia-section-small avia-no-shadow avia-bg-style-scroll  av-minimum-height av-minimum-height-custom container_wrap fullsize' style = 'background-repeat: no-repeat; background-image: url(https:\/\/dustlessblasting.sk\/dstlssblstng17\/wp-content\/uploads\/banner-flotta-jarmuvek.jpg); background-attachment: scroll; background-position: top left; ' data-section-bg-repeat='no-repeat' ><div class='container' style='height:293px'><div class='template-page content  av-content-full alpha units'><div class='post-entry post-entry-type-page post-entry-2359'><div class='entry-content-wrapper clearfix'>\n<div style='padding-bottom:10px;color:#ffffff;' class='av-special-heading av-special-heading-h1 custom-color-heading blockquote modern-quote modern-centered '><h1 class='av-special-heading-tag'  itemprop=\"headline\"  >Vozov\u00fd park<\/h1><div class ='av-subheading av-subheading_below av_custom_color' style='font-size:15px;'><p>Update fleet vehicles quickly, inexpensively, and safely.<\/p>\n<\/div><div class='special-heading-border'><div class='special-heading-inner-border' style='border-color:#ffffff'><\/div><\/div><\/div>\n\n<div class=\"flex_column av_one_half  flex_column_div av-zero-column-padding first  \" style='border-radius:0px; '><section class=\"av_textblock_section\"  itemscope=\"itemscope\" itemtype=\"https:\/\/schema.org\/CreativeWork\" ><div class='avia_textblock '   itemprop=\"text\" ><p>Udr\u017eov\u00e1n\u00ed vozov\u00e9ho parku s \u010derstv\u00fdmi barvami a n\u00e1lepkami m\u016f\u017ee b\u00fdt \u010dasov\u011b n\u00e1ro\u010dn\u00fd a n\u00e1kladn\u00fd proces. Chemick\u00e9 odstra\u0148ov\u00e1n\u00ed barev jde ruku v ruce s mno\u017estv\u00edm ne\u010distot a s pou\u017eit\u00edm velk\u00e9ho mno\u017estv\u00ed leptav\u00fdch l\u00e1tek, brou\u0161en\u00ed m\u00e1 velmi n\u00edzkou \u00fa\u010dinnost a p\u00edskov\u00e1n\u00ed zas snadno deformuje plechov\u00e9 panely. Bezpra\u0161n\u00e9 trysk\u00e1n\u00ed je nejrychlej\u0161\u00ed, nejjednodu\u0161\u0161\u00ed, nej\u010dist\u0161\u00ed zp\u016fsob na to, jak odstranit barvu z hlin\u00edkov\u00fdch vozidel.<\/p>\n<p>Voda pou\u017eit\u00e1 p\u0159i bezpra\u0161n\u00e9m trysk\u00e1n\u00ed sni\u017euje t\u0159en\u00ed a teplo. Sni\u017euje teplotu cca. o 10 stup\u0148\u016f ve srovn\u00e1n\u00ed s teplotou okol\u00ed, co\u017e znamen\u00e1, \u017ee nedojde k deformac\u00edm, nen\u00ed t\u0159eba se tr\u00e1pit s brou\u0161en\u00edm kolem n\u00fdt\u016f, nen\u00ed nutn\u00e9 stahovat samolepky a nen\u00ed t\u0159eba se zab\u00fdvat lepkav\u00fdmi lepidly. Dustless Blaster bezpra\u0161n\u00e9 tryskac\u00ed za\u0159\u00edzen\u00ed odstra\u0148uje z\u00e1rove\u0148 barvy i plastov\u00e9 samolepky.<\/p>\n<\/div><\/section><\/div>\n<div class=\"flex_column av_one_half  flex_column_div av-zero-column-padding   \" style='border-radius:0px; '><div class='avia-image-container  av-styling-   avia-align-center '  itemscope=\"itemscope\" itemtype=\"https:\/\/schema.org\/ImageObject\"  ><div class='avia-image-container-inner'><a href='https:\/\/www.youtube.com\/watch?v=EIMZNPoKQUk' class='avia_image'  ><img class='avia_image ' src='https:\/\/dustlessblasting.sk\/dstlssblstng17\/wp-content\/uploads\/Fleet-1.png' alt='' title='Fleet-1'  itemprop=\"contentURL\"  \/><\/a><\/div><\/div><\/div>\n<div class=\"flex_column av_one_half  flex_column_div av-zero-column-padding first  \" style='border-radius:0px; '><div class='avia-image-container  av-styling-   avia-align-center '  itemscope=\"itemscope\" itemtype=\"https:\/\/schema.org\/ImageObject\"  ><div class='avia-image-container-inner'><img class='avia_image ' src='https:\/\/dustlessblasting.sk\/dstlssblstng17\/wp-content\/uploads\/fleet-quote2.jpg' alt='' title='fleet-quote2'   itemprop=\"contentURL\"  \/><\/div><\/div><\/div>\n<div class=\"flex_column av_one_half  flex_column_div av-zero-column-padding   \" style='border-radius:0px; '><div class='avia-image-container  av-styling-   avia-align-center '  itemscope=\"itemscope\" itemtype=\"https:\/\/schema.org\/ImageObject\"  ><div class='avia-image-container-inner'><img class='avia_image ' src='https:\/\/dustlessblasting.sk\/dstlssblstng17\/wp-content\/uploads\/fleet-quote1.jpg' alt='' title='fleet-quote1'   itemprop=\"contentURL\"  \/><\/div><\/div><\/div>\n<div style='height:20px' class='hr hr-invisible '><span class='hr-inner ' ><span class='hr-inner-style'><\/span><\/span><\/div>\n<section class=\"av_textblock_section\"  itemscope=\"itemscope\" itemtype=\"https:\/\/schema.org\/CreativeWork\" ><div class='avia_textblock '   itemprop=\"text\" ><p style=\"text-align: center;\">Pokud se chcete dozv\u011bd\u011bt v\u00edce o tom, jak v\u00e1m m\u016f\u017ee pomoci bezpra\u0161n\u00e9 trysk\u00e1n\u00ed p\u0159i \u0159\u00edzen\u00ed vozov\u00e9ho parku nebo aluminiov\u00fdch vozidel, zavolejte n\u00e1m. Telefon: <strong>\u010desk\u00fd \/ slovensk\u00fd:<\/strong> +36 30 305 5727 <strong>ma\u010farsk\u00fd:<\/strong> +36 30 350 7186 nebo vypl\u0148te n\u00e1\u0161 <a href=\"http:\/\/dustlessblasting.sk\/cs\/kontakt\/\">Kontaktn\u00ed formul\u00e1\u0159<\/a>.<\/p>\n<\/div><\/section>\n<div class='avia-image-container  av-styling-   avia-align-center '  itemscope=\"itemscope\" itemtype=\"https:\/\/schema.org\/ImageObject\"  ><div class='avia-image-container-inner'><a href='https:\/\/www.youtube.com\/watch?v=vCfeffGEeeE' class='avia_image'  ><img class='avia_image ' src='https:\/\/dustlessblasting.sk\/dstlssblstng17\/wp-content\/uploads\/Fleet-2.png' alt='' title='Fleet-2'  itemprop=\"contentURL\"  \/><\/a><\/div><\/div>\n","protected":false},"excerpt":{"rendered":"","protected":false},"author":1,"featured_media":0,"parent":2369,"menu_order":0,"comment_status":"closed","ping_status":"closed","template":"","meta":[],"_links":{"self":[{"href":"https:\/\/dustlessblasting.sk\/cs\/wp-json\/wp\/v2\/pages\/2359"}],"collection":[{"href":"https:\/\/dustlessblasting.sk\/cs\/wp-json\/wp\/v2\/pages"}],"about":[{"href":"https:\/\/dustlessblasting.sk\/cs\/wp-json\/wp\/v2\/types\/page"}],"author":[{"embeddable":true,"href":"https:\/\/dustlessblasting.sk\/cs\/wp-json\/wp\/v2\/users\/1"}],"replies":[{"embeddable":true,"href":"https:\/\/dustlessblasting.sk\/cs\/wp-json\/wp\/v2\/comments?post=2359"}],"version-history":[{"count":7,"href":"https:\/\/dustlessblasting.sk\/cs\/wp-json\/wp\/v2\/pages\/2359\/revisions"}],"predecessor-version":[{"id":3139,"href":"https:\/\/dustlessblasting.sk\/cs\/wp-json\/wp\/v2\/pages\/2359\/revisions\/3139"}],"up":[{"embeddable":true,"href":"https:\/\/dustlessblasting.sk\/cs\/wp-json\/wp\/v2\/pages\/2369"}],"wp:attachment":[{"href":"https:\/\/dustlessblasting.sk\/cs\/wp-json\/wp\/v2\/media?parent=2359"}],"curies":[{"name":"wp","href":"https:\/\/api.w.org\/{rel}","templated":true}]}}