{"id":2352,"date":"2016-08-26T16:11:33","date_gmt":"2016-08-26T16:11:33","guid":{"rendered":"http:\/\/dustlessblasting.sk\/finanszirozas\/"},"modified":"2019-10-11T15:22:34","modified_gmt":"2019-10-11T15:22:34","slug":"finanszirozas-cs","status":"publish","type":"page","link":"https:\/\/dustlessblasting.sk\/cs\/finanszirozas-cs\/","title":{"rendered":"Finansz\u00edroz\u00e1s-CS"},"content":{"rendered":"<\/div><\/div><\/div><!-- close content main div --><\/div><\/div><div id='subpage-header' class='avia-section main_color avia-section-small avia-no-shadow avia-bg-style-scroll  av-minimum-height av-minimum-height-custom container_wrap fullsize' style = 'background-repeat: no-repeat; background-image: url(https:\/\/dustlessblasting.sk\/dstlssblstng17\/wp-content\/uploads\/subpage-background.jpg); background-attachment: scroll; background-position: top left; ' data-section-bg-repeat='no-repeat' ><div class='container' style='height:293px'><div class='template-page content  av-content-full alpha units'><div class='post-entry post-entry-type-page post-entry-2352'><div class='entry-content-wrapper clearfix'>\n<div style='padding-bottom:10px;color:#ffffff;' class='av-special-heading av-special-heading-h1 custom-color-heading blockquote modern-quote modern-centered '><h1 class='av-special-heading-tag'  itemprop=\"headline\"  >Finansz\u00edroz\u00e1s-CS<\/h1><div class='special-heading-border'><div class='special-heading-inner-border' style='border-color:#ffffff'><\/div><\/div><\/div>\n<div style='padding-bottom:50px;' class='av-special-heading av-special-heading-h2  blockquote modern-quote  '><h2 class='av-special-heading-tag'  itemprop=\"headline\"  >Finansz\u00edroz\u00f3t keres\u00fcnk<\/h2><div class='special-heading-border'><div class='special-heading-inner-border' ><\/div><\/div><\/div><\/p>\n<div class=\"flex_column av_one_half  flex_column_div av-zero-column-padding first  \" style='border-radius:0px; '><div  data-size='featured'  data-lightbox_size='large'  data-animation='fade'  data-ids='795,796,797,798,799,800,801'  data-video_counter='0'  data-autoplay='true'  data-bg_slider='false'  data-slide_height=''  data-handle='av_slideshow'  data-interval='5'  data-class=''  data-css_id=''  data-scroll_down=''  data-control_layout=''  data-custom_markup=''  data-perma_caption=''  data-autoplay_stopper=''  data-default-height='28.666666666667'  class='avia-slideshow avia-slideshow-1  av-default-height-applied avia-slideshow-featured av_slideshow  avia-fade-slider '  itemscope=\"itemscope\" itemtype=\"https:\/\/schema.org\/ImageObject\" ><ul class='avia-slideshow-inner' style='padding-bottom: 28.666666666667%;'><\/ul><\/div><\/div>\n<div class=\"flex_column av_one_half  flex_column_div av-zero-column-padding   \" style='border-radius:0px; '><p><div style='padding-bottom:10px;' class='av-special-heading av-special-heading-h2  blockquote modern-quote  '><h2 class='av-special-heading-tag'  itemprop=\"headline\"  >\u00d6n k\u00e9pes, termel\u0151eszk\u00f6z finansz\u00edroz\u00e1st ny\u00fajtani?<\/h2><div class='special-heading-border'><div class='special-heading-inner-border' ><\/div><\/div><\/div><br \/>\n<section class=\"av_textblock_section\"  itemscope=\"itemscope\" itemtype=\"https:\/\/schema.org\/CreativeWork\" ><div class='avia_textblock '   itemprop=\"text\" ><p>Keres\u00fcnk olyan partnereket, akik finansz\u00edroz\u00e1si t\u00e1mogat\u00e1st ny\u00fajtan\u00e1nak \u00fcgyfeleinknek a Dustless Blasting eszk\u00f6z\u00f6k v\u00e1s\u00e1rl\u00e1s\u00e1hoz, kedvez\u0151 havi r\u00e9szletfizet\u00e9ssel, gyors (24-48 \u00f3ra alatt) lez\u00e1rul\u00f3 hitelelb\u00edr\u00e1l\u00e1ssal.<\/p>\n<\/div><\/section><br \/>\n<div class='avia-image-container  av-styling-   avia-align-center '  itemscope=\"itemscope\" itemtype=\"https:\/\/schema.org\/ImageObject\"  ><div class='avia-image-container-inner'><img class='avia_image ' src='https:\/\/dustlessblasting.sk\/dstlssblstng17\/wp-content\/uploads\/finansz\u00edroz\u00f3t_keres\u00fcnk-300x243.jpg' alt='' title='finanszirozot_keresunk'   itemprop=\"contentURL\"  \/><\/div><\/div><br \/>\n<section class=\"av_textblock_section\"  itemscope=\"itemscope\" itemtype=\"https:\/\/schema.org\/CreativeWork\" ><div class='avia_textblock '   itemprop=\"text\" ><p style=\"text-align: center;\">A jelentkez\u00e9shez <a href=\"http:\/\/dustlessblasting.sk\/kapcsolat\/\">KATTINTSON IDE<\/a>.<\/p>\n<\/div><\/section><\/p><\/div>\n<div  class='hr hr-default '><span class='hr-inner ' ><span class='hr-inner-style'><\/span><\/span><\/div>\n<div class=\"flex_column av_one_half  flex_column_div av-zero-column-padding first  \" style='border-radius:0px; '><div style='padding-bottom:10px;' class='av-special-heading av-special-heading-h2  blockquote modern-quote '><h2 class='av-special-heading-tag'  itemprop=\"headline\"  >Optim\u00e1lis finansz\u00edroz\u00e1s ig\u00e9ny tervezett jellemz\u0151i:<\/h2><div class='special-heading-border'><div class='special-heading-inner-border' ><\/div><\/div><\/div><\/div>\n<section class=\"av_textblock_section\"  itemscope=\"itemscope\" itemtype=\"https:\/\/schema.org\/CreativeWork\" ><div class='avia_textblock '   itemprop=\"text\" ><ul>\n<li>Alacsony havi r\u00e9szletek<\/li>\n<li>A r\u00e9szletfizet\u00e9si id\u0151szak 12-60 h\u00f3nap k\u00f6z\u00f6tt v\u00e1laszthat\u00f3 k\u00fcl\u00f6nf\u00e9le rugalmas programokkal<\/li>\n<li>Ha van r\u00e1 lehet\u0151s\u00e9g, ad\u00f3kedvezm\u00e9nyes finansz\u00edroz\u00e1s<\/li>\n<li>Sz\u00e9les hitelparam\u00e9terek<\/li>\n<li>\u00c1lljon\u00a0rendelkez\u00e9sre t\u00f6bb program is a k\u00fcl\u00f6nf\u00e9le hitelfokozatokhoz, \u00edgy nyitva lehet\u0151s\u00e9get a kezd\u0151 v\u00e1llalkoz\u00f3k\u00a0eset\u00e9ben is.<\/li>\n<li>K\u00f6z\u00e9p-Kelet Eur\u00f3pa t\u00f6bbi orsz\u00e1g\u00e1ban is tev\u00e9kenyked\u0151 finansz\u00edroz\u00f3 c\u00e9g el\u0151nyt \u00e9lvezhet.<\/li>\n<\/ul>\n<\/div><\/section>\n<div class=\"flex_column av_one_half  flex_column_div av-zero-column-padding first  \" style='border-radius:0px; '><div style='padding-bottom:10px;' class='av-special-heading av-special-heading-h2  blockquote modern-quote '><h2 class='av-special-heading-tag'  itemprop=\"headline\"  >Finansz\u00edroz\u00e1si kapcsolattart\u00f3:<\/h2><div class='special-heading-border'><div class='special-heading-inner-border' ><\/div><\/div><\/div><\/div>\n<div class=\"flex_column av_one_half  flex_column_div av-zero-column-padding   \" style='border-radius:0px; '><div class='avia-image-container  av-styling-   avia-align-center '  itemscope=\"itemscope\" itemtype=\"https:\/\/schema.org\/ImageObject\"  ><div class='avia-image-container-inner'><img class='avia_image ' src='https:\/\/dustlessblasting.sk\/dstlssblstng17\/wp-content\/uploads\/suRFACE_DB.jpg' alt='' title='surface_db'   itemprop=\"contentURL\"  \/><\/div><\/div><\/div>\n","protected":false},"excerpt":{"rendered":"","protected":false},"author":1,"featured_media":0,"parent":0,"menu_order":0,"comment_status":"closed","ping_status":"closed","template":"","meta":[],"_links":{"self":[{"href":"https:\/\/dustlessblasting.sk\/cs\/wp-json\/wp\/v2\/pages\/2352"}],"collection":[{"href":"https:\/\/dustlessblasting.sk\/cs\/wp-json\/wp\/v2\/pages"}],"about":[{"href":"https:\/\/dustlessblasting.sk\/cs\/wp-json\/wp\/v2\/types\/page"}],"author":[{"embeddable":true,"href":"https:\/\/dustlessblasting.sk\/cs\/wp-json\/wp\/v2\/users\/1"}],"replies":[{"embeddable":true,"href":"https:\/\/dustlessblasting.sk\/cs\/wp-json\/wp\/v2\/comments?post=2352"}],"version-history":[{"count":3,"href":"https:\/\/dustlessblasting.sk\/cs\/wp-json\/wp\/v2\/pages\/2352\/revisions"}],"predecessor-version":[{"id":3122,"href":"https:\/\/dustlessblasting.sk\/cs\/wp-json\/wp\/v2\/pages\/2352\/revisions\/3122"}],"wp:attachment":[{"href":"https:\/\/dustlessblasting.sk\/cs\/wp-json\/wp\/v2\/media?parent=2352"}],"curies":[{"name":"wp","href":"https:\/\/api.w.org\/{rel}","templated":true}]}}