{"id":2351,"date":"2016-08-26T16:33:46","date_gmt":"2016-08-26T16:33:46","guid":{"rendered":"http:\/\/dustlessblasting.sk\/ocelove\/"},"modified":"2019-10-11T16:10:12","modified_gmt":"2019-10-11T16:10:12","slug":"ocelove","status":"publish","type":"page","link":"https:\/\/dustlessblasting.sk\/cs\/prumyslove-moznosti\/lode\/ocelove\/","title":{"rendered":"Ocelov\u00e9"},"content":{"rendered":"<\/div><\/div><\/div><!-- close content main div --><\/div><\/div><div id='subpage-header' class='avia-section main_color avia-section-small avia-no-shadow avia-bg-style-scroll  av-minimum-height av-minimum-height-custom container_wrap fullsize' style = 'background-repeat: no-repeat; background-image: url(https:\/\/dustlessblasting.sk\/dstlssblstng17\/wp-content\/uploads\/banner-hajozas.jpg); background-attachment: scroll; background-position: top left; ' data-section-bg-repeat='no-repeat' ><div class='container' style='height:293px'><div class='template-page content  av-content-full alpha units'><div class='post-entry post-entry-type-page post-entry-2351'><div class='entry-content-wrapper clearfix'>\n<div style='padding-bottom:10px;color:#ffffff;' class='av-special-heading av-special-heading-h1 custom-color-heading blockquote modern-quote modern-centered '><h1 class='av-special-heading-tag'  itemprop=\"headline\"  >Ocelov\u00e9<\/h1><div class='special-heading-border'><div class='special-heading-inner-border' style='border-color:#ffffff'><\/div><\/div><\/div>\n<div class='avia-image-container  av-styling-   avia-align-center '  itemscope=\"itemscope\" itemtype=\"https:\/\/schema.org\/ImageObject\"  ><div class='avia-image-container-inner'><img class='avia_image ' src='https:\/\/dustlessblasting.sk\/dstlssblstng17\/wp-content\/uploads\/steel2.png' alt='' title='steel2'   itemprop=\"contentURL\"  \/><\/div><\/div><\/p>\n<div style='height:10px' class='hr hr-invisible '><span class='hr-inner ' ><span class='hr-inner-style'><\/span><\/span><\/div>\n<section class=\"av_textblock_section\"  itemscope=\"itemscope\" itemtype=\"https:\/\/schema.org\/CreativeWork\" ><div class='avia_textblock '   itemprop=\"text\" ><p>Dustless Blasting bezpra\u0161n\u00e9 tryskac\u00ed za\u0159\u00edzen\u00ed zvy\u0161uje produktivitu, sni\u017euje spot\u0159ebu materi\u00e1lu a \u0159e\u0161\u00ed probl\u00e9my s kvalitou ovzdu\u0161\u00ed.<\/p>\n<p>P\u0159id\u00e1n\u00edm vody do syst\u00e9mu p\u0159id\u00e1me hmotnost a energii. Takto odstran\u00edme povlaky rychleji a s men\u0161\u00edm mno\u017estv\u00edm tryskac\u00edch prost\u0159edk\u016f. Voda v\u00e1\u017ee tryskac\u00ed prost\u0159edky a na prach zm\u011bn\u011bn povlak odvede k zemi \u010d\u00edm\u017e zamez\u00ed, aby se dostali do vzduchu. Toto vy\u0159e\u0161\u00ed probl\u00e9my s kvalitou ovzdu\u0161\u00ed a umo\u017en\u00ed dal\u0161\u00edm pracovn\u00edk\u016fm, aby svou pr\u00e1ci vykon\u00e1vali na t\u00e9\u017ee lodi ve stejn\u00e9m \u010dase.<\/p>\n<p>Dustless Blasting bezpra\u0161n\u00e9 tryskac\u00ed za\u0159\u00edzen\u00ed je p\u0159esn\u011b to, co znamen\u00e1 jeho n\u00e1zev. Jakmile tryskac\u00ed prost\u0159edky naraz\u00ed na o\u0161et\u0159ovan\u00fd povrch, ztrat\u00ed ve\u0161kerou svou energii a padnou k zemi. Tryskac\u00ed prost\u0159edky se dostanou jen tam, kam je nam\u00ed\u0159\u00edte. Toto usnad\u0148uje v\u00edce ne\u017e kdykoli p\u0159edt\u00edm vhodn\u00e9, \u0161etrn\u00e9 k \u017eivotn\u00edmu prost\u0159ed\u00ed, nakl\u00e1d\u00e1n\u00ed s odpady.<\/p>\n<\/div><\/section>\n<div class=\"flex_column av_one_third  flex_column_div av-zero-column-padding first  \" style='border-radius:0px; '><div class='avia-image-container  av-styling-   avia-align-center '  itemscope=\"itemscope\" itemtype=\"https:\/\/schema.org\/ImageObject\"  ><div class='avia-image-container-inner'><img class='avia_image ' src='https:\/\/dustlessblasting.sk\/dstlssblstng17\/wp-content\/uploads\/bigboat-1.jpg' alt='' title='bigboat-1'   itemprop=\"contentURL\"  \/><\/div><\/div><\/div>\n<div class=\"flex_column av_one_third  flex_column_div av-zero-column-padding   \" style='border-radius:0px; '><section class=\"av_textblock_section\"  itemscope=\"itemscope\" itemtype=\"https:\/\/schema.org\/CreativeWork\" ><div class='avia_textblock '   itemprop=\"text\" ><ul class=\"nomarginlist\">\n<li>\n<h3>Je pot\u0159eba men\u0161\u00ed izolace<\/h3>\n<\/li>\n<li>\n<h3>\u0160etrn\u00fd k \u017eivotn\u00edmu prost\u0159ed\u00ed<\/h3>\n<\/li>\n<li>\n<h3>Pou\u017eiteln\u00fd za ka\u017ed\u00e9ho po\u010das\u00ed<\/h3>\n<\/li>\n<li>\n<h3>Vytvo\u0159\u00ed nov\u00fd profil drsnosti<\/h3>\n<\/li>\n<li>\n<h3>Trysk\u00e1n\u00ed ve stejn\u00e9 dob\u011b se sv\u00e1\u0159e\u010di, elektrik\u00e1\u0159i a mal\u00ed\u0159i.<\/h3>\n<\/li>\n<\/ul>\n<\/div><\/section><\/div>\n<div class=\"flex_column av_one_third  flex_column_div av-zero-column-padding   \" style='border-radius:0px; '><div class='avia-image-container  av-styling-   avia-align-center '  itemscope=\"itemscope\" itemtype=\"https:\/\/schema.org\/ImageObject\"  ><div class='avia-image-container-inner'><img class='avia_image ' src='https:\/\/dustlessblasting.sk\/dstlssblstng17\/wp-content\/uploads\/img11.jpg' alt='' title='img11'   itemprop=\"contentURL\"  \/><\/div><\/div><\/div>\n<div style='height:10px' class='hr hr-invisible '><span class='hr-inner ' ><span class='hr-inner-style'><\/span><\/span><\/div>\n<section class=\"av_textblock_section\"  itemscope=\"itemscope\" itemtype=\"https:\/\/schema.org\/CreativeWork\" ><div class='avia_textblock '   itemprop=\"text\" ><p>Je\u0161t\u011b nikdy jsme se nesetkali s takov\u00fdm povlakem, s n\u00edm\u017e by si Dustless Blasting bezpra\u0161n\u00e9 tryskac\u00ed za\u0159\u00edzen\u00ed nedok\u00e1zalo poradit. Odstran\u00ed v\u0161e od jednoduch\u00fdch barev a\u017e po f\u00faz\u00ed tvrzen\u00e9 epoxidov\u00e9 prysky\u0159ice a\u010dkoli i 60 mil (1,5 mm) tlust\u00e9 termoplastick\u00e9 protiskluzov\u00e9 povlaky. Nez\u00e1le\u017e\u00ed na tom, jak\u00e1 je nosn\u00e1 vrstva nebo povlak, s Dustless Blaster bezpra\u0161n\u00fdm tryskac\u00edm za\u0159\u00edzen\u00edm skon\u010d\u00edte d\u0159\u00edve.<\/p>\n<\/div><\/section>\n<div class=\"flex_column av_one_half  flex_column_div av-zero-column-padding first  \" style='border-radius:0px; '><div class='avia-image-container  av-styling-   avia-align-center '  itemscope=\"itemscope\" itemtype=\"https:\/\/schema.org\/ImageObject\"  ><div class='avia-image-container-inner'><a href='https:\/\/www.youtube.com\/watch?v=VE-XpAqHd48' class='avia_image'  ><img class='avia_image ' src='https:\/\/dustlessblasting.sk\/dstlssblstng17\/wp-content\/uploads\/Steel-1.png' alt='' title='Steel-1'  itemprop=\"contentURL\"  \/><\/a><\/div><\/div><\/div>\n<div class=\"flex_column av_one_half  flex_column_div av-zero-column-padding   \" style='border-radius:0px; '><div class='avia-image-container  av-styling-   avia-align-center '  itemscope=\"itemscope\" itemtype=\"https:\/\/schema.org\/ImageObject\"  ><div class='avia-image-container-inner'><a href='https:\/\/www.youtube.com\/watch?v=TiTqxHHUCII' class='avia_image'  ><img class='avia_image ' src='https:\/\/dustlessblasting.sk\/dstlssblstng17\/wp-content\/uploads\/Steel-2.png' alt='' title='Steel-2'  itemprop=\"contentURL\"  \/><\/a><\/div><\/div><\/div>\n<div style='height:50px' class='hr hr-invisible '><span class='hr-inner ' ><span class='hr-inner-style'><\/span><\/span><\/div>\n<section class=\"av_textblock_section\"  itemscope=\"itemscope\" itemtype=\"https:\/\/schema.org\/CreativeWork\" ><div class='avia_textblock '   itemprop=\"text\" ><p><a href=\"http:\/\/dustlessblasting.sk\/cs\/prumyslove-moznosti\/lode\/\">zp\u011bt k n\u00e1mo\u0159n\u00edm kategori\u00edm<\/a><\/p>\n<\/div><\/section>\n","protected":false},"excerpt":{"rendered":"","protected":false},"author":1,"featured_media":0,"parent":2372,"menu_order":0,"comment_status":"closed","ping_status":"closed","template":"","meta":[],"_links":{"self":[{"href":"https:\/\/dustlessblasting.sk\/cs\/wp-json\/wp\/v2\/pages\/2351"}],"collection":[{"href":"https:\/\/dustlessblasting.sk\/cs\/wp-json\/wp\/v2\/pages"}],"about":[{"href":"https:\/\/dustlessblasting.sk\/cs\/wp-json\/wp\/v2\/types\/page"}],"author":[{"embeddable":true,"href":"https:\/\/dustlessblasting.sk\/cs\/wp-json\/wp\/v2\/users\/1"}],"replies":[{"embeddable":true,"href":"https:\/\/dustlessblasting.sk\/cs\/wp-json\/wp\/v2\/comments?post=2351"}],"version-history":[{"count":7,"href":"https:\/\/dustlessblasting.sk\/cs\/wp-json\/wp\/v2\/pages\/2351\/revisions"}],"predecessor-version":[{"id":3155,"href":"https:\/\/dustlessblasting.sk\/cs\/wp-json\/wp\/v2\/pages\/2351\/revisions\/3155"}],"up":[{"embeddable":true,"href":"https:\/\/dustlessblasting.sk\/cs\/wp-json\/wp\/v2\/pages\/2372"}],"wp:attachment":[{"href":"https:\/\/dustlessblasting.sk\/cs\/wp-json\/wp\/v2\/media?parent=2351"}],"curies":[{"name":"wp","href":"https:\/\/api.w.org\/{rel}","templated":true}]}}