{"id":2350,"date":"2016-08-26T16:53:01","date_gmt":"2016-08-26T16:53:01","guid":{"rendered":"http:\/\/dustlessblasting.sk\/hlinikove\/"},"modified":"2019-10-11T16:06:55","modified_gmt":"2019-10-11T16:06:55","slug":"hlinikove","status":"publish","type":"page","link":"https:\/\/dustlessblasting.sk\/cs\/prumyslove-moznosti\/lode\/hlinikove\/","title":{"rendered":"Hlin\u00edkov\u00e9"},"content":{"rendered":"<\/div><\/div><\/div><!-- close content main div --><\/div><\/div><div id='subpage-header' class='avia-section main_color avia-section-small avia-no-shadow avia-bg-style-scroll  av-minimum-height av-minimum-height-custom container_wrap fullsize' style = 'background-repeat: no-repeat; background-image: url(https:\/\/dustlessblasting.sk\/dstlssblstng17\/wp-content\/uploads\/banner-hajozas.jpg); background-attachment: scroll; background-position: top left; ' data-section-bg-repeat='no-repeat' ><div class='container' style='height:293px'><div class='template-page content  av-content-full alpha units'><div class='post-entry post-entry-type-page post-entry-2350'><div class='entry-content-wrapper clearfix'>\n<div style='padding-bottom:10px;color:#ffffff;' class='av-special-heading av-special-heading-h1 custom-color-heading blockquote modern-quote modern-centered '><h1 class='av-special-heading-tag'  itemprop=\"headline\"  >Hlin\u00edkov\u00e9<\/h1><div class='special-heading-border'><div class='special-heading-inner-border' style='border-color:#ffffff'><\/div><\/div><\/div>\n<div class='avia-image-container  av-styling-   avia-align-center '  itemscope=\"itemscope\" itemtype=\"https:\/\/schema.org\/ImageObject\"  ><div class='avia-image-container-inner'><img class='avia_image ' src='https:\/\/dustlessblasting.sk\/dstlssblstng17\/wp-content\/uploads\/aluminum.png' alt='' title='aluminum'   itemprop=\"contentURL\"  \/><\/div><\/div><\/p>\n<div style='height:32px' class='hr hr-invisible '><span class='hr-inner ' ><span class='hr-inner-style'><\/span><\/span><\/div>\n<section class=\"av_textblock_section\"  itemscope=\"itemscope\" itemtype=\"https:\/\/schema.org\/CreativeWork\" ><div class='avia_textblock '   itemprop=\"text\" ><p>Dustless Blasting bezpra\u0161n\u00e9 trysk\u00e1n\u00ed se uk\u00e1zalo b\u00fdt ide\u00e1ln\u00edm pro odstra\u0148ov\u00e1n\u00ed barev a epoxidov\u00fdch prysky\u0159ic z hlin\u00edkov\u00fdch lod\u00ed. Vzhledem k tomu, \u017ee hlin\u00edk je m\u011bk\u010d\u00ed ne\u017e ocel, konven\u010dn\u00ed such\u00fd p\u00edskov\u00e1n\u00ed zanech\u00e1v\u00e1 kovov\u00fd povrch p\u0159\u00edli\u0161 hrub\u00fd. V\u00fdsledn\u00fd, p\u0159\u00edli\u0161 agresivn\u00ed, profil je pak nutn\u00e9 vyplnit dal\u0161\u00edmi vrstvami barvy \u010di epoxidov\u00e9 prysky\u0159ice. Voda pou\u017eit\u00e1 v Dustless procesu p\u0159id\u00e1v\u00e1 k bezpra\u0161n\u00e9mu trysk\u00e1n\u00ed energii a zvy\u0161uje produktivitu, zat\u00edmco vytvo\u0159\u00ed ide\u00e1ln\u011bj\u0161\u00ed profil drsnosti.<\/p>\n<p>Jeliko\u017e voda sni\u017euje t\u0159en\u00ed a ochlazuje kov, riziko deformace je eliminov\u00e1no i v p\u0159\u00edpad\u011b tak tenk\u00fdch hlin\u00edkov\u00fdch komponent\u016f, jako je kormidelna. Dustless Blasting bezpra\u0161n\u00e9 trysk\u00e1n\u00ed \u0159e\u0161\u00ed probl\u00e9my v oblasti \u017eivotn\u00edho prost\u0159ed\u00ed tak, \u017ee tryskac\u00ed prost\u0159edky v\u00e1\u017ee ve vod\u011b a odvede je k zemi. M\u00edsto toho, aby se dostali do vzduchu, a byly odv\u00e1ty kdov\u00ed kam, vedlej\u0161\u00ed produkty trysk\u00e1n\u00ed z\u016fst\u00e1vaj\u00ed na jednom m\u00edst\u011b, usnad\u0148uj\u00edc tak spr\u00e1vn\u00e9 nakl\u00e1d\u00e1n\u00ed s odpady.<\/p>\n<\/div><\/section>\n<div class=\"flex_column av_one_half  flex_column_div av-zero-column-padding first  \" style='border-radius:0px; '><div class='avia-image-container  av-styling-   avia-align-center '  itemscope=\"itemscope\" itemtype=\"https:\/\/schema.org\/ImageObject\"  ><div class='avia-image-container-inner'><a href='https:\/\/www.youtube.com\/watch?v=z8aC7XEifb8' class='avia_image'  ><img class='avia_image ' src='https:\/\/dustlessblasting.sk\/dstlssblstng17\/wp-content\/uploads\/Aluminum-1.png' alt='' title='Aluminum-1'  itemprop=\"contentURL\"  \/><\/a><\/div><\/div><\/div>\n<div class=\"flex_column av_one_half  flex_column_div av-zero-column-padding   \" style='border-radius:0px; '><div class='avia-image-container  av-styling-   avia-align-center '  itemscope=\"itemscope\" itemtype=\"https:\/\/schema.org\/ImageObject\"  ><div class='avia-image-container-inner'><a href='https:\/\/www.youtube.com\/watch?v=vq3_UFa84MM' class='avia_image'  ><img class='avia_image ' src='https:\/\/dustlessblasting.sk\/dstlssblstng17\/wp-content\/uploads\/Aluminum-2.png' alt='' title='Aluminum-2'  itemprop=\"contentURL\"  \/><\/a><\/div><\/div><\/div>\n<div style='padding-bottom:10px;' class='av-special-heading av-special-heading-h2  blockquote modern-quote modern-centered  '><h2 class='av-special-heading-tag'  itemprop=\"headline\"  >P\u0159\u00edpadov\u00e1 studie &#8211; 17 m-ov\u00e9 (55 <span class='special_amp'>&#8222;<\/span>) plavidlo pob\u0159e\u017en\u00ed str\u00e1\u017ee<\/h2><div class='special-heading-border'><div class='special-heading-inner-border' ><\/div><\/div><\/div>\n<div style='height:20px' class='hr hr-invisible '><span class='hr-inner ' ><span class='hr-inner-style'><\/span><\/span><\/div>\n<div class=\"flex_column av_one_half  flex_column_div av-zero-column-padding first  \" style='border-radius:0px; '><section class=\"av_textblock_section\"  itemscope=\"itemscope\" itemtype=\"https:\/\/schema.org\/CreativeWork\" ><div class='avia_textblock '   itemprop=\"text\" ><table border=\"0\">\n<tbody>\n<tr>\n<td>\n<h3>Popis pr\u00e1ce:<\/h3>\n<\/td>\n<td>odstran\u011bn\u00ed ve\u0161ker\u00e9 barvy sm\u011brem dol\u016f od kormidelny<\/td>\n<\/tr>\n<tr>\n<td>\n<h3>Nosn\u00e1 vrstva:<\/h3>\n<\/td>\n<td>hlin\u00edk<\/td>\n<\/tr>\n<tr>\n<td>\n<h3>Tryskac\u00ed prost\u0159edek:<\/h3>\n<\/td>\n<td>st\u0159edn\u011b kvalitn\u00ed \u010d\u00e1stice z recyklovan\u00fdch sklen\u011bn\u00fdch lahv\u00ed<\/td>\n<\/tr>\n<tr>\n<td>\n<h3>Standard p\u0159\u00edpravy povrchu:<\/h3>\n<\/td>\n<td>SP-5, opracov\u00e1n\u00ed b\u00edl\u00fdch kovov\u00fdch povrch\u016f<\/td>\n<\/tr>\n<tr>\n<td>\n<h3>Dosa\u017een\u00fd profil drsnosti:<\/h3>\n<\/td>\n<td>0,0635 mm (2.5 Mil)<\/td>\n<\/tr>\n<tr>\n<td>\n<h3>Tlou\u0161\u0165ka barvy:<\/h3>\n<\/td>\n<td>0,4572 mm (18 Mil)<\/td>\n<\/tr>\n<tr>\n<td>\n<h3>Typ barvy:<\/h3>\n<\/td>\n<td>dvouslo\u017ekov\u00e1 epoxidov\u00e1 prysky\u0159ice<\/td>\n<\/tr>\n<tr>\n<td>\n<h3>Rychlost trysk\u00e1n\u00ed:<\/h3>\n<\/td>\n<td>0,28 m2 \/ min (3 \u010dtvercov\u00e9 stopy \/ minutu)<\/td>\n<\/tr>\n<tr>\n<td>\n<h3>Spot\u0159eba tryskac\u00edch prost\u0159edk\u016f:<\/h3>\n<\/td>\n<td>90,7 kg \/ h (200 liber \/ hodinu)<\/td>\n<\/tr>\n<tr>\n<td>\n<h3>Velikost trysky:<\/h3>\n<\/td>\n<td>#5<\/td>\n<\/tr>\n<tr>\n<td>\n<h3>Tlak vzduchu:<\/h3>\n<\/td>\n<td>150 psi (10,3 bar)<\/td>\n<\/tr>\n<tr>\n<td>\n<h3>Kompresor:<\/h3>\n<\/td>\n<td>210-ov\u00fd, vysokotlak\u00fd<\/td>\n<\/tr>\n<tr>\n<td>\n<h3>Pou\u017eit\u00e9 vybaven\u00ed:<\/h3>\n<\/td>\n<td>DB500<\/td>\n<\/tr>\n<\/tbody>\n<\/table>\n<\/div><\/section><\/div>\n<div class=\"flex_column av_one_half  flex_column_div av-zero-column-padding   \" style='border-radius:0px; '><div class='avia-image-container  av-styling-   avia-align-center '  itemscope=\"itemscope\" itemtype=\"https:\/\/schema.org\/ImageObject\"  ><div class='avia-image-container-inner'><img class='avia_image ' src='https:\/\/dustlessblasting.sk\/dstlssblstng17\/wp-content\/uploads\/aluminum-coast-guard.gif' alt='' title='aluminum-coast-guard'   itemprop=\"contentURL\"  \/><\/div><\/div><\/div>\n<div style='height:50px' class='hr hr-invisible '><span class='hr-inner ' ><span class='hr-inner-style'><\/span><\/span><\/div>\n<section class=\"av_textblock_section\"  itemscope=\"itemscope\" itemtype=\"https:\/\/schema.org\/CreativeWork\" ><div class='avia_textblock '   itemprop=\"text\" ><p><a href=\"http:\/\/dustlessblasting.sk\/cs\/prumyslove-moznosti\/lode\/\">zp\u011bt k n\u00e1mo\u0159n\u00edm kategori\u00edm<\/a><\/p>\n<\/div><\/section>\n","protected":false},"excerpt":{"rendered":"","protected":false},"author":1,"featured_media":0,"parent":2372,"menu_order":0,"comment_status":"closed","ping_status":"closed","template":"","meta":[],"_links":{"self":[{"href":"https:\/\/dustlessblasting.sk\/cs\/wp-json\/wp\/v2\/pages\/2350"}],"collection":[{"href":"https:\/\/dustlessblasting.sk\/cs\/wp-json\/wp\/v2\/pages"}],"about":[{"href":"https:\/\/dustlessblasting.sk\/cs\/wp-json\/wp\/v2\/types\/page"}],"author":[{"embeddable":true,"href":"https:\/\/dustlessblasting.sk\/cs\/wp-json\/wp\/v2\/users\/1"}],"replies":[{"embeddable":true,"href":"https:\/\/dustlessblasting.sk\/cs\/wp-json\/wp\/v2\/comments?post=2350"}],"version-history":[{"count":7,"href":"https:\/\/dustlessblasting.sk\/cs\/wp-json\/wp\/v2\/pages\/2350\/revisions"}],"predecessor-version":[{"id":3150,"href":"https:\/\/dustlessblasting.sk\/cs\/wp-json\/wp\/v2\/pages\/2350\/revisions\/3150"}],"up":[{"embeddable":true,"href":"https:\/\/dustlessblasting.sk\/cs\/wp-json\/wp\/v2\/pages\/2372"}],"wp:attachment":[{"href":"https:\/\/dustlessblasting.sk\/cs\/wp-json\/wp\/v2\/media?parent=2350"}],"curies":[{"name":"wp","href":"https:\/\/api.w.org\/{rel}","templated":true}]}}