{"id":2347,"date":"2016-08-30T11:51:48","date_gmt":"2016-08-30T11:51:48","guid":{"rendered":"http:\/\/dustlessblasting.sk\/udrzba-uzatvaracej-hadice\/"},"modified":"2019-10-11T16:53:20","modified_gmt":"2019-10-11T16:53:20","slug":"udrzba-uzaviraci-hadice","status":"publish","type":"page","link":"https:\/\/dustlessblasting.sk\/cs\/skoleni\/udrzba-uzaviraci-hadice\/","title":{"rendered":"\u00dadr\u017eba uzav\u00edrac\u00ed hadice"},"content":{"rendered":"<\/div><\/div><\/div><!-- close content main div --><\/div><\/div><div id='subpage-header' class='avia-section main_color avia-section-small avia-no-shadow avia-bg-style-scroll  av-minimum-height av-minimum-height-custom container_wrap fullsize' style = 'background-repeat: no-repeat; background-image: url(https:\/\/dustlessblasting.sk\/dstlssblstng17\/wp-content\/uploads\/subpage-background.jpg); background-attachment: scroll; background-position: top left; ' data-section-bg-repeat='no-repeat' ><div class='container' style='height:293px'><div class='template-page content  av-content-full alpha units'><div class='post-entry post-entry-type-page post-entry-2347'><div class='entry-content-wrapper clearfix'>\n<div style='padding-bottom:10px;color:#ffffff;' class='av-special-heading av-special-heading-h1 custom-color-heading blockquote modern-quote modern-centered '><h1 class='av-special-heading-tag'  itemprop=\"headline\"  >\u00dadr\u017eba uzav\u00edrac\u00ed hadice<\/h1><div class='special-heading-border'><div class='special-heading-inner-border' style='border-color:#ffffff'><\/div><\/div><\/div>\n<section class=\"av_textblock_section\"  itemscope=\"itemscope\" itemtype=\"https:\/\/schema.org\/CreativeWork\" ><div class='avia_textblock '   itemprop=\"text\" ><h1 class=\"alttitle\" style=\"text-align: center;\">\u00dadr\u017eba uzav\u00edrac\u00ed hadice<\/h1>\n<\/div><\/section><\/p>\n<div style='height:25px' class='hr hr-invisible '><span class='hr-inner ' ><span class='hr-inner-style'><\/span><\/span><\/div>\n<div class=\"flex_column av_one_half  flex_column_div av-zero-column-padding first  \" style='border-radius:0px; '><section class=\"av_textblock_section\"  itemscope=\"itemscope\" itemtype=\"https:\/\/schema.org\/CreativeWork\" ><div class='avia_textblock '   itemprop=\"text\" ><p>Uzav\u00edrac\u00ed hadice je velmi d\u016fle\u017eitou sou\u010d\u00e1st\u00ed provozn\u00edho syst\u00e9mu tryskac\u00edho za\u0159\u00edzen\u00ed. Tohle na stroji zastavuje trysk\u00e1n\u00ed. Je navr\u017een tak, aby bylo levn\u00fdm, snadno vym\u011bniteln\u00fdm p\u0159\u00edslu\u0161enstv\u00edm. Zat\u00edmco jin\u00ed k tomuto \u00fa\u010delu pou\u017e\u00edvaj\u00ed komplikovan\u00e9, drah\u00e9, t\u011b\u017eko m\u011bniteln\u00e9, patentovan\u00e9 sou\u010d\u00e1stky, u n\u00e1s je to 18 palcov\u00e1 \u010d\u00e1st tryskac\u00ed hadice. Uzav\u00edrac\u00ed hadici t\u0159eba pravideln\u011b oto\u010dit dokola a vizu\u00e1ln\u011b ji zkontrolovat P\u0159i zpozorov\u00e1n\u00ed prvn\u00edch p\u0159\u00edznak\u016f opot\u0159eben\u00ed je t\u0159eba ji vym\u011bnit.<\/p>\n<p>Na videu vpravo m\u016f\u017eete vid\u011bt spr\u00e1vnou \u00fadr\u017ebu a v\u00fdm\u011bnu uzav\u00edrac\u00ed hadice.<\/p>\n<\/div><\/section><\/div>\n<div class=\"flex_column av_one_half  flex_column_div av-zero-column-padding   \" style='border-radius:0px; '><div class='avia-image-container  av-styling-   avia-align-center '  itemscope=\"itemscope\" itemtype=\"https:\/\/schema.org\/ImageObject\"  ><div class='avia-image-container-inner'><a href='https:\/\/www.youtube.com\/watch?v=HUKcKObw4uQ' class='avia_image'  ><img class='avia_image ' src='https:\/\/dustlessblasting.sk\/dstlssblstng17\/wp-content\/uploads\/Pinch-Hose.png' alt='' title='Pinch-Hose'  itemprop=\"contentURL\"  \/><\/a><\/div><\/div><\/div>\n<div  class='hr hr-default '><span class='hr-inner ' ><span class='hr-inner-style'><\/span><\/span><\/div>\n<div class=\"flex_column av_one_half  flex_column_div av-zero-column-padding first  \" style='border-radius:0px; '><div class='avia-image-container  av-styling-   avia-align-center '  itemscope=\"itemscope\" itemtype=\"https:\/\/schema.org\/ImageObject\"  ><div class='avia-image-container-inner'><img class='avia_image ' src='https:\/\/dustlessblasting.sk\/dstlssblstng17\/wp-content\/uploads\/phr.gif' alt='' title='phr'   itemprop=\"contentURL\"  \/><\/div><\/div><\/div>\n<div class=\"flex_column av_one_half  flex_column_div av-zero-column-padding   \" style='border-radius:0px; '><section class=\"av_textblock_section\"  itemscope=\"itemscope\" itemtype=\"https:\/\/schema.org\/CreativeWork\" ><div class='avia_textblock '   itemprop=\"text\" ><p>Dal\u0161\u00ed vynikaj\u00edc\u00ed vlastnost\u00ed tohoto opera\u010dn\u00edho syst\u00e9mu je, \u017ee budete moci pokra\u010dovat v trysk\u00e1n\u00ed i tehdy, pokud dojde k po\u0161kozen\u00ed uzav\u00edrac\u00ed hadice a nebudete m\u00edt po ruce takov\u00fd n\u00e1hradn\u00ed d\u00edl. Jednodu\u0161e p\u0159ipojte tryskac\u00ed hadici p\u0159\u00edmo na v\u00fdstupn\u00ed konektor a pokra\u010dujte v trysk\u00e1n\u00ed, dokud nedostanete novou uzav\u00edrac\u00ed hadici. Toto se v\u0161ak sm\u00ed prov\u00e1d\u011bt pouze v krajn\u00edm p\u0159\u00edpad\u011b. Nikdy nepou\u017e\u00edvejte uzav\u00edrac\u00ed hadici, a\u017e dokud se po\u0161kod\u00ed a v\u017edy m\u011bjte k dispozici n\u00e1hradn\u00ed uzav\u00edrac\u00ed hadice. Stroj dostanete se 3 uzav\u00edrac\u00edmi hadicemi a nov\u00e9 uzav\u00edrac\u00ed hadice m\u016f\u017eete zakoupit p\u0159\u00edmo u n\u00e1s.<\/p>\n<p>Pokud pot\u0159ebujete psan\u00fd a ti\u0161t\u011bn\u00fd manu\u00e1l, m\u016f\u017eete si ho st\u00e1hnout <a href=\"http:\/\/dustlessblasting.sk\/dstlssblstng17\/wp-content\/uploads\/Pinch-Hose-Rotation.pdf\">ZDE<\/a>.<\/p>\n<\/div><\/section><\/div>\n","protected":false},"excerpt":{"rendered":"","protected":false},"author":1,"featured_media":0,"parent":2357,"menu_order":0,"comment_status":"closed","ping_status":"closed","template":"","meta":[],"_links":{"self":[{"href":"https:\/\/dustlessblasting.sk\/cs\/wp-json\/wp\/v2\/pages\/2347"}],"collection":[{"href":"https:\/\/dustlessblasting.sk\/cs\/wp-json\/wp\/v2\/pages"}],"about":[{"href":"https:\/\/dustlessblasting.sk\/cs\/wp-json\/wp\/v2\/types\/page"}],"author":[{"embeddable":true,"href":"https:\/\/dustlessblasting.sk\/cs\/wp-json\/wp\/v2\/users\/1"}],"replies":[{"embeddable":true,"href":"https:\/\/dustlessblasting.sk\/cs\/wp-json\/wp\/v2\/comments?post=2347"}],"version-history":[{"count":6,"href":"https:\/\/dustlessblasting.sk\/cs\/wp-json\/wp\/v2\/pages\/2347\/revisions"}],"predecessor-version":[{"id":3181,"href":"https:\/\/dustlessblasting.sk\/cs\/wp-json\/wp\/v2\/pages\/2347\/revisions\/3181"}],"up":[{"embeddable":true,"href":"https:\/\/dustlessblasting.sk\/cs\/wp-json\/wp\/v2\/pages\/2357"}],"wp:attachment":[{"href":"https:\/\/dustlessblasting.sk\/cs\/wp-json\/wp\/v2\/media?parent=2347"}],"curies":[{"name":"wp","href":"https:\/\/api.w.org\/{rel}","templated":true}]}}