{"id":2346,"date":"2016-08-30T12:02:05","date_gmt":"2016-08-30T12:02:05","guid":{"rendered":"http:\/\/dustlessblasting.sk\/regulacia-tlaku-tryskania\/"},"modified":"2019-10-11T16:50:33","modified_gmt":"2019-10-11T16:50:33","slug":"regulace-tlaku-tryskani","status":"publish","type":"page","link":"https:\/\/dustlessblasting.sk\/cs\/skoleni\/regulace-tlaku-tryskani\/","title":{"rendered":"Regulace tlaku trysk\u00e1n\u00ed"},"content":{"rendered":"<\/div><\/div><\/div><!-- close content main div --><\/div><\/div><div id='subpage-header' class='avia-section main_color avia-section-small avia-no-shadow avia-bg-style-scroll  av-minimum-height av-minimum-height-custom container_wrap fullsize' style = 'background-repeat: no-repeat; background-image: url(https:\/\/dustlessblasting.sk\/dstlssblstng17\/wp-content\/uploads\/subpage-background.jpg); background-attachment: scroll; background-position: top left; ' data-section-bg-repeat='no-repeat' ><div class='container' style='height:293px'><div class='template-page content  av-content-full alpha units'><div class='post-entry post-entry-type-page post-entry-2346'><div class='entry-content-wrapper clearfix'>\n<div style='padding-bottom:10px;color:#ffffff;' class='av-special-heading av-special-heading-h1 custom-color-heading blockquote modern-quote modern-centered '><h1 class='av-special-heading-tag'  itemprop=\"headline\"  >Regulace tlaku trysk\u00e1n\u00ed<\/h1><div class='special-heading-border'><div class='special-heading-inner-border' style='border-color:#ffffff'><\/div><\/div><\/div>\n<section class=\"av_textblock_section\"  itemscope=\"itemscope\" itemtype=\"https:\/\/schema.org\/CreativeWork\" ><div class='avia_textblock '   itemprop=\"text\" ><h1 class=\"alttitle\" style=\"text-align: center;\">Regulace tlaku trysk\u00e1n\u00ed<\/h1>\n<\/div><\/section><\/p>\n<div style='height:25px' class='hr hr-invisible '><span class='hr-inner ' ><span class='hr-inner-style'><\/span><\/span><\/div>\n<div class=\"flex_column av_one_half  flex_column_div av-zero-column-padding first  \" style='border-radius:0px; '><section class=\"av_textblock_section\"  itemscope=\"itemscope\" itemtype=\"https:\/\/schema.org\/CreativeWork\" ><div class='avia_textblock '   itemprop=\"text\" ><p>Na Dustless Blasting bezpra\u0161n\u00e9m tryskac\u00edm za\u0159\u00edzen\u00ed lze snadno, oto\u010den\u00edm jednoduch\u00e9ho tla\u010d\u00edtka, m\u011bnit tlak trysk\u00e1n\u00ed. \u010c\u00edm vy\u0161\u0161\u00ed tlak, t\u00edm vy\u0161\u0161\u00ed v\u00fdkon. Je z\u0159ejm\u00e9, \u017ee ni\u017e\u0161\u00ed tlak je \u0161etrn\u011bj\u0161\u00ed k tryskan\u00e9mu povrchu. Pokud pot\u0159ebujete tryskat m\u011bk\u010d\u00ed materi\u00e1l nebo velmi tenk\u00fd kov, je vhodn\u00e9 tlak sn\u00ed\u017eit, aby nedo\u0161lo k po\u0161kozen\u00ed.<\/p>\n<p>P\u0159i ot\u00e1\u010den\u00ed tla\u010d\u00edtka \u0159\u00eddic\u00edho nastaven\u00ed tlaku ve sm\u011bru hodinov\u00fdch ru\u010di\u010dek tlak stoup\u00e1, v opa\u010dn\u00e9m sm\u011bru kles\u00e1. Pokud se pokus\u00edte sn\u00ed\u017eit tlak tehdy, kdy\u017e je n\u00e1dr\u017e pod tlakem, tak bu\u010f mus\u00edte n\u011bkoho po\u017e\u00e1dat, aby sou\u010dasn\u011b vykon\u00e1val trysk\u00e1n\u00ed, nebo trochu pootev\u0159ete vypou\u0161t\u011bc\u00ed ventil, abyste \u010d\u00e1ste\u010dn\u011b vypustili z tlaku n\u00e1dr\u017ee. Na videu vpravo si m\u016f\u017eete prohl\u00e9dnout, jak m\u016f\u017eete regulovat tlak trysk\u00e1n\u00ed.<\/p>\n<\/div><\/section><\/div>\n<div class=\"flex_column av_one_half  flex_column_div av-zero-column-padding   \" style='border-radius:0px; '><div class='avia-image-container  av-styling-   avia-align-center '  itemscope=\"itemscope\" itemtype=\"https:\/\/schema.org\/ImageObject\"  ><div class='avia-image-container-inner'><a href='https:\/\/www.youtube.com\/watch?v=6EH2PoK09Zc' class='avia_image'  ><img class='avia_image ' src='https:\/\/dustlessblasting.sk\/dstlssblstng17\/wp-content\/uploads\/Blast-Pressure.png' alt='' title='Blast-Pressure'  itemprop=\"contentURL\"  \/><\/a><\/div><\/div><\/div>\n<div style='height:50px' class='hr hr-invisible '><span class='hr-inner ' ><span class='hr-inner-style'><\/span><\/span><\/div>\n","protected":false},"excerpt":{"rendered":"","protected":false},"author":1,"featured_media":0,"parent":2357,"menu_order":0,"comment_status":"closed","ping_status":"closed","template":"","meta":[],"_links":{"self":[{"href":"https:\/\/dustlessblasting.sk\/cs\/wp-json\/wp\/v2\/pages\/2346"}],"collection":[{"href":"https:\/\/dustlessblasting.sk\/cs\/wp-json\/wp\/v2\/pages"}],"about":[{"href":"https:\/\/dustlessblasting.sk\/cs\/wp-json\/wp\/v2\/types\/page"}],"author":[{"embeddable":true,"href":"https:\/\/dustlessblasting.sk\/cs\/wp-json\/wp\/v2\/users\/1"}],"replies":[{"embeddable":true,"href":"https:\/\/dustlessblasting.sk\/cs\/wp-json\/wp\/v2\/comments?post=2346"}],"version-history":[{"count":6,"href":"https:\/\/dustlessblasting.sk\/cs\/wp-json\/wp\/v2\/pages\/2346\/revisions"}],"predecessor-version":[{"id":3178,"href":"https:\/\/dustlessblasting.sk\/cs\/wp-json\/wp\/v2\/pages\/2346\/revisions\/3178"}],"up":[{"embeddable":true,"href":"https:\/\/dustlessblasting.sk\/cs\/wp-json\/wp\/v2\/pages\/2357"}],"wp:attachment":[{"href":"https:\/\/dustlessblasting.sk\/cs\/wp-json\/wp\/v2\/media?parent=2346"}],"curies":[{"name":"wp","href":"https:\/\/api.w.org\/{rel}","templated":true}]}}