{"id":2345,"date":"2016-08-30T12:12:27","date_gmt":"2016-08-30T12:12:27","guid":{"rendered":"http:\/\/dustlessblasting.sk\/tok-tryskacieho-prostriedka\/"},"modified":"2019-10-11T16:52:27","modified_gmt":"2019-10-11T16:52:27","slug":"tok-tryskaciho-prostredku","status":"publish","type":"page","link":"https:\/\/dustlessblasting.sk\/cs\/skoleni\/tok-tryskaciho-prostredku\/","title":{"rendered":"Tok tryskac\u00edho prost\u0159edku"},"content":{"rendered":"<\/div><\/div><\/div><!-- close content main div --><\/div><\/div><div id='subpage-header' class='avia-section main_color avia-section-small avia-no-shadow avia-bg-style-scroll  av-minimum-height av-minimum-height-custom container_wrap fullsize' style = 'background-repeat: no-repeat; background-image: url(https:\/\/dustlessblasting.sk\/dstlssblstng17\/wp-content\/uploads\/subpage-background.jpg); background-attachment: scroll; background-position: top left; ' data-section-bg-repeat='no-repeat' ><div class='container' style='height:293px'><div class='template-page content  av-content-full alpha units'><div class='post-entry post-entry-type-page post-entry-2345'><div class='entry-content-wrapper clearfix'>\n<div style='padding-bottom:10px;color:#ffffff;' class='av-special-heading av-special-heading-h1 custom-color-heading blockquote modern-quote modern-centered '><h1 class='av-special-heading-tag'  itemprop=\"headline\"  >Tok tryskac\u00edho prost\u0159edku<\/h1><div class='special-heading-border'><div class='special-heading-inner-border' style='border-color:#ffffff'><\/div><\/div><\/div>\n<section class=\"av_textblock_section\"  itemscope=\"itemscope\" itemtype=\"https:\/\/schema.org\/CreativeWork\" ><div class='avia_textblock '   itemprop=\"text\" ><h1 class=\"alttitle\" style=\"text-align: center;\">Tok tryskac\u00edho prost\u0159edku<\/h1>\n<\/div><\/section><\/p>\n<div style='height:25px' class='hr hr-invisible '><span class='hr-inner ' ><span class='hr-inner-style'><\/span><\/span><\/div>\n<div class=\"flex_column av_one_half  no_margin flex_column_div av-zero-column-padding first  \" style='border-radius:0px; '><div class='avia-image-container  av-styling-   avia-align-center '  itemscope=\"itemscope\" itemtype=\"https:\/\/schema.org\/ImageObject\"  ><div class='avia-image-container-inner'><img class='avia_image ' src='https:\/\/dustlessblasting.sk\/dstlssblstng17\/wp-content\/uploads\/225pipeanimation.gif' alt='' title='225pipeanimation'   itemprop=\"contentURL\"  \/><\/div><\/div><\/div>\n<div class=\"flex_column av_one_half  no_margin flex_column_div av-zero-column-padding   \" style='border-radius:0px; '><p><div class='avia-image-container  av-styling-   avia-align-center '  itemscope=\"itemscope\" itemtype=\"https:\/\/schema.org\/ImageObject\"  ><div class='avia-image-container-inner'><a href='https:\/\/www.youtube.com\/watch?v=IkaIw46LnkU' class='avia_image'  ><img class='avia_image ' src='https:\/\/dustlessblasting.sk\/dstlssblstng17\/wp-content\/uploads\/Media-Flow.png' alt='' title='Media-Flow'  itemprop=\"contentURL\"  \/><\/a><\/div><\/div><br \/>\n<div style='padding-bottom:0px;' class='av-special-heading av-special-heading-h2  blockquote modern-quote modern-centered  '><h2 class='av-special-heading-tag'  itemprop=\"headline\"  >Mokr\u00e9 trysk\u00e1n\u00ed<\/h2><div class='special-heading-border'><div class='special-heading-inner-border' ><\/div><\/div><\/div><br \/>\n<section class=\"av_textblock_section\"  itemscope=\"itemscope\" itemtype=\"https:\/\/schema.org\/CreativeWork\" ><div class='avia_textblock '   itemprop=\"text\" ><p>Za\u010dn\u011bte s v\u00fdstupn\u00ed hadic\u00ed (Outlet Pipe), s 1,27 cm (1\/2 palce) nad zav\u0159enou polohou a nastavujte 1,58 cm (1,16 palce) kroky, dokud tryskac\u00ed prost\u0159edky neopust\u00ed tryskac\u00ed hlavu p\u0159ed vodou. Pro materi\u00e1l s hrub\u0161\u00edm zrnem t\u0159eba v\u011bt\u0161\u00ed nastaven\u00ed v\u00fdstupn\u00ed hadice.<\/p>\n<\/div><\/section><br \/>\n<div style='padding-bottom:0px;' class='av-special-heading av-special-heading-h2  blockquote modern-quote modern-centered '><h2 class='av-special-heading-tag'  itemprop=\"headline\"  >Such\u00e9 trysk\u00e1n\u00ed<\/h2><div class='special-heading-border'><div class='special-heading-inner-border' ><\/div><\/div><\/div><br \/>\n<section class=\"av_textblock_section\"  itemscope=\"itemscope\" itemtype=\"https:\/\/schema.org\/CreativeWork\" ><div class='avia_textblock '   itemprop=\"text\" ><p>Za\u010dn\u011bte s v\u00fdstupn\u00ed hadic\u00ed s 9,52 cm (3\/8 palce) nad zav\u0159enou polohou, pak nastavujte 1,58 cm (1\/16 palce) kroky, dokud nedostanete po\u017eadovan\u00fd pom\u011br v\u00fdkonu. V p\u0159\u00edpad\u011b jemn\u00e9ho tryskac\u00edho prost\u0159edku bude nastaven\u00ed bl\u00ed\u017ee k 3,17 cm (1\/8 palce), zat\u00edmco v p\u0159\u00edpad\u011b hrubozrnn\u011bj\u0161\u00edho materi\u00e1lu k 1,9 cm (3\/4 palce).<\/p>\n<\/div><\/section><\/p><\/div>\n<div  class='hr hr-default '><span class='hr-inner ' ><span class='hr-inner-style'><\/span><\/span><\/div>\n<section class=\"av_textblock_section\"  itemscope=\"itemscope\" itemtype=\"https:\/\/schema.org\/CreativeWork\" ><div class='avia_textblock '   itemprop=\"text\" ><p>Bezpra\u0161n\u00e9 trysk\u00e1n\u00ed Dustless Blasting lze pou\u017e\u00edt na such\u00e9 i mokr\u00e9 trysk\u00e1n\u00ed s pou\u017eit\u00edm \u0161irok\u00e9 \u0161k\u00e1ly tryskac\u00edch prost\u0159edk\u016f. P\u00e1ka tryskac\u00edho prost\u0159edku (Abrasive Lever) mus\u00ed b\u00fdt nastavena v z\u00e1vislosti na aplikovan\u00e9m tryskac\u00edm prost\u0159edku, respektive podle toho, zda stroj pou\u017e\u00edv\u00e1te nasucho nebo namokro.<\/p>\n<p>Tla\u010d\u00edtko tryskac\u00edho prost\u0159edku nastavuje p\u00e1ku tryskac\u00edho prost\u0159edku do ur\u010dit\u00e9 v\u00fd\u0161ky a v\u00fd\u0161ka ramene tryskac\u00edho prost\u0159edku p\u0159\u00edmo souvis\u00ed s v\u00fd\u0161kou v\u00fdtokov\u00e9 hadice, kter\u00e1 jde sm\u011brem dol\u016f ve st\u0159edu stroje a setk\u00e1v\u00e1 se s proudem p\u0159iv\u00e1d\u011bn\u00e9ho vzduchu. \u010c\u00edm v\u011bt\u0161\u00ed je mezera mezi proudem p\u0159iv\u00e1d\u011bn\u00e9ho vzduchu a v\u00fdstupn\u00ed hadic\u00ed, t\u00edm v\u00edce tryskac\u00edch prost\u0159edk\u016f stroj nas\u00e1v\u00e1. Pokud chcete, aby se ze stroje minul tryskac\u00ed prost\u0159edek sp\u00ed\u0161e ne\u017e voda, nastavujte tohle 1,58 cm (1\/16 palce) kroky dokud to nedos\u00e1hnete. V\u00fd\u0161e uveden\u00e9 video pom\u016f\u017ee pochopit tento proces.<\/p>\n<\/div><\/section>\n","protected":false},"excerpt":{"rendered":"","protected":false},"author":1,"featured_media":0,"parent":2357,"menu_order":0,"comment_status":"closed","ping_status":"closed","template":"","meta":[],"_links":{"self":[{"href":"https:\/\/dustlessblasting.sk\/cs\/wp-json\/wp\/v2\/pages\/2345"}],"collection":[{"href":"https:\/\/dustlessblasting.sk\/cs\/wp-json\/wp\/v2\/pages"}],"about":[{"href":"https:\/\/dustlessblasting.sk\/cs\/wp-json\/wp\/v2\/types\/page"}],"author":[{"embeddable":true,"href":"https:\/\/dustlessblasting.sk\/cs\/wp-json\/wp\/v2\/users\/1"}],"replies":[{"embeddable":true,"href":"https:\/\/dustlessblasting.sk\/cs\/wp-json\/wp\/v2\/comments?post=2345"}],"version-history":[{"count":6,"href":"https:\/\/dustlessblasting.sk\/cs\/wp-json\/wp\/v2\/pages\/2345\/revisions"}],"predecessor-version":[{"id":3180,"href":"https:\/\/dustlessblasting.sk\/cs\/wp-json\/wp\/v2\/pages\/2345\/revisions\/3180"}],"up":[{"embeddable":true,"href":"https:\/\/dustlessblasting.sk\/cs\/wp-json\/wp\/v2\/pages\/2357"}],"wp:attachment":[{"href":"https:\/\/dustlessblasting.sk\/cs\/wp-json\/wp\/v2\/media?parent=2345"}],"curies":[{"name":"wp","href":"https:\/\/api.w.org\/{rel}","templated":true}]}}