{"id":2344,"date":"2016-08-30T12:56:55","date_gmt":"2016-08-30T12:56:55","guid":{"rendered":"http:\/\/dustlessblasting.sk\/spravne-pouzitie-inhibitora-korozie\/"},"modified":"2019-10-11T16:51:35","modified_gmt":"2019-10-11T16:51:35","slug":"spravne-pouziti-inhibitoru-koroze","status":"publish","type":"page","link":"https:\/\/dustlessblasting.sk\/cs\/skoleni\/spravne-pouziti-inhibitoru-koroze\/","title":{"rendered":"Spr\u00e1vn\u00e9 pou\u017eit\u00ed inhibitoru koroze"},"content":{"rendered":"<\/div><\/div><\/div><!-- close content main div --><\/div><\/div><div id='subpage-header' class='avia-section main_color avia-section-small avia-no-shadow avia-bg-style-scroll  av-minimum-height av-minimum-height-custom container_wrap fullsize' style = 'background-repeat: no-repeat; background-image: url(https:\/\/dustlessblasting.sk\/dstlssblstng17\/wp-content\/uploads\/subpage-background.jpg); background-attachment: scroll; background-position: top left; ' data-section-bg-repeat='no-repeat' ><div class='container' style='height:293px'><div class='template-page content  av-content-full alpha units'><div class='post-entry post-entry-type-page post-entry-2344'><div class='entry-content-wrapper clearfix'>\n<div style='padding-bottom:10px;color:#ffffff;' class='av-special-heading av-special-heading-h1 custom-color-heading blockquote modern-quote modern-centered '><h1 class='av-special-heading-tag'  itemprop=\"headline\"  >Spr\u00e1vn\u00e9 pou\u017eit\u00ed inhibitoru koroze<\/h1><div class='special-heading-border'><div class='special-heading-inner-border' style='border-color:#ffffff'><\/div><\/div><\/div>\n<section class=\"av_textblock_section\"  itemscope=\"itemscope\" itemtype=\"https:\/\/schema.org\/CreativeWork\" ><div class='avia_textblock '   itemprop=\"text\" ><h1 class=\"alttitle\" style=\"text-align: center;\">Spr\u00e1vn\u00e9 pou\u017eit\u00ed inhibitoru koroze<\/h1>\n<\/div><\/section><\/p>\n<div style='height:25px' class='hr hr-invisible '><span class='hr-inner ' ><span class='hr-inner-style'><\/span><\/span><\/div>\n<div class=\"flex_column av_one_half  no_margin flex_column_div av-zero-column-padding first  \" style='border-radius:0px; '><section class=\"av_textblock_section\"  itemscope=\"itemscope\" itemtype=\"https:\/\/schema.org\/CreativeWork\" ><div class='avia_textblock '   itemprop=\"text\" ><p>Dustless Blasting bezpra\u0161n\u00e9 trysk\u00e1n\u00ed je \u00fa\u017easn\u00fd proces, kter\u00fd je rychlej\u0161\u00ed, \u010dist\u0161\u00ed a \u00fasporn\u011bj\u0161\u00ed ne\u017e b\u011b\u017en\u00e9 such\u00e9 trysk\u00e1n\u00ed tryskac\u00edmi prost\u0159edky. Voda pou\u017e\u00edvan\u00e1 b\u011bhem bezpra\u0161n\u00e9ho trysk\u00e1n\u00ed m\u016f\u017ee podporovat vznik koroze, kter\u00e9mu m\u016f\u017eeme snadno zabr\u00e1nit pou\u017eit\u00edm Dustless Blasting inhibitoru koroze.<\/p>\n<p>Spr\u00e1vn\u00e9 pou\u017e\u00edv\u00e1n\u00ed inhibitoru koroze pom\u00e1h\u00e1 nejen p\u0159edch\u00e1zet oxidaci, ale zanech\u00e1 po sob\u011b tak\u00e9 perfektn\u00ed povrch pro nanesen\u00ed z\u00e1kladn\u00ed vrstvy \u010di barven\u00ed. Inhibitor koroze nefunguje tak, \u017ee na kovu vytvo\u0159\u00ed povlak odoln\u00fd proti korozi, ale \u017ee z kovu \u00fapln\u011b odstran\u00ed chloridy. Pokud znovu nezne\u010dist\u00edte kov, ten z\u016fstane bez koroze by\u0165 i 72 hodin. Pro v\u00edce informac\u00ed se pod\u00edvejte na video vpravo nebo si p\u0159e\u010dt\u011bte n\u00ed\u017ee uveden\u00e9 informace.<\/p>\n<\/div><\/section><\/div>\n<div class=\"flex_column av_one_half  no_margin flex_column_div av-zero-column-padding   \" style='border-radius:0px; '><div class='avia-image-container  av-styling-   avia-align-center '  itemscope=\"itemscope\" itemtype=\"https:\/\/schema.org\/ImageObject\"  ><div class='avia-image-container-inner'><a href='https:\/\/www.youtube.com\/watch?v=yZHgw5efRQk' class='avia_image'  ><img class='avia_image ' src='https:\/\/dustlessblasting.sk\/dstlssblstng17\/wp-content\/uploads\/ri-vid-thumb.jpg' alt='' title='ri-vid-thumb'  itemprop=\"contentURL\"  \/><\/a><\/div><\/div><\/div>\n<div style='height:50px' class='hr hr-invisible '><span class='hr-inner ' ><span class='hr-inner-style'><\/span><\/span><\/div>\n<div class=\"flex_column av_one_fourth  no_margin flex_column_div first  \" style='padding:13px 0px 0px 0px ; border-radius:0px; '><div class='avia-image-container  av-styling-   avia-align-center '  itemscope=\"itemscope\" itemtype=\"https:\/\/schema.org\/ImageObject\"  ><div class='avia-image-container-inner'><img class='avia_image ' src='https:\/\/dustlessblasting.sk\/dstlssblstng17\/wp-content\/uploads\/sprayer.jpg' alt='' title='sprayer'   itemprop=\"contentURL\"  \/><\/div><\/div><\/div>\n<div class=\"flex_column av_three_fourth  no_margin flex_column_div av-zero-column-padding   \" style='border-radius:0px; '><section class=\"av_textblock_section\"  itemscope=\"itemscope\" itemtype=\"https:\/\/schema.org\/CreativeWork\" ><div class='avia_textblock '   itemprop=\"text\" ><p>Inhibitor koroze t\u0159eba v pom\u011bru 1\/100 p\u0159im\u00edchat do tryskac\u00ed vody. To znamen\u00e1, \u017ee na 19 litr\u016f (5 galon\u016f) 0,2 litry (7 oz-\u016f). T\u00edmto se b\u011bhem trysk\u00e1n\u00ed zabr\u00e1n\u00ed zanesen\u00ed chlorid\u016f do kovu. Po dokon\u010den\u00ed trysk\u00e1n\u00ed t\u0159eba v ka\u017ed\u00e9m p\u0159\u00edpad\u011b uskute\u010dnit posledn\u00ed opl\u00e1chnut\u00ed. Po opl\u00e1chnut\u00ed je d\u016fle\u017eit\u00e9 z kovu odstranit ve\u0161ker\u00fd zbytek vody, aby se na vzduchu osu\u0161il. Pro tento \u00fa\u010del pou\u017e\u00edv\u00e1me elektrick\u00fd ventil\u00e1tor. Pokud nic znovu nezne\u010dist\u00ed kov (voda, rosa, karoseriov\u00e9 oleje atd.), rez z\u016fstane mimo by\u0165 i po dobu 72 hodin. Po trysk\u00e1n\u00ed je vhodn\u00e9 co nejd\u0159\u00edve nan\u00e9st na kov z\u00e1kladn\u00ed n\u00e1t\u011br.<\/p>\n<p>Cht\u011bli byste pou\u017e\u00edvat takov\u00fd rozpra\u0161ova\u010d, kter\u00fd m\u016f\u017ee b\u00fdt p\u0159ipojen k vodn\u00ed hadici a bude po litry d\u00e1vkovat nastaven\u00e9 mno\u017estv\u00ed inhibitoru koroze? Co jsme pou\u017eili my, je vid\u011bt na obr\u00e1zku vlevo, tento n\u00e1stroj si m\u016f\u017eete objednat od na\u0161\u00ed firmy. Je\u0161t\u011b jednodu\u0161\u0161\u00edm \u0159e\u0161en\u00edm je, pokud m\u00e1te n\u011bkter\u00fd z na\u0161ich za\u0159\u00edzen\u00ed, pokud inhibitor koroze nalijete do n\u00e1doby a kov m\u016f\u017eete pomoc\u00ed za\u0159\u00edzen\u00ed super rychle opl\u00e1chnout.<\/p>\n<\/div><\/section><\/div>\n","protected":false},"excerpt":{"rendered":"","protected":false},"author":1,"featured_media":0,"parent":2357,"menu_order":0,"comment_status":"closed","ping_status":"closed","template":"","meta":[],"_links":{"self":[{"href":"https:\/\/dustlessblasting.sk\/cs\/wp-json\/wp\/v2\/pages\/2344"}],"collection":[{"href":"https:\/\/dustlessblasting.sk\/cs\/wp-json\/wp\/v2\/pages"}],"about":[{"href":"https:\/\/dustlessblasting.sk\/cs\/wp-json\/wp\/v2\/types\/page"}],"author":[{"embeddable":true,"href":"https:\/\/dustlessblasting.sk\/cs\/wp-json\/wp\/v2\/users\/1"}],"replies":[{"embeddable":true,"href":"https:\/\/dustlessblasting.sk\/cs\/wp-json\/wp\/v2\/comments?post=2344"}],"version-history":[{"count":6,"href":"https:\/\/dustlessblasting.sk\/cs\/wp-json\/wp\/v2\/pages\/2344\/revisions"}],"predecessor-version":[{"id":3179,"href":"https:\/\/dustlessblasting.sk\/cs\/wp-json\/wp\/v2\/pages\/2344\/revisions\/3179"}],"up":[{"embeddable":true,"href":"https:\/\/dustlessblasting.sk\/cs\/wp-json\/wp\/v2\/pages\/2357"}],"wp:attachment":[{"href":"https:\/\/dustlessblasting.sk\/cs\/wp-json\/wp\/v2\/media?parent=2344"}],"curies":[{"name":"wp","href":"https:\/\/api.w.org\/{rel}","templated":true}]}}