{"id":2343,"date":"2016-08-30T13:17:33","date_gmt":"2016-08-30T13:17:33","guid":{"rendered":"http:\/\/dustlessblasting.sk\/odporucane-tryskacie-prostriedky\/"},"modified":"2019-10-11T16:46:04","modified_gmt":"2019-10-11T16:46:04","slug":"doporucene-tryskaci-prostredky","status":"publish","type":"page","link":"https:\/\/dustlessblasting.sk\/cs\/skoleni\/doporucene-tryskaci-prostredky\/","title":{"rendered":"Doporu\u010den\u00e9 tryskac\u00ed prost\u0159edky"},"content":{"rendered":"<\/div><\/div><\/div><!-- close content main div --><\/div><\/div><div id='subpage-header' class='avia-section main_color avia-section-small avia-no-shadow avia-bg-style-scroll  av-minimum-height av-minimum-height-custom container_wrap fullsize' style = 'background-repeat: no-repeat; background-image: url(https:\/\/dustlessblasting.sk\/dstlssblstng17\/wp-content\/uploads\/subpage-background.jpg); background-attachment: scroll; background-position: top left; ' data-section-bg-repeat='no-repeat' ><div class='container' style='height:293px'><div class='template-page content  av-content-full alpha units'><div class='post-entry post-entry-type-page post-entry-2343'><div class='entry-content-wrapper clearfix'>\n<div style='padding-bottom:10px;color:#ffffff;' class='av-special-heading av-special-heading-h1 custom-color-heading blockquote modern-quote modern-centered '><h1 class='av-special-heading-tag'  itemprop=\"headline\"  >Doporu\u010den\u00e9 tryskac\u00ed prost\u0159edky<\/h1><div class='special-heading-border'><div class='special-heading-inner-border' style='border-color:#ffffff'><\/div><\/div><\/div>\n<section class=\"av_textblock_section\"  itemscope=\"itemscope\" itemtype=\"https:\/\/schema.org\/CreativeWork\" ><div class='avia_textblock '   itemprop=\"text\" ><h1 class=\"alttitle\" style=\"text-align: center;\">Doporu\u010den\u00e9 tryskac\u00ed prost\u0159edky k Dustless Blasting bezpra\u0161n\u00fdm tryskac\u00edm za\u0159\u00edzen\u00edm<\/h1>\n<\/div><\/section><\/p>\n<div style='height:25px' class='hr hr-invisible '><span class='hr-inner ' ><span class='hr-inner-style'><\/span><\/span><\/div>\n<div class=\"flex_column av_one_half  flex_column_div av-zero-column-padding first  \" style='border-radius:0px; '><section class=\"av_textblock_section\"  itemscope=\"itemscope\" itemtype=\"https:\/\/schema.org\/CreativeWork\" ><div class='avia_textblock '   itemprop=\"text\" ><p>Dustless Blasting bezpra\u0161n\u00e9 tryskac\u00ed za\u0159\u00edzen\u00ed umo\u017e\u0148uje pou\u017eit\u00ed \u0161irok\u00e9 \u0161k\u00e1ly tryskac\u00edch prost\u0159edk\u016f. Obecn\u011b se daj\u00ed pou\u017e\u00edt v\u0161echny takov\u00e9 tryskac\u00ed prost\u0159edky, kter\u00e9 jsou pono\u0159iteln\u00e9 ve vod\u011b a nerozpou\u0161t\u011bj\u00ed se v n\u00ed. Probl\u00e9mem mohou b\u00fdt tryskac\u00ed prost\u0159edky, kter\u00e9 jsou zne\u010di\u0161t\u011bn\u00e9 nebo nemaj\u00ed stejnou velikost \u010d\u00e1stic.<\/p>\n<p>Jeden z na\u0161ich obl\u00edben\u00fdch tryskac\u00edch prost\u0159edk\u016f je sklo z recyklovan\u00fdch lahv\u00ed. Nicm\u00e9n\u011b, kv\u016fli zp\u016fsobu zpracov\u00e1n\u00ed recyklovan\u00fdch sklen\u011bn\u00fdch lahv\u00ed nedoporu\u010dujeme, abyste pou\u017eili cokoli pod 40\/70. Pokud pot\u0159ebujete jemn\u011bj\u0161\u00ed \u010d\u00e1stice, tak doporu\u010dujeme p\u00edsek typu &#8222;sugar sand&#8220;, sklen\u011bn\u00e9 perly nebo gran\u00e1tov\u00fd p\u00edsek. Video vpravo trochu podrobn\u011bji vysv\u011btl\u00ed, jak je mo\u017en\u00e9 k Va\u0161emu Dustless Blaster bezpra\u0161n\u00e9mu tryskac\u00edmu za\u0159\u00edzen\u00ed naj\u00edt spr\u00e1vn\u00fd druh tryskac\u00edho prost\u0159edku.<\/p>\n<\/div><\/section><\/div>\n<div class=\"flex_column av_one_half  flex_column_div av-zero-column-padding   \" style='border-radius:0px; '><div class='avia-image-container  av-styling-   avia-align-center '  itemscope=\"itemscope\" itemtype=\"https:\/\/schema.org\/ImageObject\"  ><div class='avia-image-container-inner'><img class='avia_image ' src='https:\/\/dustlessblasting.sk\/dstlssblstng17\/wp-content\/uploads\/Abrasives.png' alt='' title='Abrasives'   itemprop=\"contentURL\"  \/><\/div><\/div><\/div>\n<div style='height:50px' class='hr hr-invisible '><span class='hr-inner ' ><span class='hr-inner-style'><\/span><\/span><\/div>\n<section class=\"av_textblock_section\"  itemscope=\"itemscope\" itemtype=\"https:\/\/schema.org\/CreativeWork\" ><div class='avia_textblock '   itemprop=\"text\" ><h2 class=\"alttitle\" style=\"text-align: center;\">Tryskac\u00ed prost\u0159edky pou\u017eiteln\u00e9 se za\u0159\u00edzen\u00edm<\/h2>\n<\/div><\/section>\n<div style='height:25px' class='hr hr-invisible '><span class='hr-inner ' ><span class='hr-inner-style'><\/span><\/span><\/div>\n<section class=\"av_textblock_section\"  itemscope=\"itemscope\" itemtype=\"https:\/\/schema.org\/CreativeWork\" ><div class='avia_textblock '   itemprop=\"text\" ><table style=\"max-width: 600px;\" border=\"1\" width=\"100%\" align=\"center\">\n<tbody>\n<tr>\n<td align=\"center\">Drcen\u00e9 sklo<\/td>\n<td align=\"center\">P\u00edsek<\/td>\n<td align=\"center\">Gran\u00e1tov\u00fd p\u00edsek<\/td>\n<\/tr>\n<tr>\n<td align=\"center\">Sklen\u011bn\u00e9 perly<\/td>\n<td align=\"center\">Uheln\u00fd popel<\/td>\n<td align=\"center\">Oxid hlinit\u00fd<\/td>\n<\/tr>\n<tr>\n<td colspan=\"3\">To jsou jen n\u011bkter\u00e9 z nejb\u011b\u017en\u011bj\u0161\u00edch tryskac\u00edch prost\u0159edk\u016f, tento seznam nen\u00ed kompletn\u00ed. S Dustless Blaster bezpra\u0161n\u00fdm tryskac\u00edm za\u0159\u00edzen\u00edm jsou kompatibiln\u00ed v\u0161echny takov\u00e9 tryskac\u00ed prost\u0159edky, kter\u00e9 jsou \u010dist\u00e9 s jednotnou velikost\u00ed \u010d\u00e1stic, pono\u0159iteln\u00e9 ve vod\u011b a nerozpou\u0161t\u011bj\u00ed se v n\u00ed.<\/td>\n<\/tr>\n<\/tbody>\n<\/table>\n<\/div><\/section>\n","protected":false},"excerpt":{"rendered":"","protected":false},"author":1,"featured_media":0,"parent":2357,"menu_order":0,"comment_status":"closed","ping_status":"closed","template":"","meta":[],"_links":{"self":[{"href":"https:\/\/dustlessblasting.sk\/cs\/wp-json\/wp\/v2\/pages\/2343"}],"collection":[{"href":"https:\/\/dustlessblasting.sk\/cs\/wp-json\/wp\/v2\/pages"}],"about":[{"href":"https:\/\/dustlessblasting.sk\/cs\/wp-json\/wp\/v2\/types\/page"}],"author":[{"embeddable":true,"href":"https:\/\/dustlessblasting.sk\/cs\/wp-json\/wp\/v2\/users\/1"}],"replies":[{"embeddable":true,"href":"https:\/\/dustlessblasting.sk\/cs\/wp-json\/wp\/v2\/comments?post=2343"}],"version-history":[{"count":7,"href":"https:\/\/dustlessblasting.sk\/cs\/wp-json\/wp\/v2\/pages\/2343\/revisions"}],"predecessor-version":[{"id":3174,"href":"https:\/\/dustlessblasting.sk\/cs\/wp-json\/wp\/v2\/pages\/2343\/revisions\/3174"}],"up":[{"embeddable":true,"href":"https:\/\/dustlessblasting.sk\/cs\/wp-json\/wp\/v2\/pages\/2357"}],"wp:attachment":[{"href":"https:\/\/dustlessblasting.sk\/cs\/wp-json\/wp\/v2\/media?parent=2343"}],"curies":[{"name":"wp","href":"https:\/\/api.w.org\/{rel}","templated":true}]}}