{"id":2342,"date":"2016-08-30T13:33:03","date_gmt":"2016-08-30T13:33:03","guid":{"rendered":"http:\/\/dustlessblasting.sk\/kedy-a-ako-treba-vyprazdnit-zasobnik-tryskacich-prostriedkov\/"},"modified":"2019-10-11T16:49:11","modified_gmt":"2019-10-11T16:49:11","slug":"kdy-a-jak-treba-vyprazdnit-zasobnik-tryskacich-prostredku","status":"publish","type":"page","link":"https:\/\/dustlessblasting.sk\/cs\/skoleni\/kdy-a-jak-treba-vyprazdnit-zasobnik-tryskacich-prostredku\/","title":{"rendered":"Kdy a jak t\u0159eba vypr\u00e1zdnit z\u00e1sobn\u00edk tryskac\u00edch prost\u0159edk\u016f"},"content":{"rendered":"<\/div><\/div><\/div><!-- close content main div --><\/div><\/div><div id='subpage-header' class='avia-section main_color avia-section-small avia-no-shadow avia-bg-style-scroll  av-minimum-height av-minimum-height-custom container_wrap fullsize' style = 'background-repeat: no-repeat; background-image: url(https:\/\/dustlessblasting.sk\/dstlssblstng17\/wp-content\/uploads\/subpage-background.jpg); background-attachment: scroll; background-position: top left; ' data-section-bg-repeat='no-repeat' ><div class='container' style='height:293px'><div class='template-page content  av-content-full alpha units'><div class='post-entry post-entry-type-page post-entry-2342'><div class='entry-content-wrapper clearfix'>\n<div style='padding-bottom:10px;color:#ffffff;' class='av-special-heading av-special-heading-h1 custom-color-heading blockquote modern-quote modern-centered '><h1 class='av-special-heading-tag'  itemprop=\"headline\"  >Kdy a jak t\u0159eba vypr\u00e1zdnit z\u00e1sobn\u00edk tryskac\u00edch prost\u0159edk\u016f<\/h1><div class='special-heading-border'><div class='special-heading-inner-border' style='border-color:#ffffff'><\/div><\/div><\/div>\n<section class=\"av_textblock_section\"  itemscope=\"itemscope\" itemtype=\"https:\/\/schema.org\/CreativeWork\" ><div class='avia_textblock '   itemprop=\"text\" ><h1 class=\"alttitle\" style=\"text-align: center;\">Kdy a jak t\u0159eba vypr\u00e1zdnit z\u00e1sobn\u00edk tryskac\u00edch prost\u0159edk\u016f?<\/h1>\n<\/div><\/section><\/p>\n<div style='height:25px' class='hr hr-invisible '><span class='hr-inner ' ><span class='hr-inner-style'><\/span><\/span><\/div>\n<div class=\"flex_column av_one_half  flex_column_div av-zero-column-padding first  \" style='border-radius:0px; '><p><section class=\"av_textblock_section\"  itemscope=\"itemscope\" itemtype=\"https:\/\/schema.org\/CreativeWork\" ><div class='avia_textblock '   itemprop=\"text\" ><p>Pokud del\u0161\u00ed dobu nepou\u017e\u00edv\u00e1te Dustless Blaster bezpra\u0161n\u00e9 tryskac\u00ed za\u0159\u00edzen\u00ed, je \u017e\u00e1douc\u00ed z n\u011bj vypr\u00e1zdnit vodu a tryskac\u00ed prost\u0159edky.<\/p>\n<p>Toto lze uskute\u010dnit dv\u011bma zp\u016fsoby. Prvn\u00ed zp\u016fsob, \u017ee materi\u00e1l jednodu\u0161e vysypete ze stroje. Kv\u016fli urychlen\u00ed tohoto procesu odstra\u0148te trysku z tryskac\u00ed hadice, ale hadici z\u00e1rove\u0148 pevn\u011b dr\u017ete. Bez trysky m\u00e1 pr\u016ftok vzduchu m\u00e9n\u011b p\u0159ek\u00e1\u017eek a hadice m\u016f\u017ee m\u00edt velmi siln\u00fd zp\u011btn\u00fd r\u00e1z.<\/p>\n<p>Pokud je ve stroji je\u0161t\u011b mnoho tryskac\u00edch prost\u0159edk\u016f respektive vody a nechcete utr\u00e1cet palivo, m\u016f\u017eete z k\u00f3nick\u00e9ho dna tryskac\u00ed n\u00e1dr\u017ee odmontovat pojistn\u00fd krou\u017eek a dok\u00e1\u017eete tak \u00fapln\u011b vypr\u00e1zdnit obsah stroje.<\/p>\n<\/div><\/section><br \/>\n<section class=\"av_textblock_section\"  itemscope=\"itemscope\" itemtype=\"https:\/\/schema.org\/CreativeWork\" ><div class='avia_textblock '   itemprop=\"text\" ><ul>\n<li>Zcela vypus\u0165te tlak ze stroje.<\/li>\n<li>Ze spodn\u00ed \u010d\u00e1sti stroje odstra\u0148te dva \u0161rouby.<\/li>\n<li>Ze spodn\u00ed \u010d\u00e1sti stroje odstra\u0148te dv\u011b &#8222;u\u0161i&#8220;.<\/li>\n<li>Odmontujte trysku pro p\u0159\u00edvod vzduchu (vypad\u00e1 jako klobouk poutn\u00edka).<\/li>\n<li>Odstra\u0148te t\u011bsn\u011bn\u00ed.<\/li>\n<li>Vytiskn\u011bte ze sv\u00e9ho m\u00edsta odlitek a vzduchovou hadici.<\/li>\n<li>Vnit\u0159ek za\u0159\u00edzen\u00ed vypl\u00e1chn\u011bte vodou.<\/li>\n<li>Po odstran\u011bn\u00ed vody a tryskac\u00edch prost\u0159edk\u016f ze stroje, smontujte stroj v opa\u010dn\u00e9m po\u0159ad\u00ed, ne\u017e bylo uvedeno d\u0159\u00edve.<br \/>\nVlo\u017ete na m\u00edsto t\u011bsn\u011bn\u00ed a sac\u00ed trysku vzduchu.<\/li>\n<li>Vlo\u017ete na m\u00edsto sac\u00ed trysku vzduchu a t\u011bsn\u011bn\u00ed.<\/li>\n<li>P\u0159itla\u010dte odlitek ke spodku stroje.<\/li>\n<li>Pomoc\u00ed u\u0161\u00ed a \u0161roub\u016f p\u0159ipevn\u011bte odlitek zp\u011bt na sv\u00e9 m\u00edsto.<\/li>\n<\/ul>\n<\/div><\/section><\/p><\/div>\n<div class=\"flex_column av_one_half  flex_column_div av-zero-column-padding   \" style='border-radius:0px; '><div class='avia-image-container  av-styling-   avia-align-center '  itemscope=\"itemscope\" itemtype=\"https:\/\/schema.org\/ImageObject\"  ><div class='avia-image-container-inner'><img class='avia_image ' src='https:\/\/dustlessblasting.sk\/dstlssblstng17\/wp-content\/uploads\/flange.gif' alt='' title='flange'   itemprop=\"contentURL\"  \/><\/div><\/div><\/div>\n","protected":false},"excerpt":{"rendered":"","protected":false},"author":1,"featured_media":0,"parent":2357,"menu_order":0,"comment_status":"closed","ping_status":"closed","template":"","meta":[],"_links":{"self":[{"href":"https:\/\/dustlessblasting.sk\/cs\/wp-json\/wp\/v2\/pages\/2342"}],"collection":[{"href":"https:\/\/dustlessblasting.sk\/cs\/wp-json\/wp\/v2\/pages"}],"about":[{"href":"https:\/\/dustlessblasting.sk\/cs\/wp-json\/wp\/v2\/types\/page"}],"author":[{"embeddable":true,"href":"https:\/\/dustlessblasting.sk\/cs\/wp-json\/wp\/v2\/users\/1"}],"replies":[{"embeddable":true,"href":"https:\/\/dustlessblasting.sk\/cs\/wp-json\/wp\/v2\/comments?post=2342"}],"version-history":[{"count":6,"href":"https:\/\/dustlessblasting.sk\/cs\/wp-json\/wp\/v2\/pages\/2342\/revisions"}],"predecessor-version":[{"id":3177,"href":"https:\/\/dustlessblasting.sk\/cs\/wp-json\/wp\/v2\/pages\/2342\/revisions\/3177"}],"up":[{"embeddable":true,"href":"https:\/\/dustlessblasting.sk\/cs\/wp-json\/wp\/v2\/pages\/2357"}],"wp:attachment":[{"href":"https:\/\/dustlessblasting.sk\/cs\/wp-json\/wp\/v2\/media?parent=2342"}],"curies":[{"name":"wp","href":"https:\/\/api.w.org\/{rel}","templated":true}]}}