{"id":2341,"date":"2016-08-30T13:36:48","date_gmt":"2016-08-30T13:36:48","guid":{"rendered":"http:\/\/dustlessblasting.sk\/odporucany-tlak-tryskania\/"},"modified":"2019-10-11T16:48:13","modified_gmt":"2019-10-11T16:48:13","slug":"doporuceny-tlak-tryskani","status":"publish","type":"page","link":"https:\/\/dustlessblasting.sk\/cs\/skoleni\/doporuceny-tlak-tryskani\/","title":{"rendered":"Doporu\u010den\u00fd tlak trysk\u00e1n\u00ed"},"content":{"rendered":"<\/div><\/div><\/div><!-- close content main div --><\/div><\/div><div id='subpage-header' class='avia-section main_color avia-section-small avia-no-shadow avia-bg-style-scroll  av-minimum-height av-minimum-height-custom container_wrap fullsize' style = 'background-repeat: no-repeat; background-image: url(https:\/\/dustlessblasting.sk\/dstlssblstng17\/wp-content\/uploads\/subpage-background.jpg); background-attachment: scroll; background-position: top left; ' data-section-bg-repeat='no-repeat' ><div class='container' style='height:293px'><div class='template-page content  av-content-full alpha units'><div class='post-entry post-entry-type-page post-entry-2341'><div class='entry-content-wrapper clearfix'>\n<div style='padding-bottom:10px;color:#ffffff;' class='av-special-heading av-special-heading-h1 custom-color-heading blockquote modern-quote modern-centered '><h1 class='av-special-heading-tag'  itemprop=\"headline\"  >Doporu\u010den\u00fd tlak trysk\u00e1n\u00ed<\/h1><div class='special-heading-border'><div class='special-heading-inner-border' style='border-color:#ffffff'><\/div><\/div><\/div>\n<section class=\"av_textblock_section\"  itemscope=\"itemscope\" itemtype=\"https:\/\/schema.org\/CreativeWork\" ><div class='avia_textblock '   itemprop=\"text\" ><h1 class=\"alttitle\" style=\"text-align: center;\">Doporu\u010den\u00fd tlak trysk\u00e1n\u00ed<\/h1>\n<\/div><\/section><\/p>\n<div style='height:25px' class='hr hr-invisible '><span class='hr-inner ' ><span class='hr-inner-style'><\/span><\/span><\/div>\n<div class=\"flex_column av_one_half  flex_column_div av-zero-column-padding first  \" style='border-radius:0px; '><section class=\"av_textblock_section\"  itemscope=\"itemscope\" itemtype=\"https:\/\/schema.org\/CreativeWork\" ><div class='avia_textblock '   itemprop=\"text\" ><p>P\u0159i r\u016fzn\u00fdch materi\u00e1lech a povlac\u00edch se mus\u00ed aplikovat r\u016fzn\u00fd tlak a vzd\u00e1lenost trysk\u00e1n\u00ed. Hrub\u0161\u00ed kov snese i vy\u0161\u0161\u00ed tlak, p\u0159i\u010dem\u017e kovov\u00e1 deska m\u016f\u017ee b\u00fdt deformovan\u00e1, pokud pou\u017eijeme p\u0159\u00edli\u0161 vysok\u00fd tlak trysk\u00e1n\u00ed. Jednoduch\u00e1 vrstva barvy m\u016f\u017ee b\u00fdt snadno odstran\u011bna tryskou udr\u017eovanou ve v\u011bt\u0161\u00ed vzd\u00e1lenosti, dokud tvrd\u00fd z\u00e1kladn\u00ed n\u00e1t\u011br sjede l\u00e9pe, pokud trysku udr\u017eujeme bl\u00ed\u017ee.<\/p>\n<p>Vzd\u00e1lenost mezi tryskou tryskac\u00edho za\u0159\u00edzen\u00ed a povrchem materi\u00e1lu m\u00e1 vliv na jemnost a rychlost trysk\u00e1n\u00ed a ovliv\u0148uje tak\u00e9 velikost &#8222;tryskac\u00edho vzoru&#8220;. Pokud dr\u017e\u00edte trysku p\u0159\u00edli\u0161 daleko, tryskac\u00ed vzor bude velk\u00fd, ale povlak se bude z povrchu odstra\u0148ovat pomalu. Pokud trysku budete dr\u017eet p\u0159\u00edli\u0161 bl\u00edzko, tryskac\u00ed vzor bude mal\u00fd a povlak se rychle odstran\u00ed z povrchu. V p\u0159\u00edpad\u011b mal\u00e9ho tryskac\u00edho vzoru budete muset mnohem v\u00edce pohybovat s va\u0161\u00edm ramenem, abyste pokryli stejnou plochu, a to nen\u00ed \u00fa\u010dinn\u00e9. Nejlep\u0161\u00ed je naj\u00edt rozumnou rovnov\u00e1hu mezi velikost\u00ed tryskac\u00edho vzoru a rychlost\u00ed odstra\u0148ov\u00e1n\u00ed.<\/p>\n<\/div><\/section><\/div>\n<div class=\"flex_column av_one_half  flex_column_div av-zero-column-padding   \" style='border-radius:0px; '><div class='avia-image-container  av-styling-   avia-align-center '  itemscope=\"itemscope\" itemtype=\"https:\/\/schema.org\/ImageObject\"  ><div class='avia-image-container-inner'><a href='https:\/\/www.youtube.com\/watch?v=ysRvnvHp888' class='avia_image'  ><img class='avia_image ' src='https:\/\/dustlessblasting.sk\/dstlssblstng17\/wp-content\/uploads\/Suggested-Blast-Pressure.png' alt='' title='Suggested-Blast-Pressure'  itemprop=\"contentURL\"  \/><\/a><\/div><\/div><\/div>\n<section class=\"av_textblock_section\"  itemscope=\"itemscope\" itemtype=\"https:\/\/schema.org\/CreativeWork\" ><div class='avia_textblock '   itemprop=\"text\" ><p>Jak budete pomoc\u00ed tryskac\u00edho za\u0159\u00edzen\u00ed opracov\u00e1vat st\u00e1le v\u00edce v\u011bc\u00ed, budete c\u00edtit, kter\u00fd tryskac\u00ed prost\u0159edek se d\u00e1 jak pou\u017e\u00edt a instinktivn\u011b budete um\u011bt vybrat vhodnou vzd\u00e1lenost trysk\u00e1n\u00ed. Viz v\u00fd\u0161e uveden\u00e9 video, jak\u00fd rozsah tlaku je vhodn\u00fd pro nejb\u011b\u017en\u011bj\u0161\u00ed materi\u00e1ly. Tato informace je tak\u00e9 uvedena v p\u00edsemn\u00e9 form\u011b v n\u00ed\u017ee uveden\u00e9 tabulce.<\/p>\n<p>Toto jsou pouze p\u0159ibli\u017en\u00e9 pravidla, experimentujte, dokud nenajdete optim\u00e1ln\u00ed techniku. R\u016fzn\u00e9 n\u00e1t\u011bry vy\u017eaduj\u00ed odli\u0161n\u00e9 techniky a ve skute\u010dnosti V\u00e1s povedou pouze zdrav\u00fd rozum a experimentov\u00e1n\u00ed. \u010c\u00edm bl\u00ed\u017ee je tryska tryskac\u00edho za\u0159\u00edzen\u00ed k tryskan\u00e9mu povrchu, t\u00edm men\u0161\u00ed je tryskac\u00ed vzor, t\u00edm hrub\u0161\u00ed je \u00fa\u010dinek trysk\u00e1n\u00ed a t\u00edm rychleji se odstran\u00ed povlak. Zat\u00edmco to nec\u00edt\u00edte, za\u010d\u00ednejte trysk\u00e1n\u00ed z v\u011bt\u0161\u00ed vzd\u00e1lenosti a pomalu se p\u0159ibli\u017eujte, abyste v \u017e\u00e1dn\u00e9m p\u0159\u00edpad\u011b nepo\u0161kodili z\u00e1kladn\u00ed vrstvu.<\/p>\n<table border=\"1\" width=\"933\" cellspacing=\"0\" cellpadding=\"0\" align=\"center\">\n<tbody>\n<tr>\n<td valign=\"top\"><strong>Materi\u00e1l<\/strong><\/td>\n<td valign=\"top\" width=\"132\"><strong>Lamin\u00e1tov\u00e9 \u010dluny<\/strong><\/td>\n<td valign=\"top\" width=\"131\"><strong>Cihlov\u00e9 st\u011bny <\/strong><\/td>\n<td valign=\"top\" width=\"131\"><strong>*V\u00edko zavazadlov\u00e9ho prostoru a kapota<\/strong><\/td>\n<td valign=\"top\" width=\"131\"><strong>Kovov\u00e9 karoserie<\/strong><\/td>\n<td valign=\"top\" width=\"131\"><strong>Hrub\u00fd hlin\u00edk<\/strong><\/td>\n<td valign=\"top\" width=\"131\"><strong>Hrub\u00e1 ocel<\/strong><\/td>\n<\/tr>\n<tr>\n<td valign=\"top\" width=\"130\"><strong>Tlak trysk\u00e1n\u00ed<\/strong><\/td>\n<td valign=\"top\">70 PSI<\/td>\n<td valign=\"top\">100 PSI<\/td>\n<td valign=\"top\">70 PSI<\/td>\n<td valign=\"top\">100-120 PSI<\/td>\n<td valign=\"top\">120-150 PSI<\/td>\n<td valign=\"top\">150 PSI<\/td>\n<\/tr>\n<tr>\n<td valign=\"top\" width=\"130\"><strong>Vzd\u00e1lenost trysk\u00e1nia<\/strong><\/td>\n<td valign=\"top\" width=\"132\">18-24 palc\u016f<\/td>\n<td valign=\"top\" width=\"131\">18-24 palc\u016f<\/td>\n<td valign=\"top\" width=\"131\">12-14 palc\u016f<\/td>\n<td valign=\"top\" width=\"131\">12-14 palc\u016f<\/td>\n<td valign=\"top\" width=\"131\">12-20 palc\u016f<\/td>\n<td valign=\"top\" width=\"131\">10-14 palc\u016f<\/td>\n<\/tr>\n<tr>\n<td valign=\"top\" width=\"130\"><strong>Tryskac\u00ed vzor<\/strong><\/td>\n<td valign=\"top\" width=\"132\">Velk\u00fd<\/td>\n<td valign=\"top\" width=\"131\">Velk\u00fd<\/td>\n<td valign=\"top\" width=\"131\">St\u0159edn\u00ed, 20\u00ba-ov\u00fd \u00fahel<\/td>\n<td valign=\"top\" width=\"131\">St\u0159edn\u00ed<\/td>\n<td valign=\"top\" width=\"131\">St\u0159edn\u00ed &#8211; Velk\u00fd<\/td>\n<td valign=\"top\" width=\"131\">St\u0159edn\u00ed<\/td>\n<\/tr>\n<\/tbody>\n<\/table>\n<p style=\"text-align: center;\">*\u00a0Pokud trysk\u00e1te v\u00edko zavazadlov\u00e9ho prostoru a kapotu, bu\u010fte opatrn\u00ed, abyste neodd\u011blili v\u00edko nebo kovovou konstrukci pod st\u0159echou od kovov\u00e9 desky.<\/p>\n<p style=\"text-align: center;\">Jedin\u011b tato konstrukce udr\u017euje desku v po\u017eadovan\u00e9 form\u011b.<\/p>\n<\/div><\/section>\n","protected":false},"excerpt":{"rendered":"","protected":false},"author":1,"featured_media":0,"parent":2357,"menu_order":0,"comment_status":"closed","ping_status":"closed","template":"","meta":[],"_links":{"self":[{"href":"https:\/\/dustlessblasting.sk\/cs\/wp-json\/wp\/v2\/pages\/2341"}],"collection":[{"href":"https:\/\/dustlessblasting.sk\/cs\/wp-json\/wp\/v2\/pages"}],"about":[{"href":"https:\/\/dustlessblasting.sk\/cs\/wp-json\/wp\/v2\/types\/page"}],"author":[{"embeddable":true,"href":"https:\/\/dustlessblasting.sk\/cs\/wp-json\/wp\/v2\/users\/1"}],"replies":[{"embeddable":true,"href":"https:\/\/dustlessblasting.sk\/cs\/wp-json\/wp\/v2\/comments?post=2341"}],"version-history":[{"count":8,"href":"https:\/\/dustlessblasting.sk\/cs\/wp-json\/wp\/v2\/pages\/2341\/revisions"}],"predecessor-version":[{"id":3176,"href":"https:\/\/dustlessblasting.sk\/cs\/wp-json\/wp\/v2\/pages\/2341\/revisions\/3176"}],"up":[{"embeddable":true,"href":"https:\/\/dustlessblasting.sk\/cs\/wp-json\/wp\/v2\/pages\/2357"}],"wp:attachment":[{"href":"https:\/\/dustlessblasting.sk\/cs\/wp-json\/wp\/v2\/media?parent=2341"}],"curies":[{"name":"wp","href":"https:\/\/api.w.org\/{rel}","templated":true}]}}