{"id":2340,"date":"2016-08-30T13:45:33","date_gmt":"2016-08-30T13:45:33","guid":{"rendered":"http:\/\/dustlessblasting.sk\/zatiahnutie-ramena-tryskacieho-prostriedku\/"},"modified":"2019-10-11T16:56:41","modified_gmt":"2019-10-11T16:56:41","slug":"zatazeni-ramene-tryskaciho-prostredku","status":"publish","type":"page","link":"https:\/\/dustlessblasting.sk\/cs\/skoleni\/zatazeni-ramene-tryskaciho-prostredku\/","title":{"rendered":"Zata\u017een\u00ed ramene tryskac\u00edho prost\u0159edku"},"content":{"rendered":"<\/div><\/div><\/div><!-- close content main div --><\/div><\/div><div id='subpage-header' class='avia-section main_color avia-section-small avia-no-shadow avia-bg-style-scroll  av-minimum-height av-minimum-height-custom container_wrap fullsize' style = 'background-repeat: no-repeat; background-image: url(https:\/\/dustlessblasting.sk\/dstlssblstng17\/wp-content\/uploads\/subpage-background.jpg); background-attachment: scroll; background-position: top left; ' data-section-bg-repeat='no-repeat' ><div class='container' style='height:293px'><div class='template-page content  av-content-full alpha units'><div class='post-entry post-entry-type-page post-entry-2340'><div class='entry-content-wrapper clearfix'>\n<div style='padding-bottom:10px;color:#ffffff;' class='av-special-heading av-special-heading-h1 custom-color-heading blockquote modern-quote modern-centered '><h1 class='av-special-heading-tag'  itemprop=\"headline\"  >Zata\u017een\u00ed ramene tryskac\u00edho prost\u0159edku<\/h1><div class='special-heading-border'><div class='special-heading-inner-border' style='border-color:#ffffff'><\/div><\/div><\/div>\n\n<section class=\"av_textblock_section\"  itemscope=\"itemscope\" itemtype=\"https:\/\/schema.org\/CreativeWork\" ><div class='avia_textblock '   itemprop=\"text\" ><h1 class=\"alttitle\" style=\"text-align: center;\">Zata\u017een\u00ed ramene tryskac\u00edho prost\u0159edku<\/h1>\n<\/div><\/section>\n<div style='height:25px' class='hr hr-invisible '><span class='hr-inner ' ><span class='hr-inner-style'><\/span><\/span><\/div>\n<div class=\"flex_column av_one_half  flex_column_div av-zero-column-padding first  \" style='border-radius:0px; '><section class=\"av_textblock_section\"  itemscope=\"itemscope\" itemtype=\"https:\/\/schema.org\/CreativeWork\" ><div class='avia_textblock '   itemprop=\"text\" ><p>Je mo\u017en\u00e9, \u017ee rameno tryskac\u00edho prost\u0159edku se uvoln\u00ed a ztrat\u00ed svou uzav\u00edrac\u00ed schopnost. K tomuto doch\u00e1z\u00ed proto, \u017ee \u0161roub a matice udr\u017euj\u00edc\u00ed p\u00e1ku na m\u00edst\u011b se v d\u016fsledku vibrac\u00ed \u010dasem uvoln\u00ed. Tato chyba se d\u00e1 velmi snadno opravit, jak to ukazuje video vlevo.<br \/>\n1. Uvoln\u011bte matici na horn\u00ed stran\u011b vahadla.<br \/>\n2. Ut\u00e1hn\u011bte doln\u00ed matici, dokud vahadlem t\u00e1hnete dol\u016f.<br \/>\n3. P\u0159ipevn\u011bte rameno tryskac\u00edho prost\u0159edku a pod\u00edvejte se, zda je spr\u00e1vn\u011b pnut\u00ed.<br \/>\n4. Pokud je pnut\u00ed dobr\u00e9, ut\u00e1hn\u011bte horn\u00ed matici, abyste konstrukci zajistili na sv\u00e9 m\u00edsto.<\/p>\n<\/div><\/section><\/div>\n<div class=\"flex_column av_one_half  flex_column_div av-zero-column-padding   \" style='border-radius:0px; '><div class='avia-image-container  av-styling-   avia-align-center '  itemscope=\"itemscope\" itemtype=\"https:\/\/schema.org\/ImageObject\"  ><div class='avia-image-container-inner'><a href='https:\/\/www.youtube.com\/watch?v=Og3G3JS-N48' class='avia_image'  ><img class='avia_image ' src='https:\/\/dustlessblasting.sk\/dstlssblstng17\/wp-content\/uploads\/Retension.png' alt='' title='Retension'  itemprop=\"contentURL\"  \/><\/a><\/div><\/div><\/div>\n<div style='height:250px' class='hr hr-invisible '><span class='hr-inner ' ><span class='hr-inner-style'><\/span><\/span><\/div>\n","protected":false},"excerpt":{"rendered":"","protected":false},"author":1,"featured_media":0,"parent":2357,"menu_order":0,"comment_status":"closed","ping_status":"closed","template":"","meta":[],"_links":{"self":[{"href":"https:\/\/dustlessblasting.sk\/cs\/wp-json\/wp\/v2\/pages\/2340"}],"collection":[{"href":"https:\/\/dustlessblasting.sk\/cs\/wp-json\/wp\/v2\/pages"}],"about":[{"href":"https:\/\/dustlessblasting.sk\/cs\/wp-json\/wp\/v2\/types\/page"}],"author":[{"embeddable":true,"href":"https:\/\/dustlessblasting.sk\/cs\/wp-json\/wp\/v2\/users\/1"}],"replies":[{"embeddable":true,"href":"https:\/\/dustlessblasting.sk\/cs\/wp-json\/wp\/v2\/comments?post=2340"}],"version-history":[{"count":6,"href":"https:\/\/dustlessblasting.sk\/cs\/wp-json\/wp\/v2\/pages\/2340\/revisions"}],"predecessor-version":[{"id":3185,"href":"https:\/\/dustlessblasting.sk\/cs\/wp-json\/wp\/v2\/pages\/2340\/revisions\/3185"}],"up":[{"embeddable":true,"href":"https:\/\/dustlessblasting.sk\/cs\/wp-json\/wp\/v2\/pages\/2357"}],"wp:attachment":[{"href":"https:\/\/dustlessblasting.sk\/cs\/wp-json\/wp\/v2\/media?parent=2340"}],"curies":[{"name":"wp","href":"https:\/\/api.w.org\/{rel}","templated":true}]}}