{"id":2334,"date":"2016-08-30T16:57:37","date_gmt":"2016-08-30T16:57:37","guid":{"rendered":"http:\/\/dustlessblasting.sk\/db-3000\/"},"modified":"2019-10-11T17:26:46","modified_gmt":"2019-10-11T17:26:46","slug":"db3000","status":"publish","type":"page","link":"https:\/\/dustlessblasting.sk\/cs\/produkty-2\/db3000\/","title":{"rendered":"DB3000"},"content":{"rendered":"<\/div><\/div><\/div><!-- close content main div --><\/div><\/div><div id='subpage-header' class='avia-section main_color avia-section-small avia-no-shadow avia-bg-style-scroll  av-minimum-height av-minimum-height-custom container_wrap fullsize' style = 'background-repeat: no-repeat; background-image: url(https:\/\/dustlessblasting.sk\/dstlssblstng17\/wp-content\/uploads\/banner-berendezesek.jpg); background-attachment: scroll; background-position: top left; ' data-section-bg-repeat='no-repeat' ><div class='container' style='height:293px'><div class='template-page content  av-content-full alpha units'><div class='post-entry post-entry-type-page post-entry-2334'><div class='entry-content-wrapper clearfix'>\n<div style='padding-bottom:10px;color:#ffffff;' class='av-special-heading av-special-heading-h1 custom-color-heading blockquote modern-quote modern-centered '><h1 class='av-special-heading-tag'  itemprop=\"headline\"  >DB3000<\/h1><div class='special-heading-border'><div class='special-heading-inner-border' style='border-color:#ffffff'><\/div><\/div><\/div>\n<div class=\"flex_column av_one_half  no_margin flex_column_div av-zero-column-padding first  \" style='border-radius:0px; '><p><section class=\"av_textblock_section\"  itemscope=\"itemscope\" itemtype=\"https:\/\/schema.org\/CreativeWork\" ><div class='avia_textblock '   itemprop=\"text\" ><div id=\"threesixty-slider-1212_isZTSJ\" class=\"threesixty-loading threesixty-image threesixty-gray threesixty-glow threesixty-no-border\" style=\"width: 419px;\">\r\n\t<div class=\"threesixty-preview-1212_isZTSJ\"><img class=\"threesixty-preview-image\" src=\"https:\/\/dustlessblasting.sk\/dstlssblstng17\/wp-content\/uploads\/DB3000_12.jpg\"\/><\/div>\r\n\t<div class=\"threesixty-spinner threesixty-spinner-1212_isZTSJ\">\r\n\t\t<span>0%<\/span>\r\n\t<\/div>\r\n\t<ol class=\"threesixty-images threesixty-images-1212_isZTSJ\"><\/ol>\r\n\t\t<\/div>\r\n<!--SPV--><script type=\"text\/javascript\">\/\/SPV\r\n(function($) {\r\n\t\"use strict\";\r\n\t\tvar product_1212_isZTSJ = $('#threesixty-slider-1212_isZTSJ').ThreeSixty({\r\n\t\ttotalFrames: 12,\r\n\t\tendFrame: 0,\r\n\t\tcurrentFrame: 12,\r\n\t\timgList: '.threesixty-images-1212_isZTSJ',\r\n\t\tprogress: '.threesixty-spinner-1212_isZTSJ',\r\n\t\tpreview: '.threesixty-preview-1212_isZTSJ',\r\n\t\timages: ['https:\/\/dustlessblasting.sk\/dstlssblstng17\/wp-content\/uploads\/DB3000_01.jpg','https:\/\/dustlessblasting.sk\/dstlssblstng17\/wp-content\/uploads\/DB3000_02.jpg','https:\/\/dustlessblasting.sk\/dstlssblstng17\/wp-content\/uploads\/DB3000_03.jpg','https:\/\/dustlessblasting.sk\/dstlssblstng17\/wp-content\/uploads\/DB3000_04.jpg','https:\/\/dustlessblasting.sk\/dstlssblstng17\/wp-content\/uploads\/DB3000_05.jpg','https:\/\/dustlessblasting.sk\/dstlssblstng17\/wp-content\/uploads\/DB3000_06.jpg','https:\/\/dustlessblasting.sk\/dstlssblstng17\/wp-content\/uploads\/DB3000_07.jpg','https:\/\/dustlessblasting.sk\/dstlssblstng17\/wp-content\/uploads\/DB3000_08.jpg','https:\/\/dustlessblasting.sk\/dstlssblstng17\/wp-content\/uploads\/DB3000_09.jpg','https:\/\/dustlessblasting.sk\/dstlssblstng17\/wp-content\/uploads\/DB3000_10.jpg','https:\/\/dustlessblasting.sk\/dstlssblstng17\/wp-content\/uploads\/DB3000_11.jpg','https:\/\/dustlessblasting.sk\/dstlssblstng17\/wp-content\/uploads\/DB3000_12.jpg'],\r\n\t\theight: 0,\r\n\t\twidth: 419,\r\n\t\tnavigation: false,\r\n\t\tdrag: true,\r\n\t\tshowCursor: true,\r\n\t\tinterval: 40,\r\n\t\tspeedMultiplier: 7,\r\n\t\tmonitorInt: 10,\r\n\t\t\t\tonReady: function() {\r\n\t\t\t$(\"#threesixty-slider-1212_isZTSJ\").removeClass('threesixty-loading');\r\n\t\t\t\t\t\t\t\t}\r\n\t\t\t});\r\n\t\t\t}(jQuery));\r\n<\/script>\n<\/div><\/section><br \/>\n<section class=\"av_textblock_section\"  itemscope=\"itemscope\" itemtype=\"https:\/\/schema.org\/CreativeWork\" ><div class='avia_textblock '   itemprop=\"text\" ><p>Pomoc\u00ed my\u0161i je mo\u017en\u00e9 ot\u00e1\u010den\u00ed obr\u00e1zku o 360 stup\u0148\u016f.<\/p>\n<\/div><\/section><\/p><\/div><\/p>\n<div class=\"flex_column av_one_half  no_margin flex_column_div   \" style='padding:78px 0px 0px 48px ; border-radius:0px; '><p><div class='avia-image-container  av-styling-   avia-align-left '  itemscope=\"itemscope\" itemtype=\"https:\/\/schema.org\/ImageObject\"  ><div class='avia-image-container-inner'><img class='avia_image ' src='https:\/\/dustlessblasting.sk\/dstlssblstng17\/wp-content\/uploads\/db-3000-title.png' alt='' title='db-3000-title'   itemprop=\"contentURL\"  \/><\/div><\/div><br \/>\n<section class=\"av_textblock_section\"  itemscope=\"itemscope\" itemtype=\"https:\/\/schema.org\/CreativeWork\" ><div class='avia_textblock '   itemprop=\"text\" ><h3>DB3000 je n\u00e1\u0161 stroj s nejv\u011bt\u0161\u00edm objemem a nejvy\u0161\u0161\u00ed produktivitou. Mezi napln\u011bn\u00edmi je schopen by\u0165 i 6 hodinov\u00e9ho nep\u0159etr\u017eit\u00e9ho trysk\u00e1n\u00ed. Tento stroj je ide\u00e1ln\u00ed pro v\u00fdkon obrovsk\u00fdch pr\u016fmyslov\u00fdch \u00fakol\u016f. Je schopen pracovat s jedn\u00edm 375+ CFM kompresorem. Tento p\u0159\u00edstroj pracuje s dvoupalcovou hadic\u00ed a velkou 8-ovou tryskou. Je vynikaj\u00edc\u00ed i pro odstran\u011bn\u00ed t\u011bch nejn\u00e1ro\u010dn\u011bj\u0161\u00edch, nejhrub\u0161\u00edch pr\u016fmyslov\u00fdch n\u00e1t\u011br\u016f.<\/h3>\n<\/div><\/section><\/p><\/div>\n<div  class='hr hr-default '><span class='hr-inner ' ><span class='hr-inner-style'><\/span><\/span><\/div>\n<div class='avia-image-container  av-styling-   avia-align-center '  itemscope=\"itemscope\" itemtype=\"https:\/\/schema.org\/ImageObject\"  ><div class='avia-image-container-inner'><img class='avia_image ' src='https:\/\/dustlessblasting.sk\/dstlssblstng17\/wp-content\/uploads\/specs-db3000.jpg' alt='' title='specs-db3000'   itemprop=\"contentURL\"  \/><\/div><\/div>\n<div style='height:20px' class='hr hr-invisible '><span class='hr-inner ' ><span class='hr-inner-style'><\/span><\/span><\/div>\n<div class=\"flex_column av_one_half  flex_column_div av-zero-column-padding first  \" style='border-radius:0px; '><p><div style='padding-bottom:10px;' class='av-special-heading av-special-heading-h3  blockquote modern-quote '><h3 class='av-special-heading-tag'  itemprop=\"headline\"  >DB3000-ov\u00e1 tryskac\u00ed n\u00e1dr\u017e:<\/h3><div class='special-heading-border'><div class='special-heading-inner-border' ><\/div><\/div><\/div><br \/>\n<section class=\"av_textblock_section\"  itemscope=\"itemscope\" itemtype=\"https:\/\/schema.org\/CreativeWork\" ><div class='avia_textblock '   itemprop=\"text\" ><ul>\n<li>Kapacita 850 litr\u016f (30 kubick\u00fdch stop)<\/li>\n<li>Na jedno nabit\u00ed cca. 4-6 hodinov\u00fd \u010das trysk\u00e1n\u00ed<\/li>\n<li>Velikost stroje: v\u00fd\u0161ka x \u0161\u00ed\u0159ka x hloubka: 98&#8243; x 49&#8243; x 49&#8243;<\/li>\n<li>Hmotnost &#8211; 545 kg (1200 liber)<\/li>\n<li>Provozn\u00ed tlak: 30-150 PSI<\/li>\n<li>M\u00e1 ASME \/ PED \/ CE certifikaci<\/li>\n<li>Texask\u00fd model *\n<p style=\"text-align: center;\">*Vnit\u0159n\u00ed sou\u010d\u00e1sti jsou vyrobeny z kalen\u00e9 oceli<\/p>\n<\/li>\n<\/ul>\n<\/div><\/section><\/p><\/div>\n<div class=\"flex_column av_one_half  flex_column_div av-zero-column-padding   \" style='border-radius:0px; '><p><div style='padding-bottom:10px;' class='av-special-heading av-special-heading-h3  blockquote modern-quote '><h3 class='av-special-heading-tag'  itemprop=\"headline\"  >P\u0159\u00edslu\u0161enstv\u00ed za\u0159\u00edzen\u00ed:<\/h3><div class='special-heading-border'><div class='special-heading-inner-border' ><\/div><\/div><\/div><br \/>\n<section class=\"av_textblock_section\"  itemscope=\"itemscope\" itemtype=\"https:\/\/schema.org\/CreativeWork\" ><div class='avia_textblock '   itemprop=\"text\" ><ul>\n<li>30,5 m (100 stop) dlouh\u00e1 tryskac\u00ed hadice<\/li>\n<li>Bd\u011bl\u00fd pojistn\u00fd ventil<\/li>\n<li>Tryska z karbidu wolframov\u00e9ho<\/li>\n<li>Mo\u017en\u00e9 pln\u011bn\u00ed syp\u00e1n\u00edm<\/li>\n<li>Do\u017eivotn\u00ed z\u00e1ruka na tryskac\u00ed n\u00e1dobu<\/li>\n<\/ul>\n<\/div><\/section><\/p><\/div>\n<div style='height:10px' class='hr hr-invisible '><span class='hr-inner ' ><span class='hr-inner-style'><\/span><\/span><\/div>\n<section class=\"av_textblock_section\"  itemscope=\"itemscope\" itemtype=\"https:\/\/schema.org\/CreativeWork\" ><div class='avia_textblock '   itemprop=\"text\" ><p style=\"text-align: center;\"><a href=\"http:\/\/dustlessblasting.sk\/dstlssblstng17\/wp-content\/uploads\/DB3000-Specs.pdf\">Pro n\u00e1hled a vyti\u0161t\u011bn\u00ed let\u00e1ku ve form\u00e1tu PDF klikn\u011bte zde<\/a><\/p>\n<\/div><\/section>\n<div style='height:30px' class='hr hr-invisible '><span class='hr-inner ' ><span class='hr-inner-style'><\/span><\/span><\/div>\n<div  class='avia-video avia-video-16-9  '  itemprop=\"video\" itemtype=\"https:\/\/schema.org\/VideoObject\" ><div class='avia-iframe-wrap'><iframe width=\"1500\" height=\"844\" src=\"https:\/\/www.youtube.com\/embed\/ssw9ZGulj1Y?feature=oembed\" frameborder=\"0\" allowfullscreen><\/iframe><\/div><\/div>\n<section class=\"av_textblock_section\"  itemscope=\"itemscope\" itemtype=\"https:\/\/schema.org\/CreativeWork\" ><div class='avia_textblock '   itemprop=\"text\" ><p style=\"text-align: center;\">Pokud se video nenahraje, klikn\u011bte <a href=\"https:\/\/www.youtube.com\/watch?v=ssw9ZGulj1Y\">ZDE<\/a>, abyste si ho mohli prohl\u00e9dnout.<\/p>\n<\/div><\/section>\n","protected":false},"excerpt":{"rendered":"","protected":false},"author":1,"featured_media":0,"parent":2358,"menu_order":0,"comment_status":"closed","ping_status":"closed","template":"","meta":[],"_links":{"self":[{"href":"https:\/\/dustlessblasting.sk\/cs\/wp-json\/wp\/v2\/pages\/2334"}],"collection":[{"href":"https:\/\/dustlessblasting.sk\/cs\/wp-json\/wp\/v2\/pages"}],"about":[{"href":"https:\/\/dustlessblasting.sk\/cs\/wp-json\/wp\/v2\/types\/page"}],"author":[{"embeddable":true,"href":"https:\/\/dustlessblasting.sk\/cs\/wp-json\/wp\/v2\/users\/1"}],"replies":[{"embeddable":true,"href":"https:\/\/dustlessblasting.sk\/cs\/wp-json\/wp\/v2\/comments?post=2334"}],"version-history":[{"count":6,"href":"https:\/\/dustlessblasting.sk\/cs\/wp-json\/wp\/v2\/pages\/2334\/revisions"}],"predecessor-version":[{"id":3204,"href":"https:\/\/dustlessblasting.sk\/cs\/wp-json\/wp\/v2\/pages\/2334\/revisions\/3204"}],"up":[{"embeddable":true,"href":"https:\/\/dustlessblasting.sk\/cs\/wp-json\/wp\/v2\/pages\/2358"}],"wp:attachment":[{"href":"https:\/\/dustlessblasting.sk\/cs\/wp-json\/wp\/v2\/media?parent=2334"}],"curies":[{"name":"wp","href":"https:\/\/api.w.org\/{rel}","templated":true}]}}