{"id":2331,"date":"2016-09-03T15:02:40","date_gmt":"2016-09-03T15:02:40","guid":{"rendered":"http:\/\/dustlessblasting.sk\/udalosti\/"},"modified":"2019-10-11T16:58:25","modified_gmt":"2019-10-11T16:58:25","slug":"udalosti","status":"publish","type":"page","link":"https:\/\/dustlessblasting.sk\/cs\/udalosti\/","title":{"rendered":"Ud\u00e1losti"},"content":{"rendered":"<\/div><\/div><\/div><!-- close content main div --><\/div><\/div><div id='subpage-header' class='avia-section main_color avia-section-small avia-no-shadow avia-bg-style-scroll  av-minimum-height av-minimum-height-custom container_wrap fullsize' style = 'background-repeat: no-repeat; background-image: url(https:\/\/dustlessblasting.sk\/dstlssblstng17\/wp-content\/uploads\/subpage-background.jpg); background-attachment: scroll; background-position: top left; ' data-section-bg-repeat='no-repeat' ><div class='container' style='height:293px'><div class='template-page content  av-content-full alpha units'><div class='post-entry post-entry-type-page post-entry-2331'><div class='entry-content-wrapper clearfix'>\n<div style='padding-bottom:10px;color:#ffffff;' class='av-special-heading av-special-heading-h1 custom-color-heading blockquote modern-quote modern-centered '><h1 class='av-special-heading-tag'  itemprop=\"headline\"  >Ud\u00e1losti<\/h1><div class='special-heading-border'><div class='special-heading-inner-border' style='border-color:#ffffff'><\/div><\/div><\/div>\n<div class='flex_column_table av-equal-height-column-flextable' ><div class=\"flex_column av_one_fourth  no_margin flex_column_table_cell av-equal-height-column av-align-middle first  \" style='border-width:1px; border-color:#ffffff; border-style:solid; padding:10px 0px 10px 0px ; background-color:#d4d4d4; border-radius:0px; '><div class='avia-image-container  av-styling-   avia-align-center '  itemscope=\"itemscope\" itemtype=\"https:\/\/schema.org\/ImageObject\"  ><div class='avia-image-container-inner'><a href='http:\/\/www.oldtimershow.hu\/tajekoztatok\/kulfoldi\/cz.html' class='avia_image'  ><img class='avia_image ' src='https:\/\/dustlessblasting.sk\/dstlssblstng17\/wp-content\/uploads\/oldtimer-300x154.jpg' alt='' title='oldtimer'  itemprop=\"contentURL\"  \/><\/a><\/div><\/div><\/div><\/p>\n<div class=\"flex_column av_one_fourth  no_margin flex_column_table_cell av-equal-height-column av-align-middle av-zero-column-padding   \" style='border-width:1px; border-color:#ffffff; border-style:solid; background-color:#d4d4d4; border-radius:0px; '><section class=\"av_textblock_section\"  itemscope=\"itemscope\" itemtype=\"https:\/\/schema.org\/CreativeWork\" ><div class='avia_textblock '   itemprop=\"text\" ><p style=\"text-align: center;\"><span id=\"result_box\" class=\"\" lang=\"cs\"><span class=\"\">Oldtimer<\/span> <span class=\"\">Show<\/span> 7. &#8211; 9. <span class=\"\">duben<\/span> <span class=\"\">2017<\/span><br \/>\n<span class=\"\">Budape\u0161\u0165<\/span><span class=\"\">,<\/span> <span class=\"\">Park<\/span> <span class=\"\">ma\u010farsk\u00e9<\/span> <span class=\"\">\u017eeleznice<\/span><\/span><\/p>\n<\/div><\/section><\/div>\n<div class=\"flex_column av_one_fourth  no_margin flex_column_table_cell av-equal-height-column av-align-middle av-zero-column-padding   \" style='border-width:1px; border-color:#ffffff; border-style:solid; background-color:#d4d4d4; border-radius:0px; '><section class=\"av_textblock_section\"  itemscope=\"itemscope\" itemtype=\"https:\/\/schema.org\/CreativeWork\" ><div class='avia_textblock '   itemprop=\"text\" ><p style=\"text-align: center;\"><span id=\"result_box\" class=\"\" lang=\"cs\">07-09. duben 2017<br \/>\nOtev\u0159eno: (P\u00e1 13: 00-18: 00, v sobotu a ned\u011bli 09: 00-18: <span class=\"\">00<\/span>)<\/span><\/p>\n<\/div><\/section><\/div>\n<div class=\"flex_column av_one_fourth  no_margin flex_column_table_cell av-equal-height-column av-align-middle av-zero-column-padding   \" style='border-width:1px; border-color:#ffffff; border-style:solid; background-color:#d4d4d4; border-radius:0px; '><section class=\"av_textblock_section\"  itemscope=\"itemscope\" itemtype=\"https:\/\/schema.org\/CreativeWork\" ><div class='avia_textblock '   itemprop=\"text\" ><p style=\"text-align: center;\"><span id=\"result_box\" class=\"\" lang=\"cs\">Ma\u010farsk\u00fd Railway History Park<br \/>\nAdresa: 1142 Budapest, Tatai silni\u010dn\u00ed 95<span class=\"\">.<\/span><\/span>ork<\/p>\n<\/div><\/section><\/div><\/div><!--close column table wrapper. Autoclose:  -->\n<div class='av-countdown-timer av-align-center av-default-style '  data-year='2017' data-month='3' data-day='07' data-hour='13' data-minute='0' data-interval='1000' data-maximum='5' ><span class='av-countdown-timer-inner'><span class='av-countdown-cell av-countdown-weeks'><span class='av-countdown-cell-inner'><span class='av-countdown-time' data-upate-width='weeks' style=''>0<\/span><span class='av-countdown-time-label' data-label='Week' data-label-multi='Weeks'>Weeks<\/span><\/span><\/span><span class='av-countdown-cell av-countdown-days'><span class='av-countdown-cell-inner'><span class='av-countdown-time' data-upate-width='days' style=''>0<\/span><span class='av-countdown-time-label' data-label='Day' data-label-multi='Days'>Days<\/span><\/span><\/span><span class='av-countdown-cell av-countdown-hours'><span class='av-countdown-cell-inner'><span class='av-countdown-time' data-upate-width='hours' style=''>0<\/span><span class='av-countdown-time-label' data-label='Hour' data-label-multi='Hours'>Hours<\/span><\/span><\/span><span class='av-countdown-cell av-countdown-minutes'><span class='av-countdown-cell-inner'><span class='av-countdown-time' data-upate-width='minutes' style=''>0<\/span><span class='av-countdown-time-label' data-label='Minute' data-label-multi='Minutes'>Minutes<\/span><\/span><\/span><span class='av-countdown-cell av-countdown-seconds'><span class='av-countdown-cell-inner'><span class='av-countdown-time' data-upate-width='seconds' style=''>0<\/span><span class='av-countdown-time-label' data-label='Second' data-label-multi='Seconds'>Seconds<\/span><\/span><\/span><\/span><\/div>\n<div  class='avia-video avia-video-16-9  '  itemprop=\"video\" itemtype=\"https:\/\/schema.org\/VideoObject\" ><div class='avia-iframe-wrap'><iframe width=\"1500\" height=\"844\" src=\"https:\/\/www.youtube.com\/embed\/g3vo1BPtneA?feature=oembed\" frameborder=\"0\" allowfullscreen><\/iframe><\/div><\/div>\n<div class='avia-image-container  av-styling-   avia-align-center '  itemscope=\"itemscope\" itemtype=\"https:\/\/schema.org\/ImageObject\"  ><div class='avia-image-container-inner'><img class='avia_image ' src='https:\/\/dustlessblasting.sk\/dstlssblstng17\/wp-content\/uploads\/oldtimer-2.jpg' alt='' title='oldtimer'   itemprop=\"contentURL\"  \/><\/div><\/div>\n","protected":false},"excerpt":{"rendered":"","protected":false},"author":1,"featured_media":0,"parent":0,"menu_order":0,"comment_status":"closed","ping_status":"closed","template":"","meta":[],"_links":{"self":[{"href":"https:\/\/dustlessblasting.sk\/cs\/wp-json\/wp\/v2\/pages\/2331"}],"collection":[{"href":"https:\/\/dustlessblasting.sk\/cs\/wp-json\/wp\/v2\/pages"}],"about":[{"href":"https:\/\/dustlessblasting.sk\/cs\/wp-json\/wp\/v2\/types\/page"}],"author":[{"embeddable":true,"href":"https:\/\/dustlessblasting.sk\/cs\/wp-json\/wp\/v2\/users\/1"}],"replies":[{"embeddable":true,"href":"https:\/\/dustlessblasting.sk\/cs\/wp-json\/wp\/v2\/comments?post=2331"}],"version-history":[{"count":8,"href":"https:\/\/dustlessblasting.sk\/cs\/wp-json\/wp\/v2\/pages\/2331\/revisions"}],"predecessor-version":[{"id":3187,"href":"https:\/\/dustlessblasting.sk\/cs\/wp-json\/wp\/v2\/pages\/2331\/revisions\/3187"}],"wp:attachment":[{"href":"https:\/\/dustlessblasting.sk\/cs\/wp-json\/wp\/v2\/media?parent=2331"}],"curies":[{"name":"wp","href":"https:\/\/api.w.org\/{rel}","templated":true}]}}